{"id":1022,"date":"2024-08-07T12:37:10","date_gmt":"2024-08-07T10:37:10","guid":{"rendered":"https:\/\/carthage-tech.net\/demo\/geant\/?page_id=1022"},"modified":"2024-08-07T12:37:10","modified_gmt":"2024-08-07T10:37:10","slug":"cuisine-contemporain-2","status":"publish","type":"page","link":"https:\/\/geantdameublement.com\/?page_id=1022","title":{"rendered":"Cuisine Contemporain 2"},"content":{"rendered":"<div class=\"wpb-content-wrapper\"><p>[vc_row full_width=\u00a0\u00bbstretch_row_content_no_spaces\u00a0\u00bb][vc_column]<div id=\"cz_30992\" class=\"cz_30992 cz_banner clr\">\n\t\t\t<figure class=\"effect-style2\">\n\t\t\t\t<img decoding=\"async\" class=\"\" src=\"https:\/\/geantdameublement.com\/wp-content\/uploads\/2024\/08\/contemporain2-banner-1600x620.webp\" width=\"1600\" height=\"620\" alt=\"contemporain2-banner\" title=\"contemporain2-banner\" loading=\"lazy\" \/>\n\t\t\t\t<figcaption><div><h4>Atelier<\/h4><\/div><\/figcaption>\t\t\t\n\t\t\t<\/figure>\n\t\t<\/div><div id=\"cz_29255\" class=\"cz_29255 cz_title clr cz_title_pos_inline\"><div class=\"cz_title_content\"><span class=\"cz_line_side_solo\">_<\/span><div class=\"cz_wpe_content\"><p>FICHE TECHNIQUE<\/p>\n<\/div><\/div><\/div>[\/vc_column][\/vc_row][vc_row][vc_column]<div class=\"cz_gap clr \" style=\"height: 50px\"><\/div>[\/vc_column][\/vc_row][vc_row][vc_column width=\u00a0\u00bb1\/2&Prime;]<div id=\"cz_64235\" class=\"cz_64235 cz_title clr cz_title_pos_inline wpb_animate_when_almost_visible fadeInUp\"><div class=\"cz_title_content\"><div class=\"cz_wpe_content\"><p style=\"line-height: 1;\"><span style=\"font-size: 46px; font-weight: 200;\">LA MATIERE QUI FOURNIT<\/span><\/p>\n<\/div><\/div><\/div>[\/vc_column][vc_column width=\u00a0\u00bb1\/2&Prime;]<div id=\"cz_13727\" class=\"cz_13727 cz_title clr cz_title_pos_inline wpb_animate_when_almost_visible fadeInUp\"><div class=\"cz_title_content\"><div class=\"cz_wpe_content\"><p><span style=\"font-size: 19px; font-weight: 300;\">La r\u00e9sistance est ce que vous attendez d&rsquo;un plan de travail qui supporte les activit\u00e9s de pr\u00e9paration des aliments. Soumis \u00e0 un usage quotidien, il doit \u00eatre fonctionnel, durable et hygi\u00e9nique. Dans cette composition, nous avons utilis\u00e9 le plan de travail HPL avec bord Unicolor, ainsi appel\u00e9 parce que les couches superficielles, les couches internes et les bords des panneaux sont de la m\u00eame couleur. Ces panneaux sont hydrofuges et recouverts d&rsquo;une feuille de plastique haute pression, un mat\u00e9riau tr\u00e8s r\u00e9sistant \u00e0 l&rsquo;usage et \u00e0 la vapeur, aux rayures, \u00e0 la chaleur, aux taches, aux impacts et aux abrasions. <\/span><\/p>\n<\/div><\/div><\/div>[\/vc_column][\/vc_row][vc_row][vc_column]<div class=\"cz_gap clr \" style=\"height: 50px\"><\/div>[\/vc_column][\/vc_row][vc_row full_width=\u00a0\u00bbstretch_row_content_no_spaces\u00a0\u00bb][vc_column]<div id=\"cz_105492\" class=\"cz_105492 cz_image clr cz_image_no_fx center_on_mobile wpb_animate_when_almost_visible zoomIn\"><div class=\"\" ><div class=\"cz_image_in\"><div class=\"cz_main_image\"><img decoding=\"async\" width=\"2500\" height=\"1450\" src=\"https:\/\/geantdameublement.com\/wp-content\/uploads\/2024\/08\/contemporain2-1.webp\" class=\"attachment-full\" alt=\"\" title=\"contemporain2-1\" srcset=\"https:\/\/geantdameublement.com\/wp-content\/uploads\/2024\/08\/contemporain2-1.webp 2500w, https:\/\/geantdameublement.com\/wp-content\/uploads\/2024\/08\/contemporain2-1-300x174.webp 300w, https:\/\/geantdameublement.com\/wp-content\/uploads\/2024\/08\/contemporain2-1-1024x594.webp 1024w, https:\/\/geantdameublement.com\/wp-content\/uploads\/2024\/08\/contemporain2-1-768x445.webp 768w, https:\/\/geantdameublement.com\/wp-content\/uploads\/2024\/08\/contemporain2-1-1536x891.webp 1536w, https:\/\/geantdameublement.com\/wp-content\/uploads\/2024\/08\/contemporain2-1-2048x1188.webp 2048w, https:\/\/geantdameublement.com\/wp-content\/uploads\/2024\/08\/contemporain2-1-600x348.webp 600w\" sizes=\"(max-width: 2500px) 100vw, 2500px\" \/><\/div><\/div><\/div><\/div>[\/vc_column][\/vc_row][vc_row][vc_column]<div class=\"cz_gap clr \" style=\"height: 50px\"><\/div>[\/vc_column][\/vc_row][vc_row full_width=\u00a0\u00bbstretch_row_content_no_spaces\u00a0\u00bb][vc_column width=\u00a0\u00bb1\/2&Prime;]<div id=\"cz_92200\" class=\"cz_92200 cz_image clr cz_image_no_fx center_on_mobile wpb_animate_when_almost_visible fadeInRight\"><div class=\"\" ><div class=\"cz_image_in\"><div class=\"cz_main_image\"><img decoding=\"async\" class=\"\" src=\"https:\/\/geantdameublement.com\/wp-content\/uploads\/2024\/08\/contemporain2-2-800x1250.webp\" width=\"800\" height=\"1250\" alt=\"contemporain2-2\" title=\"contemporain2-2\" loading=\"lazy\" \/><\/div><\/div><\/div><\/div>[\/vc_column][vc_column width=\u00a0\u00bb1\/2&Prime;]<div class=\"cz_gap clr \" style=\"height: 100px\"><\/div><div id=\"cz_37006\" class=\"cz_37006 cz_title clr cz_title_pos_inline wpb_animate_when_almost_visible fadeInUp\"><div class=\"cz_title_content\"><div class=\"cz_wpe_content\"><div style=\"line-height: 1;\"><span style=\"font-size: 46px; font-weight: 200;\">GARDE-MANGER MODULAIRE \u00c0 FA\u00c7ADE OUVERTE<\/span><\/div>\n<p>&nbsp;<\/p>\n<p><span style=\"font-size: 19px; font-weight: 300;\">Les armoires ouvertes MODULAR sont une ligne d&rsquo;accessoires con\u00e7ue pour augmenter la fonctionnalit\u00e9 de l&rsquo;espace de travail dans la cuisine gr\u00e2ce \u00e0 une paroi \u00e9quip\u00e9e d&rsquo;\u00e9l\u00e9ments en aluminium coextrud\u00e9 en finition brunie. Compos\u00e9s de parois minces de seulement 6 mm d&rsquo;\u00e9paisseur, ils sont dot\u00e9s d&rsquo;accessoires facilement amovibles et repositionnables et constituent une alternative fonctionnelle aux \u00e9tag\u00e8res ordinaires, permettant d&rsquo;avoir tout bien rang\u00e9 et \u00e0 port\u00e9e de main.<\/span><\/p>\n<\/div><\/div><\/div><div class=\"cz_gap clr \" style=\"height: 60px\"><\/div><div id=\"cz_45884\" class=\"cz_45884 cz_image clr cz_image_no_fx center_on_mobile wpb_animate_when_almost_visible fadeInUp\"><div class=\"\" ><div class=\"cz_image_in\"><div class=\"cz_main_image\"><img decoding=\"async\" class=\"\" src=\"https:\/\/geantdameublement.com\/wp-content\/uploads\/2024\/08\/contemporain2-3-600x700.webp\" width=\"600\" height=\"700\" alt=\"contemporain2-3\" title=\"contemporain2-3\" loading=\"lazy\" \/><\/div><\/div><\/div><\/div>[\/vc_column][\/vc_row][vc_row][vc_column]<div class=\"cz_gap clr \" style=\"height: 100px\"><\/div>[\/vc_column][\/vc_row][vc_row][vc_column]<div id=\"cz_82989\" class=\"cz_82989 cz_image clr cz_image_no_fx center_on_mobile wpb_animate_when_almost_visible zoomIn\"><div class=\"\" ><div class=\"cz_image_in\"><div class=\"cz_main_image\"><img decoding=\"async\" width=\"950\" height=\"800\" src=\"https:\/\/geantdameublement.com\/wp-content\/uploads\/2024\/08\/contemporain2-4.webp\" class=\"attachment-full\" alt=\"\" title=\"contemporain2-4\" srcset=\"https:\/\/geantdameublement.com\/wp-content\/uploads\/2024\/08\/contemporain2-4.webp 950w, https:\/\/geantdameublement.com\/wp-content\/uploads\/2024\/08\/contemporain2-4-300x253.webp 300w, https:\/\/geantdameublement.com\/wp-content\/uploads\/2024\/08\/contemporain2-4-768x647.webp 768w, https:\/\/geantdameublement.com\/wp-content\/uploads\/2024\/08\/contemporain2-4-600x505.webp 600w\" sizes=\"(max-width: 950px) 100vw, 950px\" \/><\/div><\/div><\/div><\/div>[\/vc_column][\/vc_row]<\/p>\n<\/div>","protected":false},"excerpt":{"rendered":"<p>[vc_row full_width=\u00a0\u00bbstretch_row_content_no_spaces\u00a0\u00bb][vc_column][\/vc_column][\/vc_row][vc_row][vc_column][\/vc_column][\/vc_row][vc_row][vc_column width=\u00a0\u00bb1\/2&Prime;][\/vc_column][vc_column width=\u00a0\u00bb1\/2&Prime;][\/vc_column][\/vc_row][vc_row][vc_column][\/vc_column][\/vc_row][vc_row full_width=\u00a0\u00bbstretch_row_content_no_spaces\u00a0\u00bb][vc_column][\/vc_column][\/vc_row][vc_row][vc_column][\/vc_column][\/vc_row][vc_row full_width=\u00a0\u00bbstretch_row_content_no_spaces\u00a0\u00bb][vc_column width=\u00a0\u00bb1\/2&Prime;][\/vc_column][vc_column width=\u00a0\u00bb1\/2&Prime;][\/vc_column][\/vc_row][vc_row][vc_column][\/vc_column][\/vc_row][vc_row][vc_column][\/vc_column][\/vc_row] &#8230; <\/p>\n","protected":false},"author":1,"featured_media":0,"parent":1909,"menu_order":0,"comment_status":"closed","ping_status":"closed","template":"","meta":{"footnotes":""},"class_list":["post-1022","page","type-page","status-publish","hentry"],"_links":{"self":[{"href":"https:\/\/geantdameublement.com\/index.php?rest_route=\/wp\/v2\/pages\/1022","targetHints":{"allow":["GET"]}}],"collection":[{"href":"https:\/\/geantdameublement.com\/index.php?rest_route=\/wp\/v2\/pages"}],"about":[{"href":"https:\/\/geantdameublement.com\/index.php?rest_route=\/wp\/v2\/types\/page"}],"author":[{"embeddable":true,"href":"https:\/\/geantdameublement.com\/index.php?rest_route=\/wp\/v2\/users\/1"}],"replies":[{"embeddable":true,"href":"https:\/\/geantdameublement.com\/index.php?rest_route=%2Fwp%2Fv2%2Fcomments&post=1022"}],"version-history":[{"count":0,"href":"https:\/\/geantdameublement.com\/index.php?rest_route=\/wp\/v2\/pages\/1022\/revisions"}],"up":[{"embeddable":true,"href":"https:\/\/geantdameublement.com\/index.php?rest_route=\/wp\/v2\/pages\/1909"}],"wp:attachment":[{"href":"https:\/\/geantdameublement.com\/index.php?rest_route=%2Fwp%2Fv2%2Fmedia&parent=1022"}],"curies":[{"name":"wp","href":"https:\/\/api.w.org\/{rel}","templated":true}]}}