{"id":1031,"date":"2024-08-07T12:47:14","date_gmt":"2024-08-07T10:47:14","guid":{"rendered":"https:\/\/carthage-tech.net\/demo\/geant\/?page_id=1031"},"modified":"2024-08-07T12:47:14","modified_gmt":"2024-08-07T10:47:14","slug":"cuisine-contemporain-3","status":"publish","type":"page","link":"https:\/\/geantdameublement.com\/?page_id=1031","title":{"rendered":"Cuisine Contemporain 3"},"content":{"rendered":"<div class=\"wpb-content-wrapper\"><p>[vc_row full_width=\u00a0\u00bbstretch_row_content_no_spaces\u00a0\u00bb][vc_column]<div id=\"cz_47627\" class=\"cz_47627 cz_banner clr\">\n\t\t\t<figure class=\"effect-style2\">\n\t\t\t\t<img decoding=\"async\" class=\"\" src=\"https:\/\/geantdameublement.com\/wp-content\/uploads\/2024\/08\/contemporain3-banner-1600x620.webp\" width=\"1600\" height=\"620\" alt=\"contemporain3-banner\" title=\"contemporain3-banner\" loading=\"lazy\" \/>\n\t\t\t\t<figcaption><div><h4>Atelier<\/h4><\/div><\/figcaption>\t\t\t\n\t\t\t<\/figure>\n\t\t<\/div><div id=\"cz_29255\" class=\"cz_29255 cz_title clr cz_title_pos_inline\"><div class=\"cz_title_content\"><span class=\"cz_line_side_solo\">_<\/span><div class=\"cz_wpe_content\"><p>FICHE TECHNIQUE<\/p>\n<\/div><\/div><\/div>[\/vc_column][\/vc_row][vc_row][vc_column]<div class=\"cz_gap clr \" style=\"height: 50px\"><\/div>[\/vc_column][\/vc_row][vc_row][vc_column width=\u00a0\u00bb1\/2&Prime;]<div id=\"cz_90821\" class=\"cz_90821 cz_title clr cz_title_pos_inline wpb_animate_when_almost_visible fadeInUp\"><div class=\"cz_title_content\"><div class=\"cz_wpe_content\"><p style=\"line-height: 1;\"><span style=\"font-size: 46px; font-weight: 200;\">UN PROJET POUR LA VIE<\/span><\/p>\n<\/div><\/div><\/div>[\/vc_column][vc_column width=\u00a0\u00bb1\/2&Prime;]<div id=\"cz_109417\" class=\"cz_109417 cz_title clr cz_title_pos_inline wpb_animate_when_almost_visible fadeInUp\"><div class=\"cz_title_content\"><div class=\"cz_wpe_content\"><p><span style=\"font-size: 19px; font-weight: 300;\">L&rsquo;utilisation du m\u00e9tal dans la cuisine, \u00e0 la fois comme \u00e9l\u00e9ment de caract\u00e9risation et comme \u00e9l\u00e9ment de personnalisation, conf\u00e8re un caract\u00e8re unique \u00e0 l&rsquo;ensemble de la composition. Les \u00e9l\u00e9ments m\u00e9talliques du syst\u00e8me VERTIGO, d\u00e9velopp\u00e9s verticalement, cr\u00e9ent un nouvel espace dans l&rsquo;environnement domestique.<br \/>\nLa vaste gamme de dimensions disponibles et la particularit\u00e9 de personnaliser le panneau arri\u00e8re et les \u00e9tag\u00e8res permettent d&rsquo;obtenir un mur \u00e9quip\u00e9 avec un effet a\u00e9r\u00e9 et dynamique, transformant la cuisine en un espace fonctionnel et polyvalent \u00e0 l&rsquo;encontre de la tendance \u00e0 dissimuler les d\u00e9tails. <\/span><\/p>\n<\/div><\/div><\/div>[\/vc_column][\/vc_row][vc_row][vc_column]<div class=\"cz_gap clr \" style=\"height: 50px\"><\/div>[\/vc_column][\/vc_row][vc_row full_width=\u00a0\u00bbstretch_row_content_no_spaces\u00a0\u00bb][vc_column]<div id=\"cz_59058\" class=\"cz_59058 cz_image clr cz_image_no_fx center_on_mobile wpb_animate_when_almost_visible zoomIn\"><div class=\"\" ><div class=\"cz_image_in\"><div class=\"cz_main_image\"><img decoding=\"async\" width=\"2500\" height=\"1450\" src=\"https:\/\/geantdameublement.com\/wp-content\/uploads\/2024\/08\/contemporain3-1.webp\" class=\"attachment-full\" alt=\"\" title=\"contemporain3-1\" srcset=\"https:\/\/geantdameublement.com\/wp-content\/uploads\/2024\/08\/contemporain3-1.webp 2500w, https:\/\/geantdameublement.com\/wp-content\/uploads\/2024\/08\/contemporain3-1-300x174.webp 300w, https:\/\/geantdameublement.com\/wp-content\/uploads\/2024\/08\/contemporain3-1-1024x594.webp 1024w, https:\/\/geantdameublement.com\/wp-content\/uploads\/2024\/08\/contemporain3-1-768x445.webp 768w, https:\/\/geantdameublement.com\/wp-content\/uploads\/2024\/08\/contemporain3-1-1536x891.webp 1536w, https:\/\/geantdameublement.com\/wp-content\/uploads\/2024\/08\/contemporain3-1-2048x1188.webp 2048w, https:\/\/geantdameublement.com\/wp-content\/uploads\/2024\/08\/contemporain3-1-600x348.webp 600w\" sizes=\"(max-width: 2500px) 100vw, 2500px\" \/><\/div><\/div><\/div><\/div>[\/vc_column][\/vc_row][vc_row][vc_column]<div class=\"cz_gap clr \" style=\"height: 50px\"><\/div>[\/vc_column][\/vc_row][vc_row][vc_column width=\u00a0\u00bb1\/6&Prime;][\/vc_column][vc_column width=\u00a0\u00bb2\/3&Prime;]<div id=\"cz_20554\" class=\"cz_20554 cz_title clr cz_title_pos_inline tac wpb_animate_when_almost_visible fadeInUp\"><div class=\"cz_title_content\"><div class=\"cz_wpe_content\"><p style=\"text-align: center;\"><span style=\"font-size: 19px; font-weight: 300;\">VERTIGO est un syst\u00e8me compos\u00e9 de modules tubulaires quadrangulaires de 20&#215;20 mm qui permet de nombreuses compositions tout en conservant une uniformit\u00e9 esth\u00e9tique.<\/span><br \/>\n<span style=\"font-size: 19px; font-weight: 300;\">Utilis\u00e9s comme garde-manger ouverts et inclus dans le syst\u00e8me d&rsquo;\u00e9l\u00e9ments hauts de cette cuisine, ils deviennent extr\u00eamement fonctionnels et donnent un effet de mouvement \u00e0 l&rsquo;ensemble de la composition ATELIER avec des fa\u00e7ades en Fr\u00eane d\u00e9cap\u00e9 laqu\u00e9 Ecru. Ces \u00e9l\u00e9ments jouent avec le design \u00ab\u00a0all-atsight\u00a0\u00bb en tant que r\u00e9cipients toujours accessibles en laissant \u00e0 port\u00e9e de main les objets utilis\u00e9s fr\u00e9quemment.<\/span><\/p>\n<\/div><\/div><\/div>[\/vc_column][vc_column width=\u00a0\u00bb1\/6&Prime;][\/vc_column][\/vc_row][vc_row][vc_column]<div class=\"cz_gap clr \" style=\"height: 50px\"><\/div>[\/vc_column][\/vc_row][vc_row full_width=\u00a0\u00bbstretch_row_content_no_spaces\u00a0\u00bb][vc_column width=\u00a0\u00bb1\/3&Prime;]<div id=\"cz_54789\" class=\"cz_54789 cz_image clr cz_image_no_fx center_on_mobile wpb_animate_when_almost_visible fadeInUp\"><div class=\"\" ><div class=\"cz_image_in\"><div class=\"cz_main_image\"><img decoding=\"async\" width=\"600\" height=\"750\" src=\"https:\/\/geantdameublement.com\/wp-content\/uploads\/2024\/08\/contemporain3-2.webp\" class=\"attachment-full\" alt=\"\" title=\"contemporain3-2\" srcset=\"https:\/\/geantdameublement.com\/wp-content\/uploads\/2024\/08\/contemporain3-2.webp 600w, https:\/\/geantdameublement.com\/wp-content\/uploads\/2024\/08\/contemporain3-2-240x300.webp 240w\" sizes=\"(max-width: 600px) 100vw, 600px\" \/><\/div><\/div><\/div><\/div>[\/vc_column][vc_column width=\u00a0\u00bb1\/3&Prime;]<div id=\"cz_93776\" class=\"cz_93776 cz_image clr cz_image_no_fx center_on_mobile wpb_animate_when_almost_visible fadeInUp\"><div class=\"\" ><div class=\"cz_image_in\"><div class=\"cz_main_image\"><img decoding=\"async\" width=\"600\" height=\"750\" src=\"https:\/\/geantdameublement.com\/wp-content\/uploads\/2024\/08\/contemporain3-3.webp\" class=\"attachment-full\" alt=\"\" title=\"contemporain3-3\" srcset=\"https:\/\/geantdameublement.com\/wp-content\/uploads\/2024\/08\/contemporain3-3.webp 600w, https:\/\/geantdameublement.com\/wp-content\/uploads\/2024\/08\/contemporain3-3-240x300.webp 240w\" sizes=\"(max-width: 600px) 100vw, 600px\" \/><\/div><\/div><\/div><\/div>[\/vc_column][vc_column width=\u00a0\u00bb1\/3&Prime;]<div id=\"cz_27013\" class=\"cz_27013 cz_image clr cz_image_no_fx center_on_mobile wpb_animate_when_almost_visible fadeInUp\"><div class=\"\" ><div class=\"cz_image_in\"><div class=\"cz_main_image\"><img decoding=\"async\" width=\"600\" height=\"750\" src=\"https:\/\/geantdameublement.com\/wp-content\/uploads\/2024\/08\/contemporain3-4.webp\" class=\"attachment-full\" alt=\"\" title=\"contemporain3-4\" srcset=\"https:\/\/geantdameublement.com\/wp-content\/uploads\/2024\/08\/contemporain3-4.webp 600w, https:\/\/geantdameublement.com\/wp-content\/uploads\/2024\/08\/contemporain3-4-240x300.webp 240w\" sizes=\"(max-width: 600px) 100vw, 600px\" \/><\/div><\/div><\/div><\/div>[\/vc_column][\/vc_row][vc_row][vc_column]<div class=\"cz_gap clr \" style=\"height: 50px\"><\/div>[\/vc_column][\/vc_row][vc_row full_width=\u00a0\u00bbstretch_row_content_no_spaces\u00a0\u00bb][vc_column]<div id=\"cz_64115\" class=\"cz_64115 cz_image clr cz_image_no_fx center_on_mobile wpb_animate_when_almost_visible zoomIn\"><div class=\"\" ><div class=\"cz_image_in\"><div class=\"cz_main_image\"><img decoding=\"async\" width=\"2500\" height=\"1450\" src=\"https:\/\/geantdameublement.com\/wp-content\/uploads\/2024\/08\/contemporain3-5.webp\" class=\"attachment-full\" alt=\"\" title=\"contemporain3-5\" srcset=\"https:\/\/geantdameublement.com\/wp-content\/uploads\/2024\/08\/contemporain3-5.webp 2500w, https:\/\/geantdameublement.com\/wp-content\/uploads\/2024\/08\/contemporain3-5-300x174.webp 300w, https:\/\/geantdameublement.com\/wp-content\/uploads\/2024\/08\/contemporain3-5-1024x594.webp 1024w, https:\/\/geantdameublement.com\/wp-content\/uploads\/2024\/08\/contemporain3-5-768x445.webp 768w, https:\/\/geantdameublement.com\/wp-content\/uploads\/2024\/08\/contemporain3-5-1536x891.webp 1536w, https:\/\/geantdameublement.com\/wp-content\/uploads\/2024\/08\/contemporain3-5-2048x1188.webp 2048w, https:\/\/geantdameublement.com\/wp-content\/uploads\/2024\/08\/contemporain3-5-600x348.webp 600w\" sizes=\"(max-width: 2500px) 100vw, 2500px\" \/><\/div><\/div><\/div><\/div>[\/vc_column][\/vc_row][vc_row][vc_column]<div class=\"cz_gap clr \" style=\"height: 50px\"><\/div>[\/vc_column][\/vc_row][vc_row full_width=\u00a0\u00bbstretch_row_content_no_spaces\u00a0\u00bb][vc_column width=\u00a0\u00bb1\/2&Prime;]<div id=\"cz_49692\" class=\"cz_49692 cz_image clr cz_image_no_fx center_on_mobile wpb_animate_when_almost_visible fadeInRight\"><div class=\"\" ><div class=\"cz_image_in\"><div class=\"cz_main_image\"><img decoding=\"async\" class=\"\" src=\"https:\/\/geantdameublement.com\/wp-content\/uploads\/2024\/08\/contemporain3-6-800x1100.webp\" width=\"800\" height=\"1100\" alt=\"contemporain3-6\" title=\"contemporain3-6\" loading=\"lazy\" \/><\/div><\/div><\/div><\/div>[\/vc_column][vc_column width=\u00a0\u00bb1\/2&Prime;]<div class=\"cz_gap clr \" style=\"height: 50px\"><\/div><div id=\"cz_65209\" class=\"cz_65209 cz_title clr cz_title_pos_inline wpb_animate_when_almost_visible fadeInUp\"><div class=\"cz_title_content\"><div class=\"cz_wpe_content\"><p><span style=\"font-size: 19px; font-weight: 300;\">A l&rsquo;int\u00e9rieur de l&rsquo;angle, nous mettons en \u00e9vidence le m\u00e9canisme de fermeture douce SIGE 350 ME avec quatre paniers en t\u00f4le peinte. Il s&rsquo;agit d&rsquo;\u00e9quipements qui fa\u00e7onnent et redessinent les espaces des armoires de cuisine, en donnant la possibilit\u00e9 de g\u00e9rer les diff\u00e9rents besoins de mani\u00e8re confortable et fonctionnelle. Les couleurs sophistiqu\u00e9es de ces accessoires se m\u00e9langent aux tons des mat\u00e9riaux naturels de l&rsquo;ameublement, cr\u00e9ant un go\u00fbt esth\u00e9tique \u00e9l\u00e9gant, comme le montre le plan de travail en ch\u00eane noueux naturel, projet\u00e9 sur le plan de travail en HPL Akita avec bord Unicolor.<\/span><\/p>\n<\/div><\/div><\/div><div class=\"cz_gap clr \" style=\"height: 50px\"><\/div><div id=\"cz_51132\" class=\"cz_51132 cz_image clr cz_image_no_fx center_on_mobile wpb_animate_when_almost_visible fadeInUp\"><div class=\"\" ><div class=\"cz_image_in\"><div class=\"cz_main_image\"><img decoding=\"async\" class=\"\" src=\"https:\/\/geantdameublement.com\/wp-content\/uploads\/2024\/08\/contemporain3-7-600x700.webp\" width=\"600\" height=\"700\" alt=\"contemporain3-7\" title=\"contemporain3-7\" loading=\"lazy\" \/><\/div><\/div><\/div><\/div>[\/vc_column][\/vc_row][vc_row full_width=\u00a0\u00bbstretch_row_content_no_spaces\u00a0\u00bb][vc_column]<div class=\"cz_gap clr \" style=\"height: 100px\"><\/div>[\/vc_column][\/vc_row][vc_row full_width=\u00a0\u00bbstretch_row_content_no_spaces\u00a0\u00bb][vc_column]<div id=\"cz_18279\" class=\"cz_18279 cz_image clr cz_image_no_fx center_on_mobile wpb_animate_when_almost_visible zoomIn\"><div class=\"\" ><div class=\"cz_image_in\"><div class=\"cz_main_image\"><img decoding=\"async\" width=\"2500\" height=\"1450\" src=\"https:\/\/geantdameublement.com\/wp-content\/uploads\/2024\/08\/contemporain3-8.webp\" class=\"attachment-full\" alt=\"\" title=\"contemporain3-8\" srcset=\"https:\/\/geantdameublement.com\/wp-content\/uploads\/2024\/08\/contemporain3-8.webp 2500w, https:\/\/geantdameublement.com\/wp-content\/uploads\/2024\/08\/contemporain3-8-300x174.webp 300w, https:\/\/geantdameublement.com\/wp-content\/uploads\/2024\/08\/contemporain3-8-1024x594.webp 1024w, https:\/\/geantdameublement.com\/wp-content\/uploads\/2024\/08\/contemporain3-8-768x445.webp 768w, https:\/\/geantdameublement.com\/wp-content\/uploads\/2024\/08\/contemporain3-8-1536x891.webp 1536w, https:\/\/geantdameublement.com\/wp-content\/uploads\/2024\/08\/contemporain3-8-2048x1188.webp 2048w, https:\/\/geantdameublement.com\/wp-content\/uploads\/2024\/08\/contemporain3-8-600x348.webp 600w\" sizes=\"(max-width: 2500px) 100vw, 2500px\" \/><\/div><\/div><\/div><\/div>[\/vc_column][\/vc_row][vc_row][vc_column]<div class=\"cz_gap clr \" style=\"height: 100px\"><\/div>[\/vc_column][\/vc_row][vc_row full_width=\u00a0\u00bbstretch_row_content_no_spaces\u00a0\u00bb][vc_column width=\u00a0\u00bb1\/2&Prime;]<div class=\"cz_gap clr \" style=\"height: 110px\"><\/div><div id=\"cz_104756\" class=\"cz_104756 cz_title clr cz_title_pos_inline wpb_animate_when_almost_visible fadeInUp\"><div class=\"cz_title_content\"><div class=\"cz_wpe_content\"><p><span style=\"font-size: 19px; font-weight: 300;\">Plafond bas, lumi\u00e8re naturelle, finitions parfois rugueuses : un lieu de conversation apparemment non conventionnel, o\u00f9 les objets se rapportent aux reflets de l&rsquo;unit\u00e9 en verre. Les portes en verre sont un \u00e9l\u00e9ment de forte caract\u00e9risation et repr\u00e9sentent un choix intemporel qui donne un r\u00f4le de premier plan \u00e0 la salle de s\u00e9jour dans l&rsquo;environnement domestique. Les \u00e9tag\u00e8res en verre donnent encore plus de l\u00e9g\u00e8ret\u00e9 et d&rsquo;\u00e9l\u00e9gance \u00e0 la composition, en permettant \u00e0 la lumi\u00e8re de rayonner sans obstacles \u00e0 l&rsquo;int\u00e9rieur de tout l&rsquo;espace et en donnant ainsi une agr\u00e9able sensation de raffinement.<\/span><\/p>\n<\/div><\/div><\/div><div class=\"cz_gap clr \" style=\"height: 80px\"><\/div><div id=\"cz_41418\" class=\"cz_41418 cz_image clr cz_image_no_fx center_on_mobile wpb_animate_when_almost_visible fadeInUp\"><div class=\"\" ><div class=\"cz_image_in\"><div class=\"cz_main_image\"><img decoding=\"async\" class=\"\" src=\"https:\/\/geantdameublement.com\/wp-content\/uploads\/2024\/08\/contemporain3-9-600x700.webp\" width=\"600\" height=\"700\" alt=\"contemporain3-9\" title=\"contemporain3-9\" loading=\"lazy\" \/><\/div><\/div><\/div><\/div>[\/vc_column][vc_column width=\u00a0\u00bb1\/2&Prime;]<div id=\"cz_48325\" class=\"cz_48325 cz_image clr cz_image_no_fx center_on_mobile wpb_animate_when_almost_visible fadeInRight\"><div class=\"\" ><div class=\"cz_image_in\"><div class=\"cz_main_image\"><img decoding=\"async\" class=\"\" src=\"https:\/\/geantdameublement.com\/wp-content\/uploads\/2024\/08\/contemporain3-10-800x1200.webp\" width=\"800\" height=\"1200\" alt=\"contemporain3-10\" title=\"contemporain3-10\" loading=\"lazy\" \/><\/div><\/div><\/div><\/div>[\/vc_column][\/vc_row][vc_row][vc_column]<div class=\"cz_gap clr \" style=\"height: 50px\"><\/div>[\/vc_column][\/vc_row][vc_row][vc_column]<div id=\"cz_82195\" class=\"cz_82195 cz_image clr cz_image_no_fx center_on_mobile wpb_animate_when_almost_visible zoomIn\"><div class=\"\" ><div class=\"cz_image_in\"><div class=\"cz_main_image\"><img decoding=\"async\" width=\"950\" height=\"800\" src=\"https:\/\/geantdameublement.com\/wp-content\/uploads\/2024\/08\/contemporain3-11.webp\" class=\"attachment-full\" alt=\"\" title=\"contemporain3-11\" srcset=\"https:\/\/geantdameublement.com\/wp-content\/uploads\/2024\/08\/contemporain3-11.webp 950w, https:\/\/geantdameublement.com\/wp-content\/uploads\/2024\/08\/contemporain3-11-300x253.webp 300w, https:\/\/geantdameublement.com\/wp-content\/uploads\/2024\/08\/contemporain3-11-768x647.webp 768w, https:\/\/geantdameublement.com\/wp-content\/uploads\/2024\/08\/contemporain3-11-600x505.webp 600w\" sizes=\"(max-width: 950px) 100vw, 950px\" \/><\/div><\/div><\/div><\/div>[\/vc_column][\/vc_row]<\/p>\n<\/div>","protected":false},"excerpt":{"rendered":"<p>[vc_row full_width=\u00a0\u00bbstretch_row_content_no_spaces\u00a0\u00bb][vc_column][\/vc_column][\/vc_row][vc_row][vc_column][\/vc_column][\/vc_row][vc_row][vc_column width=\u00a0\u00bb1\/2&Prime;][\/vc_column][vc_column width=\u00a0\u00bb1\/2&Prime;][\/vc_column][\/vc_row][vc_row][vc_column][\/vc_column][\/vc_row][vc_row full_width=\u00a0\u00bbstretch_row_content_no_spaces\u00a0\u00bb][vc_column][\/vc_column][\/vc_row][vc_row][vc_column][\/vc_column][\/vc_row][vc_row][vc_column width=\u00a0\u00bb1\/6&Prime;][\/vc_column][vc_column width=\u00a0\u00bb2\/3&Prime;][\/vc_column][vc_column width=\u00a0\u00bb1\/6&Prime;][\/vc_column][\/vc_row][vc_row][vc_column][\/vc_column][\/vc_row][vc_row full_width=\u00a0\u00bbstretch_row_content_no_spaces\u00a0\u00bb][vc_column width=\u00a0\u00bb1\/3&Prime;][\/vc_column][vc_column width=\u00a0\u00bb1\/3&Prime;][\/vc_column][vc_column &#8230; <\/p>\n","protected":false},"author":1,"featured_media":0,"parent":1909,"menu_order":0,"comment_status":"closed","ping_status":"closed","template":"","meta":{"footnotes":""},"class_list":["post-1031","page","type-page","status-publish","hentry"],"_links":{"self":[{"href":"https:\/\/geantdameublement.com\/index.php?rest_route=\/wp\/v2\/pages\/1031","targetHints":{"allow":["GET"]}}],"collection":[{"href":"https:\/\/geantdameublement.com\/index.php?rest_route=\/wp\/v2\/pages"}],"about":[{"href":"https:\/\/geantdameublement.com\/index.php?rest_route=\/wp\/v2\/types\/page"}],"author":[{"embeddable":true,"href":"https:\/\/geantdameublement.com\/index.php?rest_route=\/wp\/v2\/users\/1"}],"replies":[{"embeddable":true,"href":"https:\/\/geantdameublement.com\/index.php?rest_route=%2Fwp%2Fv2%2Fcomments&post=1031"}],"version-history":[{"count":0,"href":"https:\/\/geantdameublement.com\/index.php?rest_route=\/wp\/v2\/pages\/1031\/revisions"}],"up":[{"embeddable":true,"href":"https:\/\/geantdameublement.com\/index.php?rest_route=\/wp\/v2\/pages\/1909"}],"wp:attachment":[{"href":"https:\/\/geantdameublement.com\/index.php?rest_route=%2Fwp%2Fv2%2Fmedia&parent=1031"}],"curies":[{"name":"wp","href":"https:\/\/api.w.org\/{rel}","templated":true}]}}