{"id":1047,"date":"2024-08-07T13:38:32","date_gmt":"2024-08-07T11:38:32","guid":{"rendered":"https:\/\/carthage-tech.net\/demo\/geant\/?page_id=1047"},"modified":"2024-11-11T20:26:12","modified_gmt":"2024-11-11T20:26:12","slug":"cuisine-contemporain-4","status":"publish","type":"page","link":"https:\/\/geantdameublement.com\/?page_id=1047","title":{"rendered":"Cuisine Contemporain 4"},"content":{"rendered":"<div class=\"wpb-content-wrapper\"><p>[vc_row full_width=\u00a0\u00bbstretch_row_content_no_spaces\u00a0\u00bb][vc_column]<div id=\"cz_13471\" class=\"cz_13471 cz_banner clr\">\n\t\t\t<figure class=\"effect-style2\">\n\t\t\t\t<img decoding=\"async\" class=\"\" src=\"https:\/\/geantdameublement.com\/wp-content\/uploads\/2024\/08\/contemporain4-banner-1600x620.webp\" width=\"1600\" height=\"620\" alt=\"contemporain4-banner\" title=\"contemporain4-banner\" loading=\"lazy\" \/>\n\t\t\t\t<figcaption><div><h4>Atelier<\/h4><\/div><\/figcaption>\t\t\t\n\t\t\t<\/figure>\n\t\t<\/div><div id=\"cz_29255\" class=\"cz_29255 cz_title clr cz_title_pos_inline\"><div class=\"cz_title_content\"><span class=\"cz_line_side_solo\">_<\/span><div class=\"cz_wpe_content\"><p>FICHE TECHNIQUE<\/p>\n<\/div><\/div><\/div>[\/vc_column][\/vc_row][vc_row][vc_column]<div class=\"cz_gap clr \" style=\"height: 50px\"><\/div>[\/vc_column][\/vc_row][vc_row][vc_column width=\u00a0\u00bb1\/2&Prime;]<div id=\"cz_90821\" class=\"cz_90821 cz_title clr cz_title_pos_inline wpb_animate_when_almost_visible fadeInUp\"><div class=\"cz_title_content\"><div class=\"cz_wpe_content\"><p style=\"line-height: 1;\"><span style=\"font-size: 46px; font-weight: 200;\">UN PROJET POUR LA VIE<\/span><\/p>\n<\/div><\/div><\/div>[\/vc_column][vc_column width=\u00a0\u00bb1\/2&Prime;]<div id=\"cz_75078\" class=\"cz_75078 cz_title clr cz_title_pos_inline wpb_animate_when_almost_visible fadeInUp\"><div class=\"cz_title_content\"><div class=\"cz_wpe_content\"><p><span style=\"font-size: 19px; font-weight: 300;\">\u00c9l\u00e9ments bas et \u00e9l\u00e9ments hauts Old Line en version laqu\u00e9e Argilla decap\u00e8. Colonnes et \u00e9l\u00e9ments suspendus en porte-\u00e0-faux SP.22 et \u00e9l\u00e9ments suspendus en stratifi\u00e9 textur\u00e9 Resina Grafite. Le plan de travail est en Pulpis Dark stratifi\u00e9, avec l&rsquo;\u00e9vier int\u00e9gr\u00e9 Schock en quartz cristal noir absolu. La poign\u00e9e Factory a \u00e9t\u00e9 pr\u00e9f\u00e9r\u00e9e pour les fa\u00e7ades Old Line des meubles bas. La table Chiara avec le plateau en stratifi\u00e9 textur\u00e9 Resina Grafite et les chaises Mani avec structure et assise noires compl\u00e8tent la proposition, qui se refl\u00e8te dans les reflets des grandes fen\u00eatres de la cuisine. <\/span><\/p>\n<\/div><\/div><\/div>[\/vc_column][\/vc_row][vc_row][vc_column]<div class=\"cz_gap clr \" style=\"height: 50px\"><\/div>[\/vc_column][\/vc_row][vc_row full_width=\u00a0\u00bbstretch_row_content_no_spaces\u00a0\u00bb][vc_column]<div id=\"cz_24053\" class=\"cz_24053 cz_image clr cz_image_no_fx center_on_mobile wpb_animate_when_almost_visible zoomIn\"><div class=\"\" ><div class=\"cz_image_in\"><div class=\"cz_main_image\"><img decoding=\"async\" width=\"2500\" height=\"1450\" src=\"https:\/\/geantdameublement.com\/wp-content\/uploads\/2024\/08\/contemporain4-1.webp\" class=\"attachment-full\" alt=\"\" title=\"contemporain4-1\" srcset=\"https:\/\/geantdameublement.com\/wp-content\/uploads\/2024\/08\/contemporain4-1.webp 2500w, https:\/\/geantdameublement.com\/wp-content\/uploads\/2024\/08\/contemporain4-1-300x174.webp 300w, https:\/\/geantdameublement.com\/wp-content\/uploads\/2024\/08\/contemporain4-1-1024x594.webp 1024w, https:\/\/geantdameublement.com\/wp-content\/uploads\/2024\/08\/contemporain4-1-768x445.webp 768w, https:\/\/geantdameublement.com\/wp-content\/uploads\/2024\/08\/contemporain4-1-1536x891.webp 1536w, https:\/\/geantdameublement.com\/wp-content\/uploads\/2024\/08\/contemporain4-1-2048x1188.webp 2048w, https:\/\/geantdameublement.com\/wp-content\/uploads\/2024\/08\/contemporain4-1-600x348.webp 600w\" sizes=\"(max-width: 2500px) 100vw, 2500px\" \/><\/div><\/div><\/div><\/div>[\/vc_column][\/vc_row][vc_row][vc_column]<div class=\"cz_gap clr \" style=\"height: 50px\"><\/div>[\/vc_column][\/vc_row][vc_row full_width=\u00a0\u00bbstretch_row_content_no_spaces\u00a0\u00bb][vc_column width=\u00a0\u00bb1\/2&Prime;]<div class=\"cz_gap clr \" style=\"height: 110px\"><\/div><div id=\"cz_69072\" class=\"cz_69072 cz_title clr cz_title_pos_inline wpb_animate_when_almost_visible fadeInUp\"><div class=\"cz_title_content\"><div class=\"cz_wpe_content\"><p><span style=\"font-size: 46px; font-weight: 200;\">LAQUAGE D\u00c9CAP\u00c9<\/span><\/p>\n<p>&nbsp;<\/p>\n<p><span style=\"font-size: 19px; font-weight: 300;\">Le d\u00e9cap\u00e9 est une ancienne pratique d\u00e9corative de peinture sur bois, datant de la premi\u00e8re moiti\u00e9 du XVIIIe si\u00e8cle en France. Une couleur de base est appliqu\u00e9e sur la pigmentation de la surface en bois, qui est ensuite s\u00e9ch\u00e9e pendant un certain temps. On proc\u00e8de ensuite au recouvrement de la couleur qui doit \u00eatre bross\u00e9e, c&rsquo;est-\u00e0-dire celle qui ne p\u00e9n\u00e9trera que dans les pores du bois. Le contraste entre ces deux couleurs cr\u00e9e l&rsquo;effet d\u00e9cap\u00e9.<\/span><\/p>\n<\/div><\/div><\/div><div class=\"cz_gap clr \" style=\"height: 70px\"><\/div><div id=\"cz_49535\" class=\"cz_49535 cz_image clr cz_image_no_fx center_on_mobile wpb_animate_when_almost_visible fadeInUp\"><div class=\"\" ><div class=\"cz_image_in\"><div class=\"cz_main_image\"><img decoding=\"async\" class=\"\" src=\"https:\/\/geantdameublement.com\/wp-content\/uploads\/2024\/08\/contemporain4-2-600x700.webp\" width=\"600\" height=\"700\" alt=\"contemporain4-2\" title=\"contemporain4-2\" loading=\"lazy\" \/><\/div><\/div><\/div><\/div>[\/vc_column][vc_column width=\u00a0\u00bb1\/2&Prime;]<div id=\"cz_65870\" class=\"cz_65870 cz_image clr cz_image_no_fx center_on_mobile wpb_animate_when_almost_visible fadeInRight\"><div class=\"\" ><div class=\"cz_image_in\"><div class=\"cz_main_image\"><img decoding=\"async\" class=\"\" src=\"https:\/\/geantdameublement.com\/wp-content\/uploads\/2024\/08\/contemporain4-3-800x1200.webp\" width=\"800\" height=\"1200\" alt=\"contemporain4-3\" title=\"contemporain4-3\" loading=\"lazy\" \/><\/div><\/div><\/div><\/div>[\/vc_column][\/vc_row][vc_row][vc_column]<div class=\"cz_gap clr \" style=\"height: 50px\"><\/div>[\/vc_column][\/vc_row][vc_row full_width=\u00a0\u00bbstretch_row_content_no_spaces\u00a0\u00bb][vc_column width=\u00a0\u00bb1\/2&Prime;]<div id=\"cz_54192\" class=\"cz_54192 cz_image clr cz_image_no_fx center_on_mobile wpb_animate_when_almost_visible fadeInRight\"><div class=\"\" ><div class=\"cz_image_in\"><div class=\"cz_main_image\"><img decoding=\"async\" class=\"\" src=\"https:\/\/geantdameublement.com\/wp-content\/uploads\/2024\/08\/contemporain4-4-800x1100.webp\" width=\"800\" height=\"1100\" alt=\"contemporain4-4\" title=\"contemporain4-4\" loading=\"lazy\" \/><\/div><\/div><\/div><\/div>[\/vc_column][vc_column width=\u00a0\u00bb1\/2&Prime;]<div class=\"cz_gap clr \" style=\"height: 70px\"><\/div><div id=\"cz_29901\" class=\"cz_29901 cz_title clr cz_title_pos_inline wpb_animate_when_almost_visible fadeInUp\"><div class=\"cz_title_content\"><div class=\"cz_wpe_content\"><p><span style=\"font-size: 19px; font-weight: 300;\">Con\u00e7ue pour \u00e9liminer les dommages caus\u00e9s par les infiltrations d&rsquo;eau, de vapeur et d&rsquo;huile, la couche HPL est r\u00e9sistante \u00e0 la chaleur, aux rayures et \u00e0 l&rsquo;abrasion. Il s&rsquo;agit d&rsquo;un stratifi\u00e9 constitu\u00e9 \u00e0 l&rsquo;int\u00e9rieur de couches de fibres cellulosiques impr\u00e9gn\u00e9es de r\u00e9sines ph\u00e9noliques, tandis que les couches ext\u00e9rieures sont impr\u00e9gn\u00e9es de r\u00e9sines thermodurcissables. Pour cette raison, il est facile \u00e0 nettoyer et \u00e0 entretenir et il est propos\u00e9 comme plan de travail, avec la possibilit\u00e9 de demander des lavabos int\u00e9gr\u00e9s.<\/span><\/p>\n<\/div><\/div><\/div><div class=\"cz_gap clr \" style=\"height: 60px\"><\/div><div id=\"cz_31743\" class=\"cz_31743 cz_image clr cz_image_no_fx center_on_mobile wpb_animate_when_almost_visible fadeInUp\"><div class=\"\" ><div class=\"cz_image_in\"><div class=\"cz_main_image\"><img decoding=\"async\" class=\"\" src=\"https:\/\/geantdameublement.com\/wp-content\/uploads\/2024\/08\/contemporain4-5-600x700.webp\" width=\"600\" height=\"700\" alt=\"contemporain4-5\" title=\"contemporain4-5\" loading=\"lazy\" \/><\/div><\/div><\/div><\/div>[\/vc_column][\/vc_row][vc_row][vc_column]<div class=\"cz_gap clr \" style=\"height: 50px\"><\/div>[\/vc_column][\/vc_row][vc_row full_width=\u00a0\u00bbstretch_row_content_no_spaces\u00a0\u00bb][vc_column width=\u00a0\u00bb1\/2&Prime;]<div class=\"cz_gap clr \" style=\"height: 100px\"><\/div><div id=\"cz_62938\" class=\"cz_62938 cz_title clr cz_title_pos_inline wpb_animate_when_almost_visible fadeInUp\"><div class=\"cz_title_content\"><div class=\"cz_wpe_content\"><p><span style=\"font-size: 19px; font-weight: 200;\">Disponibles en diff\u00e9rentes tailles, les vitrines Telayo se caract\u00e9risent par un cadre m\u00e9tallique en finition Metal Grey avec une poign\u00e9e sur le c\u00f4t\u00e9. Elles contiennent un verre bronz\u00e9 fum\u00e9 et sont \u00e9quip\u00e9es de charni\u00e8res sp\u00e9ciales et performantes dissimul\u00e9es dans le profil de la porte. Le premier avantage de ce type de charni\u00e8re saute aux yeux : il s&rsquo;agit de \u00ab\u00a0cacher pour montrer\u00a0\u00bb. En effet, \u00e9tant invisibles de l&rsquo;ext\u00e9rieur, elles n&rsquo;alt\u00e8rent pas l&rsquo;esth\u00e9tique et le design du meuble. Les \u00e9tag\u00e8res en verre donnent encore plus de l\u00e9g\u00e8ret\u00e9 et d&rsquo;\u00e9l\u00e9gance \u00e0 la proposition, en permettant \u00e0 la lumi\u00e8re interne de rayonner sans entraves dans tout le compartiment.<\/span><\/p>\n<\/div><\/div><\/div><div class=\"cz_gap clr \" style=\"height: 60px\"><\/div><div id=\"cz_93301\" class=\"cz_93301 cz_image clr cz_image_no_fx center_on_mobile wpb_animate_when_almost_visible fadeInUp\"><div class=\"\" ><div class=\"cz_image_in\"><div class=\"cz_main_image\"><img decoding=\"async\" class=\"\" src=\"https:\/\/geantdameublement.com\/wp-content\/uploads\/2024\/08\/contemporain4-6-600x700.webp\" width=\"600\" height=\"700\" alt=\"contemporain4-6\" title=\"contemporain4-6\" loading=\"lazy\" \/><\/div><\/div><\/div><\/div>[\/vc_column][vc_column width=\u00a0\u00bb1\/2&Prime;]<div id=\"cz_11229\" class=\"cz_11229 cz_image clr cz_image_no_fx center_on_mobile wpb_animate_when_almost_visible fadeInRight\"><div class=\"\" ><div class=\"cz_image_in\"><div class=\"cz_main_image\"><img decoding=\"async\" class=\"\" src=\"https:\/\/geantdameublement.com\/wp-content\/uploads\/2024\/08\/contemporain4-7-800x1200.webp\" width=\"800\" height=\"1200\" alt=\"contemporain4-7\" title=\"contemporain4-7\" loading=\"lazy\" \/><\/div><\/div><\/div><\/div>[\/vc_column][\/vc_row][vc_row][vc_column]<div class=\"cz_gap clr \" style=\"height: 50px\"><\/div>[\/vc_column][\/vc_row][vc_row full_width=\u00a0\u00bbstretch_row_content_no_spaces\u00a0\u00bb][vc_column]<div id=\"cz_73609\" class=\"cz_73609 cz_image clr cz_image_no_fx center_on_mobile wpb_animate_when_almost_visible zoomIn\"><div class=\"\" ><div class=\"cz_image_in\"><div class=\"cz_main_image\"><img decoding=\"async\" width=\"2500\" height=\"1450\" src=\"https:\/\/geantdameublement.com\/wp-content\/uploads\/2024\/08\/contemporain4-8.webp\" class=\"attachment-full\" alt=\"\" title=\"contemporain4-8\" srcset=\"https:\/\/geantdameublement.com\/wp-content\/uploads\/2024\/08\/contemporain4-8.webp 2500w, https:\/\/geantdameublement.com\/wp-content\/uploads\/2024\/08\/contemporain4-8-300x174.webp 300w, https:\/\/geantdameublement.com\/wp-content\/uploads\/2024\/08\/contemporain4-8-1024x594.webp 1024w, https:\/\/geantdameublement.com\/wp-content\/uploads\/2024\/08\/contemporain4-8-768x445.webp 768w, https:\/\/geantdameublement.com\/wp-content\/uploads\/2024\/08\/contemporain4-8-1536x891.webp 1536w, https:\/\/geantdameublement.com\/wp-content\/uploads\/2024\/08\/contemporain4-8-2048x1188.webp 2048w, https:\/\/geantdameublement.com\/wp-content\/uploads\/2024\/08\/contemporain4-8-600x348.webp 600w\" sizes=\"(max-width: 2500px) 100vw, 2500px\" \/><\/div><\/div><\/div><\/div>[\/vc_column][\/vc_row][vc_row][vc_column]<div class=\"cz_gap clr \" style=\"height: 50px\"><\/div>[\/vc_column][\/vc_row][vc_row][vc_column width=\u00a0\u00bb1\/6&Prime;][\/vc_column][vc_column width=\u00a0\u00bb2\/3&Prime;]<div id=\"cz_42128\" class=\"cz_42128 cz_title clr cz_title_pos_inline tac wpb_animate_when_almost_visible fadeInUp\"><div class=\"cz_title_content\"><div class=\"cz_wpe_content\"><p style=\"text-align: center;\"><span style=\"font-size: 46px; font-weight: 200;\">Legrabox de Blum<\/span><\/p>\n<p>&nbsp;<\/p>\n<p style=\"text-align: center;\"><span style=\"font-size: 19px; font-weight: 300;\">Le tiroir Legrabox Silk Grey de Blum exprime le progr\u00e8s le plus avanc\u00e9 en mati\u00e8re de fonctionnalit\u00e9. Lin\u00e9aire, sobre et essentiel, il pr\u00e9sente des parois internes et externes droites, d&rsquo;une \u00e9paisseur \u00e9tonnamment fine de 12,8 mm seulement, qui s&rsquo;int\u00e8grent harmonieusement dans le meuble. Les paniers situ\u00e9s sous la zone de cuisson ont \u00e9t\u00e9 \u00e9quip\u00e9s des accessoires de la ligne Alux d&rsquo;Essetre, tandis que la pratique poubelle amovible \u00ab\u00a0571\u00a0\u00bb pour la base permet un tri s\u00e9lectif remarquable et facile.<\/span><\/p>\n<\/div><\/div><\/div>[\/vc_column][vc_column width=\u00a0\u00bb1\/6&Prime;][\/vc_column][\/vc_row][vc_row][vc_column]<div class=\"cz_gap clr \" style=\"height: 50px\"><\/div>[\/vc_column][\/vc_row][vc_row full_width=\u00a0\u00bbstretch_row_content_no_spaces\u00a0\u00bb][vc_column width=\u00a0\u00bb1\/2&Prime;]<div id=\"cz_25704\" class=\"cz_25704 cz_image clr cz_image_no_fx center_on_mobile wpb_animate_when_almost_visible fadeInUp\"><div class=\"\" ><div class=\"cz_image_in\"><div class=\"cz_main_image\"><img decoding=\"async\" width=\"1000\" height=\"1250\" src=\"https:\/\/geantdameublement.com\/wp-content\/uploads\/2024\/08\/contemporain4-9.webp\" class=\"attachment-full\" alt=\"\" title=\"contemporain4-9\" srcset=\"https:\/\/geantdameublement.com\/wp-content\/uploads\/2024\/08\/contemporain4-9.webp 1000w, https:\/\/geantdameublement.com\/wp-content\/uploads\/2024\/08\/contemporain4-9-240x300.webp 240w, https:\/\/geantdameublement.com\/wp-content\/uploads\/2024\/08\/contemporain4-9-819x1024.webp 819w, https:\/\/geantdameublement.com\/wp-content\/uploads\/2024\/08\/contemporain4-9-768x960.webp 768w, https:\/\/geantdameublement.com\/wp-content\/uploads\/2024\/08\/contemporain4-9-600x750.webp 600w\" sizes=\"(max-width: 1000px) 100vw, 1000px\" \/><\/div><\/div><\/div><\/div>[\/vc_column][vc_column width=\u00a0\u00bb1\/2&Prime;]<div id=\"cz_78176\" class=\"cz_78176 cz_image clr cz_image_no_fx center_on_mobile wpb_animate_when_almost_visible fadeInUp\"><div class=\"\" ><div class=\"cz_image_in\"><div class=\"cz_main_image\"><img decoding=\"async\" width=\"1000\" height=\"1250\" src=\"https:\/\/geantdameublement.com\/wp-content\/uploads\/2024\/08\/contemporain4-10.webp\" class=\"attachment-full\" alt=\"\" title=\"contemporain4-10\" srcset=\"https:\/\/geantdameublement.com\/wp-content\/uploads\/2024\/08\/contemporain4-10.webp 1000w, https:\/\/geantdameublement.com\/wp-content\/uploads\/2024\/08\/contemporain4-10-240x300.webp 240w, https:\/\/geantdameublement.com\/wp-content\/uploads\/2024\/08\/contemporain4-10-819x1024.webp 819w, https:\/\/geantdameublement.com\/wp-content\/uploads\/2024\/08\/contemporain4-10-768x960.webp 768w, https:\/\/geantdameublement.com\/wp-content\/uploads\/2024\/08\/contemporain4-10-600x750.webp 600w\" sizes=\"(max-width: 1000px) 100vw, 1000px\" \/><\/div><\/div><\/div><\/div>[\/vc_column][\/vc_row][vc_row][vc_column]<div class=\"cz_gap clr \" style=\"height: 50px\"><\/div>[\/vc_column][\/vc_row][vc_row][vc_column]<div id=\"cz_103725\" class=\"cz_103725 cz_image clr cz_image_no_fx center_on_mobile wpb_animate_when_almost_visible zoomIn\"><div class=\"\" ><div class=\"cz_image_in\"><div class=\"cz_main_image\"><img decoding=\"async\" width=\"950\" height=\"800\" src=\"https:\/\/geantdameublement.com\/wp-content\/uploads\/2024\/08\/contemporain4-11.webp\" class=\"attachment-full\" alt=\"\" title=\"contemporain4-11\" srcset=\"https:\/\/geantdameublement.com\/wp-content\/uploads\/2024\/08\/contemporain4-11.webp 950w, https:\/\/geantdameublement.com\/wp-content\/uploads\/2024\/08\/contemporain4-11-300x253.webp 300w, https:\/\/geantdameublement.com\/wp-content\/uploads\/2024\/08\/contemporain4-11-768x647.webp 768w, https:\/\/geantdameublement.com\/wp-content\/uploads\/2024\/08\/contemporain4-11-600x505.webp 600w\" sizes=\"(max-width: 950px) 100vw, 950px\" \/><\/div><\/div><\/div><\/div>[\/vc_column][\/vc_row]<\/p>\n<\/div>","protected":false},"excerpt":{"rendered":"<p>[vc_row full_width=\u00a0\u00bbstretch_row_content_no_spaces\u00a0\u00bb][vc_column][\/vc_column][\/vc_row][vc_row][vc_column][\/vc_column][\/vc_row][vc_row][vc_column width=\u00a0\u00bb1\/2&Prime;][\/vc_column][vc_column width=\u00a0\u00bb1\/2&Prime;][\/vc_column][\/vc_row][vc_row][vc_column][\/vc_column][\/vc_row][vc_row full_width=\u00a0\u00bbstretch_row_content_no_spaces\u00a0\u00bb][vc_column][\/vc_column][\/vc_row][vc_row][vc_column][\/vc_column][\/vc_row][vc_row full_width=\u00a0\u00bbstretch_row_content_no_spaces\u00a0\u00bb][vc_column width=\u00a0\u00bb1\/2&Prime;][\/vc_column][vc_column width=\u00a0\u00bb1\/2&Prime;][\/vc_column][\/vc_row][vc_row][vc_column][\/vc_column][\/vc_row][vc_row full_width=\u00a0\u00bbstretch_row_content_no_spaces\u00a0\u00bb][vc_column width=\u00a0\u00bb1\/2&Prime;][\/vc_column][vc_column width=\u00a0\u00bb1\/2&Prime;][\/vc_column][\/vc_row][vc_row][vc_column][\/vc_column][\/vc_row][vc_row &#8230; <\/p>\n","protected":false},"author":1,"featured_media":0,"parent":1909,"menu_order":0,"comment_status":"closed","ping_status":"closed","template":"","meta":{"footnotes":""},"class_list":["post-1047","page","type-page","status-publish","hentry"],"_links":{"self":[{"href":"https:\/\/geantdameublement.com\/index.php?rest_route=\/wp\/v2\/pages\/1047","targetHints":{"allow":["GET"]}}],"collection":[{"href":"https:\/\/geantdameublement.com\/index.php?rest_route=\/wp\/v2\/pages"}],"about":[{"href":"https:\/\/geantdameublement.com\/index.php?rest_route=\/wp\/v2\/types\/page"}],"author":[{"embeddable":true,"href":"https:\/\/geantdameublement.com\/index.php?rest_route=\/wp\/v2\/users\/1"}],"replies":[{"embeddable":true,"href":"https:\/\/geantdameublement.com\/index.php?rest_route=%2Fwp%2Fv2%2Fcomments&post=1047"}],"version-history":[{"count":0,"href":"https:\/\/geantdameublement.com\/index.php?rest_route=\/wp\/v2\/pages\/1047\/revisions"}],"up":[{"embeddable":true,"href":"https:\/\/geantdameublement.com\/index.php?rest_route=\/wp\/v2\/pages\/1909"}],"wp:attachment":[{"href":"https:\/\/geantdameublement.com\/index.php?rest_route=%2Fwp%2Fv2%2Fmedia&parent=1047"}],"curies":[{"name":"wp","href":"https:\/\/api.w.org\/{rel}","templated":true}]}}