{"id":1114,"date":"2024-08-07T14:33:47","date_gmt":"2024-08-07T12:33:47","guid":{"rendered":"https:\/\/carthage-tech.net\/demo\/geant\/?page_id=1114"},"modified":"2024-08-07T14:33:47","modified_gmt":"2024-08-07T12:33:47","slug":"cuisine-contemporain-8","status":"publish","type":"page","link":"https:\/\/geantdameublement.com\/?page_id=1114","title":{"rendered":"Cuisine Contemporain 8"},"content":{"rendered":"<div class=\"wpb-content-wrapper\"><p>[vc_row full_width=\u00a0\u00bbstretch_row_content_no_spaces\u00a0\u00bb][vc_column]<div id=\"cz_34142\" class=\"cz_34142 cz_banner clr\">\n\t\t\t<figure class=\"effect-style2\">\n\t\t\t\t<img decoding=\"async\" class=\"\" src=\"https:\/\/geantdameublement.com\/wp-content\/uploads\/2024\/08\/contemporain8-banner-1600x620.webp\" width=\"1600\" height=\"620\" alt=\"contemporain8-banner\" title=\"contemporain8-banner\" loading=\"lazy\" \/>\n\t\t\t\t<figcaption><div><h4>Aurora<\/h4><\/div><\/figcaption>\t\t\t\n\t\t\t<\/figure>\n\t\t<\/div><div id=\"cz_29255\" class=\"cz_29255 cz_title clr cz_title_pos_inline\"><div class=\"cz_title_content\"><span class=\"cz_line_side_solo\">_<\/span><div class=\"cz_wpe_content\"><p>FICHE TECHNIQUE<\/p>\n<\/div><\/div><\/div>[\/vc_column][\/vc_row][vc_row][vc_column]<div class=\"cz_gap clr \" style=\"height: 50px\"><\/div>[\/vc_column][\/vc_row][vc_row][vc_column width=\u00a0\u00bb1\/2&Prime;]<div id=\"cz_34659\" class=\"cz_34659 cz_title clr cz_title_pos_inline wpb_animate_when_almost_visible fadeInUp\"><div class=\"cz_title_content\"><div class=\"cz_wpe_content\"><p style=\"line-height: 1;\"><span style=\"font-size: 46px; font-weight: 200;\">UN ENVIRONNEMENT ELEGANT ET ACCUEILLANT<\/span><\/p>\n<\/div><\/div><\/div>[\/vc_column][vc_column width=\u00a0\u00bb1\/2&Prime;]<div id=\"cz_20158\" class=\"cz_20158 cz_title clr cz_title_pos_inline wpb_animate_when_almost_visible fadeInUp\"><div class=\"cz_title_content\"><div class=\"cz_wpe_content\"><p><span style=\"font-size: 19px; font-weight: 300;\">Le pass\u00e9 et le pr\u00e9sent se conjuguent dans un style plein de saveurs et d&rsquo;\u00e9motions, pour des compositions sur mesure qui expriment au mieux la tradition artisanale. <\/span><\/p>\n<\/div><\/div><\/div>[\/vc_column][\/vc_row][vc_row][vc_column]<div class=\"cz_gap clr \" style=\"height: 50px\"><\/div>[\/vc_column][\/vc_row][vc_row full_width=\u00a0\u00bbstretch_row_content_no_spaces\u00a0\u00bb][vc_column]<div id=\"cz_41075\" class=\"cz_41075 cz_image clr cz_image_no_fx center_on_mobile wpb_animate_when_almost_visible zoomIn\"><div class=\"\" ><div class=\"cz_image_in\"><div class=\"cz_main_image\"><img decoding=\"async\" width=\"2500\" height=\"1450\" src=\"https:\/\/geantdameublement.com\/wp-content\/uploads\/2024\/08\/contemporain8-1.webp\" class=\"attachment-full\" alt=\"\" title=\"contemporain8-1\" srcset=\"https:\/\/geantdameublement.com\/wp-content\/uploads\/2024\/08\/contemporain8-1.webp 2500w, https:\/\/geantdameublement.com\/wp-content\/uploads\/2024\/08\/contemporain8-1-300x174.webp 300w, https:\/\/geantdameublement.com\/wp-content\/uploads\/2024\/08\/contemporain8-1-1024x594.webp 1024w, https:\/\/geantdameublement.com\/wp-content\/uploads\/2024\/08\/contemporain8-1-768x445.webp 768w, https:\/\/geantdameublement.com\/wp-content\/uploads\/2024\/08\/contemporain8-1-1536x891.webp 1536w, https:\/\/geantdameublement.com\/wp-content\/uploads\/2024\/08\/contemporain8-1-2048x1188.webp 2048w, https:\/\/geantdameublement.com\/wp-content\/uploads\/2024\/08\/contemporain8-1-600x348.webp 600w\" sizes=\"(max-width: 2500px) 100vw, 2500px\" \/><\/div><\/div><\/div><\/div>[\/vc_column][\/vc_row][vc_row][vc_column]<div class=\"cz_gap clr \" style=\"height: 50px\"><\/div>[\/vc_column][\/vc_row][vc_row full_width=\u00a0\u00bbstretch_row_content_no_spaces\u00a0\u00bb][vc_column width=\u00a0\u00bb1\/2&Prime;]<div class=\"cz_gap clr \" style=\"height: 80px\"><\/div><div id=\"cz_105988\" class=\"cz_105988 cz_title clr cz_title_pos_inline wpb_animate_when_almost_visible fadeInUp\"><div class=\"cz_title_content\"><div class=\"cz_wpe_content\"><div style=\"line-height: 1;\"><span style=\"font-size: 46px; font-weight: 200;\">LARGE GAMME DE POIGN\u00c9ES OU DE BOUTONS<\/span><\/div>\n<p>&nbsp;<\/p>\n<p><span style=\"font-size: 19px; font-weight: 300;\">Le mod\u00e8le Aurora propose une large gamme de poign\u00e9es ou de boutons disponibles dans diff\u00e9rentes finitions.<br \/>\nLes poign\u00e9es peuvent \u00eatre form\u00e9es d&rsquo;une seule coul\u00e9e de m\u00e9tal, comme la poign\u00e9e \u00ab\u00a0Tondino\u00a0\u00bb pr\u00e9sent\u00e9e dans cette composition, ou bien elles peuvent \u00eatre accompagn\u00e9es d&rsquo;inserts en c\u00e9ramique qui leur sont joints. Les charni\u00e8res \u00e0 freinage BLUM, disponibles de s\u00e9rie, permettent d&rsquo;appr\u00e9cier la fermeture douce et silencieuse de toutes les fa\u00e7ades de la cuisine, jour apr\u00e8s jour.<\/span><\/p>\n<\/div><\/div><\/div><div class=\"cz_gap clr \" style=\"height: 50px\"><\/div><div id=\"cz_31148\" class=\"cz_31148 cz_image clr cz_image_no_fx center_on_mobile wpb_animate_when_almost_visible fadeInUp\"><div class=\"\" ><div class=\"cz_image_in\"><div class=\"cz_main_image\"><img decoding=\"async\" class=\"\" src=\"https:\/\/geantdameublement.com\/wp-content\/uploads\/2024\/08\/contemporain8-2-600x700.webp\" width=\"600\" height=\"700\" alt=\"contemporain8-2\" title=\"contemporain8-2\" loading=\"lazy\" \/><\/div><\/div><\/div><\/div>[\/vc_column][vc_column width=\u00a0\u00bb1\/2&Prime;]<div id=\"cz_54730\" class=\"cz_54730 cz_image clr cz_image_no_fx center_on_mobile wpb_animate_when_almost_visible fadeInLeft\"><div class=\"\" ><div class=\"cz_image_in\"><div class=\"cz_main_image\"><img decoding=\"async\" class=\"\" src=\"https:\/\/geantdameublement.com\/wp-content\/uploads\/2024\/08\/contemporain8-3-800x1220.webp\" width=\"800\" height=\"1220\" alt=\"contemporain8-3\" title=\"contemporain8-3\" loading=\"lazy\" \/><\/div><\/div><\/div><\/div>[\/vc_column][\/vc_row][vc_row][vc_column]<div class=\"cz_gap clr \" style=\"height: 50px\"><\/div>[\/vc_column][\/vc_row][vc_row full_width=\u00a0\u00bbstretch_row_content_no_spaces\u00a0\u00bb][vc_column width=\u00a0\u00bb1\/2&Prime;]<div id=\"cz_37504\" class=\"cz_37504 cz_image clr cz_image_no_fx center_on_mobile wpb_animate_when_almost_visible fadeInRight\"><div class=\"\" ><div class=\"cz_image_in\"><div class=\"cz_main_image\"><img decoding=\"async\" class=\"\" src=\"https:\/\/geantdameublement.com\/wp-content\/uploads\/2024\/08\/contemporain8-43-800x1200.webp\" width=\"800\" height=\"1200\" alt=\"contemporain8-43\" title=\"contemporain8-43\" loading=\"lazy\" \/><\/div><\/div><\/div><\/div>[\/vc_column][vc_column width=\u00a0\u00bb1\/2&Prime;]<div class=\"cz_gap clr \" style=\"height: 70px\"><\/div><div id=\"cz_108393\" class=\"cz_108393 cz_title clr cz_title_pos_inline wpb_animate_when_almost_visible fadeInUp\"><div class=\"cz_title_content\"><div class=\"cz_wpe_content\"><p><span style=\"font-size: 19px; font-weight: 300;\">La r\u00e9sistance est ce que vous attendez d&rsquo;un plan de travail qui supporte les activit\u00e9s de pr\u00e9paration des aliments.<br \/>\nSoumis \u00e0 un usage quotidien, il doit \u00eatre fonctionnel, durable et hygi\u00e9nique. Dans cette composition, nous avons utilis\u00e9 le plan de travail HPL avec bord Unicolor, ainsi appel\u00e9 parce que les couches superficielles, les couches internes et les bords des panneaux sont de la m\u00eame couleur. Ces panneaux sont hydrofuges et recouverts d&rsquo;une feuille de plastique haute pression, un mat\u00e9riau tr\u00e8s r\u00e9sistant \u00e0 l&rsquo;usage et \u00e0 la vapeur, aux rayures, \u00e0 la chaleur, aux taches, aux impacts et \u00e0 l&rsquo;abrasion. Il est hygi\u00e9nique et peut \u00eatre nettoy\u00e9 \u00e0 l&rsquo;aide de produits de nettoyage courants.<\/span><\/p>\n<\/div><\/div><\/div><div class=\"cz_gap clr \" style=\"height: 50px\"><\/div><div id=\"cz_82501\" class=\"cz_82501 cz_image clr cz_image_no_fx center_on_mobile wpb_animate_when_almost_visible fadeInUp\"><div class=\"\" ><div class=\"cz_image_in\"><div class=\"cz_main_image\"><img decoding=\"async\" class=\"\" src=\"https:\/\/geantdameublement.com\/wp-content\/uploads\/2024\/08\/contemporain8-5-600x700.webp\" width=\"600\" height=\"700\" alt=\"contemporain8-5\" title=\"contemporain8-5\" loading=\"lazy\" \/><\/div><\/div><\/div><\/div>[\/vc_column][\/vc_row][vc_row][vc_column]<div class=\"cz_gap clr \" style=\"height: 50px\"><\/div>[\/vc_column][\/vc_row][vc_row full_width=\u00a0\u00bbstretch_row_content_no_spaces\u00a0\u00bb][vc_column]<div id=\"cz_104463\" class=\"cz_104463 cz_image clr cz_image_no_fx center_on_mobile wpb_animate_when_almost_visible zoomIn\"><div class=\"\" ><div class=\"cz_image_in\"><div class=\"cz_main_image\"><img decoding=\"async\" width=\"2500\" height=\"1450\" src=\"https:\/\/geantdameublement.com\/wp-content\/uploads\/2024\/08\/contemporain8-6.webp\" class=\"attachment-full\" alt=\"\" title=\"contemporain8-6\" srcset=\"https:\/\/geantdameublement.com\/wp-content\/uploads\/2024\/08\/contemporain8-6.webp 2500w, https:\/\/geantdameublement.com\/wp-content\/uploads\/2024\/08\/contemporain8-6-300x174.webp 300w, https:\/\/geantdameublement.com\/wp-content\/uploads\/2024\/08\/contemporain8-6-1024x594.webp 1024w, https:\/\/geantdameublement.com\/wp-content\/uploads\/2024\/08\/contemporain8-6-768x445.webp 768w, https:\/\/geantdameublement.com\/wp-content\/uploads\/2024\/08\/contemporain8-6-1536x891.webp 1536w, https:\/\/geantdameublement.com\/wp-content\/uploads\/2024\/08\/contemporain8-6-2048x1188.webp 2048w, https:\/\/geantdameublement.com\/wp-content\/uploads\/2024\/08\/contemporain8-6-600x348.webp 600w\" sizes=\"(max-width: 2500px) 100vw, 2500px\" \/><\/div><\/div><\/div><\/div>[\/vc_column][\/vc_row][vc_row][vc_column]<div class=\"cz_gap clr \" style=\"height: 50px\"><\/div>[\/vc_column][\/vc_row][vc_row full_width=\u00a0\u00bbstretch_row_content_no_spaces\u00a0\u00bb][vc_column]<div id=\"cz_39799\" class=\"cz_39799 cz_image clr cz_image_no_fx center_on_mobile wpb_animate_when_almost_visible zoomIn\"><div class=\"\" ><div class=\"cz_image_in\"><div class=\"cz_main_image\"><img decoding=\"async\" width=\"2500\" height=\"1500\" src=\"https:\/\/geantdameublement.com\/wp-content\/uploads\/2024\/08\/contemporain8-7.webp\" class=\"attachment-full\" alt=\"\" title=\"contemporain8-7\" srcset=\"https:\/\/geantdameublement.com\/wp-content\/uploads\/2024\/08\/contemporain8-7.webp 2500w, https:\/\/geantdameublement.com\/wp-content\/uploads\/2024\/08\/contemporain8-7-300x180.webp 300w, https:\/\/geantdameublement.com\/wp-content\/uploads\/2024\/08\/contemporain8-7-1024x614.webp 1024w, https:\/\/geantdameublement.com\/wp-content\/uploads\/2024\/08\/contemporain8-7-768x461.webp 768w, https:\/\/geantdameublement.com\/wp-content\/uploads\/2024\/08\/contemporain8-7-1536x922.webp 1536w, https:\/\/geantdameublement.com\/wp-content\/uploads\/2024\/08\/contemporain8-7-2048x1229.webp 2048w, https:\/\/geantdameublement.com\/wp-content\/uploads\/2024\/08\/contemporain8-7-600x360.webp 600w\" sizes=\"(max-width: 2500px) 100vw, 2500px\" \/><\/div><\/div><\/div><\/div>[\/vc_column][\/vc_row][vc_row][vc_column]<div class=\"cz_gap clr \" style=\"height: 50px\"><\/div>[\/vc_column][\/vc_row][vc_row][vc_column width=\u00a0\u00bb1\/6&Prime;][\/vc_column][vc_column width=\u00a0\u00bb2\/3&Prime;]<div id=\"cz_85764\" class=\"cz_85764 cz_title clr cz_title_pos_inline tac wpb_animate_when_almost_visible fadeInUp\"><div class=\"cz_title_content\"><div class=\"cz_wpe_content\"><p style=\"text-align: center;\"><span style=\"font-size: 19px; font-weight: 300;\">Sous la grande table de cuisson de 90 cm se trouvent deux bases avec des paniers de 75 cm de large chacune et personnalis\u00e9es avec la discr\u00e8te poign\u00e9e encastr\u00e9e Accakappa.<\/span><br \/>\n<span style=\"font-size: 19px; font-weight: 300;\">Deux \u00e9l\u00e9ments modulaires encastr\u00e9s de 90 cm ont \u00e9t\u00e9 plac\u00e9s \u00e0 c\u00f4t\u00e9 de la table de cuisson. Il s&rsquo;agit d&rsquo;une ligne d&rsquo;accessoires con\u00e7ue pour augmenter la fonctionnalit\u00e9 de l&rsquo;espace de travail dans la cuisine, gr\u00e2ce \u00e0 une paroi \u00e9quip\u00e9e d&rsquo;\u00e9l\u00e9ments en aluminium coextrud\u00e9 en finition brunie de seulement 6 mm d&rsquo;\u00e9paisseur.<\/span><\/p>\n<\/div><\/div><\/div>[\/vc_column][vc_column width=\u00a0\u00bb1\/6&Prime;][\/vc_column][\/vc_row][vc_row][vc_column]<div class=\"cz_gap clr \" style=\"height: 50px\"><\/div>[\/vc_column][\/vc_row][vc_row full_width=\u00a0\u00bbstretch_row_content_no_spaces\u00a0\u00bb][vc_column width=\u00a0\u00bb1\/2&Prime;]<div id=\"cz_49746\" class=\"cz_49746 cz_image clr cz_image_no_fx center_on_mobile wpb_animate_when_almost_visible fadeInUp\"><div class=\"\" ><div class=\"cz_image_in\"><div class=\"cz_main_image\"><img decoding=\"async\" width=\"1000\" height=\"1250\" src=\"https:\/\/geantdameublement.com\/wp-content\/uploads\/2024\/08\/contemporain8-8.webp\" class=\"attachment-full\" alt=\"\" title=\"contemporain8-8\" srcset=\"https:\/\/geantdameublement.com\/wp-content\/uploads\/2024\/08\/contemporain8-8.webp 1000w, https:\/\/geantdameublement.com\/wp-content\/uploads\/2024\/08\/contemporain8-8-240x300.webp 240w, https:\/\/geantdameublement.com\/wp-content\/uploads\/2024\/08\/contemporain8-8-819x1024.webp 819w, https:\/\/geantdameublement.com\/wp-content\/uploads\/2024\/08\/contemporain8-8-768x960.webp 768w, https:\/\/geantdameublement.com\/wp-content\/uploads\/2024\/08\/contemporain8-8-600x750.webp 600w\" sizes=\"(max-width: 1000px) 100vw, 1000px\" \/><\/div><\/div><\/div><\/div>[\/vc_column][vc_column width=\u00a0\u00bb1\/2&Prime;]<div id=\"cz_97674\" class=\"cz_97674 cz_image clr cz_image_no_fx center_on_mobile wpb_animate_when_almost_visible fadeInUp\"><div class=\"\" ><div class=\"cz_image_in\"><div class=\"cz_main_image\"><img decoding=\"async\" width=\"1000\" height=\"1250\" src=\"https:\/\/geantdameublement.com\/wp-content\/uploads\/2024\/08\/contemporain8-9.webp\" class=\"attachment-full\" alt=\"\" title=\"contemporain8-9\" srcset=\"https:\/\/geantdameublement.com\/wp-content\/uploads\/2024\/08\/contemporain8-9.webp 1000w, https:\/\/geantdameublement.com\/wp-content\/uploads\/2024\/08\/contemporain8-9-240x300.webp 240w, https:\/\/geantdameublement.com\/wp-content\/uploads\/2024\/08\/contemporain8-9-819x1024.webp 819w, https:\/\/geantdameublement.com\/wp-content\/uploads\/2024\/08\/contemporain8-9-768x960.webp 768w, https:\/\/geantdameublement.com\/wp-content\/uploads\/2024\/08\/contemporain8-9-600x750.webp 600w\" sizes=\"(max-width: 1000px) 100vw, 1000px\" \/><\/div><\/div><\/div><\/div>[\/vc_column][\/vc_row][vc_row][vc_column]<div class=\"cz_gap clr \" style=\"height: 50px\"><\/div>[\/vc_column][\/vc_row][vc_row][vc_column]<div id=\"cz_20828\" class=\"cz_20828 cz_image clr cz_image_no_fx center_on_mobile wpb_animate_when_almost_visible zoomIn\"><div class=\"\" ><div class=\"cz_image_in\"><div class=\"cz_main_image\"><img decoding=\"async\" width=\"950\" height=\"800\" src=\"https:\/\/geantdameublement.com\/wp-content\/uploads\/2024\/08\/contemporain8-10.webp\" class=\"attachment-full\" alt=\"\" title=\"contemporain8-10\" srcset=\"https:\/\/geantdameublement.com\/wp-content\/uploads\/2024\/08\/contemporain8-10.webp 950w, https:\/\/geantdameublement.com\/wp-content\/uploads\/2024\/08\/contemporain8-10-300x253.webp 300w, https:\/\/geantdameublement.com\/wp-content\/uploads\/2024\/08\/contemporain8-10-768x647.webp 768w, https:\/\/geantdameublement.com\/wp-content\/uploads\/2024\/08\/contemporain8-10-600x505.webp 600w\" sizes=\"(max-width: 950px) 100vw, 950px\" \/><\/div><\/div><\/div><\/div>[\/vc_column][\/vc_row]<\/p>\n<\/div>","protected":false},"excerpt":{"rendered":"<p>[vc_row full_width=\u00a0\u00bbstretch_row_content_no_spaces\u00a0\u00bb][vc_column][\/vc_column][\/vc_row][vc_row][vc_column][\/vc_column][\/vc_row][vc_row][vc_column width=\u00a0\u00bb1\/2&Prime;][\/vc_column][vc_column width=\u00a0\u00bb1\/2&Prime;][\/vc_column][\/vc_row][vc_row][vc_column][\/vc_column][\/vc_row][vc_row full_width=\u00a0\u00bbstretch_row_content_no_spaces\u00a0\u00bb][vc_column][\/vc_column][\/vc_row][vc_row][vc_column][\/vc_column][\/vc_row][vc_row full_width=\u00a0\u00bbstretch_row_content_no_spaces\u00a0\u00bb][vc_column width=\u00a0\u00bb1\/2&Prime;][\/vc_column][vc_column width=\u00a0\u00bb1\/2&Prime;][\/vc_column][\/vc_row][vc_row][vc_column][\/vc_column][\/vc_row][vc_row full_width=\u00a0\u00bbstretch_row_content_no_spaces\u00a0\u00bb][vc_column width=\u00a0\u00bb1\/2&Prime;][\/vc_column][vc_column width=\u00a0\u00bb1\/2&Prime;][\/vc_column][\/vc_row][vc_row][vc_column][\/vc_column][\/vc_row][vc_row &#8230; <\/p>\n","protected":false},"author":1,"featured_media":0,"parent":1909,"menu_order":0,"comment_status":"closed","ping_status":"closed","template":"","meta":{"footnotes":""},"class_list":["post-1114","page","type-page","status-publish","hentry"],"_links":{"self":[{"href":"https:\/\/geantdameublement.com\/index.php?rest_route=\/wp\/v2\/pages\/1114","targetHints":{"allow":["GET"]}}],"collection":[{"href":"https:\/\/geantdameublement.com\/index.php?rest_route=\/wp\/v2\/pages"}],"about":[{"href":"https:\/\/geantdameublement.com\/index.php?rest_route=\/wp\/v2\/types\/page"}],"author":[{"embeddable":true,"href":"https:\/\/geantdameublement.com\/index.php?rest_route=\/wp\/v2\/users\/1"}],"replies":[{"embeddable":true,"href":"https:\/\/geantdameublement.com\/index.php?rest_route=%2Fwp%2Fv2%2Fcomments&post=1114"}],"version-history":[{"count":0,"href":"https:\/\/geantdameublement.com\/index.php?rest_route=\/wp\/v2\/pages\/1114\/revisions"}],"up":[{"embeddable":true,"href":"https:\/\/geantdameublement.com\/index.php?rest_route=\/wp\/v2\/pages\/1909"}],"wp:attachment":[{"href":"https:\/\/geantdameublement.com\/index.php?rest_route=%2Fwp%2Fv2%2Fmedia&parent=1114"}],"curies":[{"name":"wp","href":"https:\/\/api.w.org\/{rel}","templated":true}]}}