{"id":1144,"date":"2024-08-07T19:07:13","date_gmt":"2024-08-07T17:07:13","guid":{"rendered":"https:\/\/carthage-tech.net\/demo\/geant\/?page_id=1144"},"modified":"2024-11-11T20:39:18","modified_gmt":"2024-11-11T20:39:18","slug":"cuisine-elite-1","status":"publish","type":"page","link":"https:\/\/geantdameublement.com\/?page_id=1144","title":{"rendered":"Cuisine Elite 1"},"content":{"rendered":"<div class=\"wpb-content-wrapper\"><p>[vc_row full_width=\u00a0\u00bbstretch_row_content_no_spaces\u00a0\u00bb][vc_column]<div id=\"cz_26369\" class=\"cz_26369 cz_banner clr\">\n\t\t\t<figure class=\"effect-style2\">\n\t\t\t\t<img decoding=\"async\" class=\"\" src=\"https:\/\/geantdameublement.com\/wp-content\/uploads\/2024\/08\/elite1-babber-1600x620.webp\" width=\"1600\" height=\"620\" alt=\"elite1-babber\" title=\"elite1-babber\" loading=\"lazy\" \/>\n\t\t\t\t<figcaption><div><h4>California<\/h4><\/div><\/figcaption>\t\t\t\n\t\t\t<\/figure>\n\t\t<\/div><div id=\"cz_29255\" class=\"cz_29255 cz_title clr cz_title_pos_inline\"><div class=\"cz_title_content\"><span class=\"cz_line_side_solo\">_<\/span><div class=\"cz_wpe_content\"><p>FICHE TECHNIQUE<\/p>\n<\/div><\/div><\/div>[\/vc_column][\/vc_row][vc_row][vc_column]<div class=\"cz_gap clr \" style=\"height: 50px\"><\/div>[\/vc_column][\/vc_row][vc_row][vc_column width=\u00a0\u00bb1\/2&Prime;]<div id=\"cz_17665\" class=\"cz_17665 cz_title clr cz_title_pos_inline wpb_animate_when_almost_visible fadeInUp\"><div class=\"cz_title_content\"><div class=\"cz_wpe_content\"><p style=\"line-height: 1;\"><span style=\"font-size: 46px; font-weight: 200;\">LA CUISINE QUI VA AU-DEL\u00c0 DU TEMPS ET DES TENDANCES<\/span><\/p>\n<\/div><\/div><\/div>[\/vc_column][vc_column width=\u00a0\u00bb1\/2&Prime;]<div id=\"cz_96348\" class=\"cz_96348 cz_title clr cz_title_pos_inline wpb_animate_when_almost_visible fadeInUp\"><div class=\"cz_title_content\"><div class=\"cz_wpe_content\"><p><span style=\"font-size: 19px; font-weight: 300;\">La collection CALIFORNIA va au-del\u00e0 du temps et des tendances, gr\u00e2ce \u00e0 un design dynamique qui donne une touche personnelle \u00e0 votre maison. C&rsquo;est l&rsquo;architecture multiforme dans toute sa splendeur, qui s&rsquo;adapte \u00e0 toutes les exigences et meuble tout type d&rsquo;environnement. Un style unique qui vous permet de vous d\u00e9placer librement, o\u00f9 tout a un sens et une histoire \u00e0 raconter. <\/span><\/p>\n<\/div><\/div><\/div>[\/vc_column][\/vc_row][vc_row][vc_column]<div class=\"cz_gap clr \" style=\"height: 50px\"><\/div>[\/vc_column][\/vc_row][vc_row full_width=\u00a0\u00bbstretch_row_content_no_spaces\u00a0\u00bb][vc_column width=\u00a0\u00bb1\/2&Prime;]<div id=\"cz_33350\" class=\"cz_33350 cz_image clr cz_image_no_fx center_on_mobile wpb_animate_when_almost_visible fadeInUp\"><div class=\"\" ><div class=\"cz_image_in\"><div class=\"cz_main_image\"><img decoding=\"async\" width=\"1000\" height=\"1250\" src=\"https:\/\/geantdameublement.com\/wp-content\/uploads\/2024\/08\/elite1-1.webp\" class=\"attachment-full\" alt=\"\" title=\"elite1-1\" srcset=\"https:\/\/geantdameublement.com\/wp-content\/uploads\/2024\/08\/elite1-1.webp 1000w, https:\/\/geantdameublement.com\/wp-content\/uploads\/2024\/08\/elite1-1-240x300.webp 240w, https:\/\/geantdameublement.com\/wp-content\/uploads\/2024\/08\/elite1-1-819x1024.webp 819w, https:\/\/geantdameublement.com\/wp-content\/uploads\/2024\/08\/elite1-1-768x960.webp 768w, https:\/\/geantdameublement.com\/wp-content\/uploads\/2024\/08\/elite1-1-600x750.webp 600w\" sizes=\"(max-width: 1000px) 100vw, 1000px\" \/><\/div><\/div><\/div><\/div>[\/vc_column][vc_column width=\u00a0\u00bb1\/2&Prime;]<div id=\"cz_15809\" class=\"cz_15809 cz_image clr cz_image_no_fx center_on_mobile wpb_animate_when_almost_visible fadeInUp\"><div class=\"\" ><div class=\"cz_image_in\"><div class=\"cz_main_image\"><img decoding=\"async\" width=\"1000\" height=\"1250\" src=\"https:\/\/geantdameublement.com\/wp-content\/uploads\/2024\/08\/elite1-2.webp\" class=\"attachment-full\" alt=\"\" title=\"elite1-2\" srcset=\"https:\/\/geantdameublement.com\/wp-content\/uploads\/2024\/08\/elite1-2.webp 1000w, https:\/\/geantdameublement.com\/wp-content\/uploads\/2024\/08\/elite1-2-240x300.webp 240w, https:\/\/geantdameublement.com\/wp-content\/uploads\/2024\/08\/elite1-2-819x1024.webp 819w, https:\/\/geantdameublement.com\/wp-content\/uploads\/2024\/08\/elite1-2-768x960.webp 768w, https:\/\/geantdameublement.com\/wp-content\/uploads\/2024\/08\/elite1-2-600x750.webp 600w\" sizes=\"(max-width: 1000px) 100vw, 1000px\" \/><\/div><\/div><\/div><\/div>[\/vc_column][\/vc_row][vc_row][vc_column]<div class=\"cz_gap clr \" style=\"height: 50px\"><\/div>[\/vc_column][\/vc_row][vc_row full_width=\u00a0\u00bbstretch_row_content_no_spaces\u00a0\u00bb][vc_column]<div id=\"cz_107758\" class=\"cz_107758 cz_image clr cz_image_no_fx center_on_mobile wpb_animate_when_almost_visible zoomIn\"><div class=\"\" ><div class=\"cz_image_in\"><div class=\"cz_main_image\"><img decoding=\"async\" width=\"2500\" height=\"1332\" src=\"https:\/\/geantdameublement.com\/wp-content\/uploads\/2024\/08\/elite1-3.webp\" class=\"attachment-full\" alt=\"\" title=\"elite1-3\" srcset=\"https:\/\/geantdameublement.com\/wp-content\/uploads\/2024\/08\/elite1-3.webp 2500w, https:\/\/geantdameublement.com\/wp-content\/uploads\/2024\/08\/elite1-3-300x160.webp 300w, https:\/\/geantdameublement.com\/wp-content\/uploads\/2024\/08\/elite1-3-1024x546.webp 1024w, https:\/\/geantdameublement.com\/wp-content\/uploads\/2024\/08\/elite1-3-768x409.webp 768w, https:\/\/geantdameublement.com\/wp-content\/uploads\/2024\/08\/elite1-3-1536x818.webp 1536w, https:\/\/geantdameublement.com\/wp-content\/uploads\/2024\/08\/elite1-3-2048x1091.webp 2048w, https:\/\/geantdameublement.com\/wp-content\/uploads\/2024\/08\/elite1-3-600x320.webp 600w\" sizes=\"(max-width: 2500px) 100vw, 2500px\" \/><\/div><\/div><\/div><\/div>[\/vc_column][\/vc_row][vc_row][vc_column]<div class=\"cz_gap clr \" style=\"height: 50px\"><\/div>[\/vc_column][\/vc_row][vc_row full_width=\u00a0\u00bbstretch_row_content_no_spaces\u00a0\u00bb][vc_column width=\u00a0\u00bb1\/2&Prime;]<div class=\"cz_gap clr \" style=\"height: 110px\"><\/div><div id=\"cz_17042\" class=\"cz_17042 cz_title clr cz_title_pos_inline wpb_animate_when_almost_visible fadeInUp\"><div class=\"cz_title_content\"><div class=\"cz_wpe_content\"><p><span style=\"font-size: 19px; font-weight: 300;\">Les meubles ouverts Elite se distinguent par la d\u00e9coration de la frise frontale, le rail permettant de personnaliser les \u00e9tag\u00e8res et le socle en bois massif moul\u00e9. R\u00e9alis\u00e9s en fr\u00eane massif laqu\u00e9 et chaul\u00e9 Fumo, ils s&rsquo;harmonisent avec toutes les parties visibles de la composition.<\/span><\/p>\n<\/div><\/div><\/div><div class=\"cz_gap clr \" style=\"height: 70px\"><\/div><div id=\"cz_36632\" class=\"cz_36632 cz_image clr cz_image_no_fx center_on_mobile wpb_animate_when_almost_visible fadeInUp\"><div class=\"\" ><div class=\"cz_image_in\"><div class=\"cz_main_image\"><img decoding=\"async\" class=\"\" src=\"https:\/\/geantdameublement.com\/wp-content\/uploads\/2024\/08\/Elite1-4-1-600x700.webp\" width=\"600\" height=\"700\" alt=\"Elite1-4\" title=\"Elite1-4\" loading=\"lazy\" \/><\/div><\/div><\/div><\/div>[\/vc_column][vc_column width=\u00a0\u00bb1\/2&Prime;]<div id=\"cz_33982\" class=\"cz_33982 cz_image clr cz_image_no_fx center_on_mobile wpb_animate_when_almost_visible fadeInRight\"><div class=\"\" ><div class=\"cz_image_in\"><div class=\"cz_main_image\"><img decoding=\"async\" class=\"\" src=\"https:\/\/geantdameublement.com\/wp-content\/uploads\/2024\/08\/elite1-3-800x1030.webp\" width=\"800\" height=\"1030\" alt=\"elite1-3\" title=\"elite1-3\" loading=\"lazy\" \/><\/div><\/div><\/div><\/div>[\/vc_column][\/vc_row][vc_row][vc_column]<div class=\"cz_gap clr \" style=\"height: 50px\"><\/div>[\/vc_column][\/vc_row][vc_row full_width=\u00a0\u00bbstretch_row_content_no_spaces\u00a0\u00bb][vc_column width=\u00a0\u00bb1\/2&Prime;]<div id=\"cz_56132\" class=\"cz_56132 cz_image clr cz_image_no_fx center_on_mobile wpb_animate_when_almost_visible fadeInRight\"><div class=\"\" ><div class=\"cz_image_in\"><div class=\"cz_main_image\"><img decoding=\"async\" class=\"\" src=\"https:\/\/geantdameublement.com\/wp-content\/uploads\/2024\/08\/elite1-6-800x1100.webp\" width=\"800\" height=\"1100\" alt=\"elite1-6\" title=\"elite1-6\" loading=\"lazy\" \/><\/div><\/div><\/div><\/div>[\/vc_column][vc_column width=\u00a0\u00bb1\/2&Prime;]<div class=\"cz_gap clr \" style=\"height: 80px\"><\/div><div id=\"cz_94426\" class=\"cz_94426 cz_title clr cz_title_pos_inline wpb_animate_when_almost_visible fadeInUp\"><div class=\"cz_title_content\"><div class=\"cz_wpe_content\"><p><span style=\"font-size: 19px; font-weight: 300;\">Le grand garde-manger peut \u00eatre \u00e9quip\u00e9 d&rsquo;un syst\u00e8me coulissant Sige \u00e0 cinq plateaux en finition Grigio Orione et d&rsquo;un \u00e9clairage int\u00e9rieur pratique sur le c\u00f4t\u00e9 du meuble.<\/span><\/p>\n<p>&nbsp;<\/p>\n<p><span style=\"font-size: 19px; font-weight: 300;\">L&rsquo;accent est mis sur la poign\u00e9e Factory et les pr\u00e9sentoirs en verre Fum\u00e9 finition bronze dans la partie sup\u00e9rieure, disponibles sur demande.<\/span><\/p>\n<p><span style=\"font-size: 19px; font-weight: 300;\">\u00a0<\/span><\/p>\n<\/div><\/div><\/div><div class=\"cz_gap clr \" style=\"height: 60px\"><\/div><div id=\"cz_56386\" class=\"cz_56386 cz_image clr cz_image_no_fx center_on_mobile wpb_animate_when_almost_visible fadeInUp\"><div class=\"\" ><div class=\"cz_image_in\"><div class=\"cz_main_image\"><img decoding=\"async\" class=\"\" src=\"https:\/\/geantdameublement.com\/wp-content\/uploads\/2024\/08\/elite1-7-600x700.webp\" width=\"600\" height=\"700\" alt=\"elite1-7\" title=\"elite1-7\" loading=\"lazy\" \/><\/div><\/div><\/div><\/div>[\/vc_column][\/vc_row][vc_row][vc_column]<div class=\"cz_gap clr \" style=\"height: 50px\"><\/div>[\/vc_column][\/vc_row][vc_row full_width=\u00a0\u00bbstretch_row_content_no_spaces\u00a0\u00bb][vc_column]<div id=\"cz_72570\" class=\"cz_72570 cz_image clr cz_image_no_fx center_on_mobile wpb_animate_when_almost_visible zoomIn\"><div class=\"\" ><div class=\"cz_image_in\"><div class=\"cz_main_image\"><img decoding=\"async\" width=\"2500\" height=\"1450\" src=\"https:\/\/geantdameublement.com\/wp-content\/uploads\/2024\/08\/elite1-8.webp\" class=\"attachment-full\" alt=\"\" title=\"elite1-8\" srcset=\"https:\/\/geantdameublement.com\/wp-content\/uploads\/2024\/08\/elite1-8.webp 2500w, https:\/\/geantdameublement.com\/wp-content\/uploads\/2024\/08\/elite1-8-300x174.webp 300w, https:\/\/geantdameublement.com\/wp-content\/uploads\/2024\/08\/elite1-8-1024x594.webp 1024w, https:\/\/geantdameublement.com\/wp-content\/uploads\/2024\/08\/elite1-8-768x445.webp 768w, https:\/\/geantdameublement.com\/wp-content\/uploads\/2024\/08\/elite1-8-1536x891.webp 1536w, https:\/\/geantdameublement.com\/wp-content\/uploads\/2024\/08\/elite1-8-2048x1188.webp 2048w, https:\/\/geantdameublement.com\/wp-content\/uploads\/2024\/08\/elite1-8-600x348.webp 600w\" sizes=\"(max-width: 2500px) 100vw, 2500px\" \/><\/div><\/div><\/div><\/div>[\/vc_column][\/vc_row][vc_row][vc_column]<div class=\"cz_gap clr \" style=\"height: 50px\"><\/div>[\/vc_column][\/vc_row][vc_row full_width=\u00a0\u00bbstretch_row_content_no_spaces\u00a0\u00bb][vc_column width=\u00a0\u00bb1\/2&Prime;]<div class=\"cz_gap clr \" style=\"height: 100px\"><\/div><div id=\"cz_12417\" class=\"cz_12417 cz_image clr cz_image_no_fx center_on_mobile wpb_animate_when_almost_visible fadeInUp\"><div class=\"\" ><div class=\"cz_image_in\"><div class=\"cz_main_image\"><img decoding=\"async\" class=\"\" src=\"https:\/\/geantdameublement.com\/wp-content\/uploads\/2024\/08\/elite1-9-600x700.webp\" width=\"600\" height=\"700\" alt=\"elite1-9\" title=\"elite1-9\" loading=\"lazy\" \/><\/div><\/div><\/div><\/div><div class=\"cz_gap clr \" style=\"height: 60px\"><\/div><div id=\"cz_49496\" class=\"cz_49496 cz_title clr cz_title_pos_inline wpb_animate_when_almost_visible fadeInUp\"><div class=\"cz_title_content\"><div class=\"cz_wpe_content\"><p><span style=\"font-size: 19px; font-weight: 200;\">Gros plan sur le bouton r\u00e9tractable \u00ab\u00a0Botton\u00a0\u00bb, tr\u00e8s pratique, qui permet d&rsquo;ouvrir les meubles hauts Elite, dot\u00e9s de porte-bouteilles coulissants en fil m\u00e9tallique chrom\u00e9 et d&rsquo;un m\u00e9canisme de fermeture en douceur. Le meuble bas \u00e0 fa\u00e7ade \u00ab\u00a0divis\u00e9e\u00a0\u00bb est \u00e9galement \u00e9quip\u00e9 de ces m\u00e9canismes pour exploiter chaque centim\u00e8tre d&rsquo;espace disponible.<\/span><\/p>\n<\/div><\/div><\/div>[\/vc_column][vc_column width=\u00a0\u00bb1\/2&Prime;]<div id=\"cz_97821\" class=\"cz_97821 cz_image clr cz_image_no_fx center_on_mobile wpb_animate_when_almost_visible fadeInLeft\"><div class=\"\" ><div class=\"cz_image_in\"><div class=\"cz_main_image\"><img decoding=\"async\" class=\"\" src=\"https:\/\/geantdameublement.com\/wp-content\/uploads\/2024\/08\/elite1-10-800x1200.webp\" width=\"800\" height=\"1200\" alt=\"elite1-10\" title=\"elite1-10\" loading=\"lazy\" \/><\/div><\/div><\/div><\/div>[\/vc_column][\/vc_row][vc_row][vc_column]<div class=\"cz_gap clr \" style=\"height: 50px\"><\/div>[\/vc_column][\/vc_row][vc_row full_width=\u00a0\u00bbstretch_row_content_no_spaces\u00a0\u00bb][vc_column width=\u00a0\u00bb1\/2&Prime;]<div id=\"cz_89594\" class=\"cz_89594 cz_image clr cz_image_no_fx center_on_mobile wpb_animate_when_almost_visible fadeInRight\"><div class=\"\" ><div class=\"cz_image_in\"><div class=\"cz_main_image\"><img decoding=\"async\" class=\"\" src=\"https:\/\/geantdameublement.com\/wp-content\/uploads\/2024\/08\/elite1-11-800x1100.webp\" width=\"800\" height=\"1100\" alt=\"elite1-11\" title=\"elite1-11\" loading=\"lazy\" \/><\/div><\/div><\/div><\/div>[\/vc_column][vc_column width=\u00a0\u00bb1\/2&Prime;]<div class=\"cz_gap clr \" style=\"height: 80px\"><\/div><div id=\"cz_17061\" class=\"cz_17061 cz_image clr cz_image_no_fx center_on_mobile wpb_animate_when_almost_visible fadeInUp\"><div class=\"\" ><div class=\"cz_image_in\"><div class=\"cz_main_image\"><img decoding=\"async\" class=\"\" src=\"https:\/\/geantdameublement.com\/wp-content\/uploads\/2024\/08\/elite1-12-600x700.webp\" width=\"600\" height=\"700\" alt=\"elite1-12\" title=\"elite1-12\" loading=\"lazy\" \/><\/div><\/div><\/div><\/div><div class=\"cz_gap clr \" style=\"height: 60px\"><\/div><div id=\"cz_68588\" class=\"cz_68588 cz_title clr cz_title_pos_inline wpb_animate_when_almost_visible fadeInUp\"><div class=\"cz_title_content\"><div class=\"cz_wpe_content\"><p><span style=\"font-size: 19px; font-weight: 300;\">L&rsquo;\u00e9l\u00e9ment bas ouvert en fr\u00eane massif est compl\u00e9t\u00e9 par le panneau \u00e0 l&rsquo;arri\u00e8re.<\/span><\/p>\n<p>&nbsp;<\/p>\n<p><span style=\"font-size: 19px; font-weight: 300;\">Le plan de travail de cette composition est en granit Milky Way, rendu unique par le bord avant avec moulure en ogive.<\/span><\/p>\n<\/div><\/div><\/div>[\/vc_column][\/vc_row][vc_row][vc_column]<div class=\"cz_gap clr \" style=\"height: 50px\"><\/div>[\/vc_column][\/vc_row][vc_row][vc_column]<div id=\"cz_94478\" class=\"cz_94478 cz_image clr cz_image_no_fx center_on_mobile wpb_animate_when_almost_visible zoomIn\"><div class=\"\" ><div class=\"cz_image_in\"><div class=\"cz_main_image\"><img decoding=\"async\" width=\"950\" height=\"800\" src=\"https:\/\/geantdameublement.com\/wp-content\/uploads\/2024\/08\/elite1-13.webp\" class=\"attachment-full\" alt=\"\" title=\"elite1-13\" srcset=\"https:\/\/geantdameublement.com\/wp-content\/uploads\/2024\/08\/elite1-13.webp 950w, https:\/\/geantdameublement.com\/wp-content\/uploads\/2024\/08\/elite1-13-300x253.webp 300w, https:\/\/geantdameublement.com\/wp-content\/uploads\/2024\/08\/elite1-13-768x647.webp 768w, https:\/\/geantdameublement.com\/wp-content\/uploads\/2024\/08\/elite1-13-600x505.webp 600w\" sizes=\"(max-width: 950px) 100vw, 950px\" \/><\/div><\/div><\/div><\/div>[\/vc_column][\/vc_row]<\/p>\n<\/div>","protected":false},"excerpt":{"rendered":"<p>[vc_row full_width=\u00a0\u00bbstretch_row_content_no_spaces\u00a0\u00bb][vc_column][\/vc_column][\/vc_row][vc_row][vc_column][\/vc_column][\/vc_row][vc_row][vc_column width=\u00a0\u00bb1\/2&Prime;][\/vc_column][vc_column width=\u00a0\u00bb1\/2&Prime;][\/vc_column][\/vc_row][vc_row][vc_column][\/vc_column][\/vc_row][vc_row full_width=\u00a0\u00bbstretch_row_content_no_spaces\u00a0\u00bb][vc_column width=\u00a0\u00bb1\/2&Prime;][\/vc_column][vc_column width=\u00a0\u00bb1\/2&Prime;][\/vc_column][\/vc_row][vc_row][vc_column][\/vc_column][\/vc_row][vc_row full_width=\u00a0\u00bbstretch_row_content_no_spaces\u00a0\u00bb][vc_column][\/vc_column][\/vc_row][vc_row][vc_column][\/vc_column][\/vc_row][vc_row full_width=\u00a0\u00bbstretch_row_content_no_spaces\u00a0\u00bb][vc_column width=\u00a0\u00bb1\/2&Prime;][\/vc_column][vc_column width=\u00a0\u00bb1\/2&Prime;][\/vc_column][\/vc_row][vc_row][vc_column][\/vc_column][\/vc_row][vc_row &#8230; <\/p>\n","protected":false},"author":1,"featured_media":0,"parent":1135,"menu_order":0,"comment_status":"closed","ping_status":"closed","template":"","meta":{"footnotes":""},"class_list":["post-1144","page","type-page","status-publish","hentry"],"_links":{"self":[{"href":"https:\/\/geantdameublement.com\/index.php?rest_route=\/wp\/v2\/pages\/1144","targetHints":{"allow":["GET"]}}],"collection":[{"href":"https:\/\/geantdameublement.com\/index.php?rest_route=\/wp\/v2\/pages"}],"about":[{"href":"https:\/\/geantdameublement.com\/index.php?rest_route=\/wp\/v2\/types\/page"}],"author":[{"embeddable":true,"href":"https:\/\/geantdameublement.com\/index.php?rest_route=\/wp\/v2\/users\/1"}],"replies":[{"embeddable":true,"href":"https:\/\/geantdameublement.com\/index.php?rest_route=%2Fwp%2Fv2%2Fcomments&post=1144"}],"version-history":[{"count":0,"href":"https:\/\/geantdameublement.com\/index.php?rest_route=\/wp\/v2\/pages\/1144\/revisions"}],"up":[{"embeddable":true,"href":"https:\/\/geantdameublement.com\/index.php?rest_route=\/wp\/v2\/pages\/1135"}],"wp:attachment":[{"href":"https:\/\/geantdameublement.com\/index.php?rest_route=%2Fwp%2Fv2%2Fmedia&parent=1144"}],"curies":[{"name":"wp","href":"https:\/\/api.w.org\/{rel}","templated":true}]}}