{"id":1860,"date":"2024-08-15T15:34:25","date_gmt":"2024-08-15T13:34:25","guid":{"rendered":"https:\/\/geantdameublement.com\/?page_id=1860"},"modified":"2024-11-11T17:19:33","modified_gmt":"2024-11-11T17:19:33","slug":"portes-exterieures","status":"publish","type":"page","link":"https:\/\/geantdameublement.com\/?page_id=1860","title":{"rendered":"Portes Ext\u00e9rieures"},"content":{"rendered":"<div class=\"wpb-content-wrapper\"><p>[vc_row full_width=\u00a0\u00bbstretch_row_content_no_spaces\u00a0\u00bb][vc_column]<div id=\"cz_39581\" class=\"cz_39581 cz_banner clr\">\n\t\t\t<figure class=\"effect-style2\">\n\t\t\t\t<img decoding=\"async\" class=\"\" src=\"https:\/\/geantdameublement.com\/wp-content\/uploads\/2024\/08\/Shop-1-1280x620.jpg\" width=\"1280\" height=\"620\" alt=\"Shop-1\" title=\"Shop-1\" loading=\"lazy\" \/>\n\t\t\t\t<figcaption><div><h4>PORTES EXTERIEURES<\/h4><\/div><\/figcaption>\t\t\t\n\t\t\t<\/figure>\n\t\t<\/div>[\/vc_column][\/vc_row][vc_row][vc_column width=\u00a0\u00bb1\/6&Prime;][\/vc_column][vc_column width=\u00a0\u00bb2\/3&Prime;]<div class=\"cz_gap clr \" style=\"height: 50px\"><\/div><div id=\"cz_76401\" class=\"cz_76401 cz_title clr cz_title_pos_inline tac\"><div class=\"cz_title_content\"><div class=\"cz_wpe_content\"><h3 style=\"text-align: center;\"><span style=\"font-weight: 500;\">Avec nes portes blind\u00e9es, la s\u00e9curit\u00e9 et les performances sont associ\u00e9es au design et \u00e0 une personnalisation extr\u00eame. <\/span><\/h3>\n<\/div><\/div><\/div><div class=\"cz_gap clr \" style=\"height: 50px\"><\/div>[vc_column_text]<\/p>\n<p style=\"text-align: center;\"><span style=\"font-size: 19px; font-weight: 300;\">Chez le G\u00e9ant d&rsquo;ameublement nous pensons que chaque nouvelle porte sur le monde a une identit\u00e9 propre et claire, fruit d&rsquo;une \u00e9tude et d&rsquo;un projet. Et en m\u00eame temps, elle apporte avec vous un signe distinctif, celui des architectures d&rsquo;entr\u00e9e raffin\u00e9es.<\/span><\/p>\n<p style=\"text-align: center;\"><span style=\"font-size: 19px; font-weight: 300;\">Les portes, aux performances tr\u00e8s \u00e9lev\u00e9es, sont certifi\u00e9es anti-effraction en classe 3 et 4, isolation acoustique, thermique, air, eau et vent, d&rsquo;un savoir-faire inn\u00e9, d&rsquo;une recherche technologique continue, d&rsquo;une conception soign\u00e9e et de la capacit\u00e9 \u00e0 s\u00e9lectionner les nombreux mat\u00e9riaux qui, une fois assembl\u00e9s, donnent naissance \u00e0 une porte d&rsquo;entr\u00e9e durable, s\u00fbre et fiable. <\/span><\/p>\n<p>[\/vc_column_text]<div class=\"cz_gap clr  hide_on_mobile\" style=\"height: 50px\"><\/div><div class=\"cz_gap show_on_mobile clr\" style=\"height: 50px\"><\/div><div class=\"cz_btn_center\"><div class=\"cz_19299_p clr wpb_animate_when_almost_visible fadeInUp\"><a id=\"cz_19299\" class=\"cz_19299 cz_btn cz_btn_txt_no_fx cz_btn_no_fx\" href=\"https:\/\/geantdameublement.com\/?page_id=1477\" title=\"Catalogues s\u00e9jours\"><span><strong>Voir les Catalogues<\/strong><\/span><b class=\"cz_btn_onhover\"><strong>Voir les Catalogues<\/strong><\/b><\/a><\/div><\/div>[\/vc_column][vc_column width=\u00a0\u00bb1\/6&Prime;][\/vc_column][\/vc_row][vc_row][vc_column]<div class=\"cz_gap clr \" style=\"height: 100px\"><\/div>[\/vc_column][\/vc_row][vc_row full_width=\u00a0\u00bbstretch_row_content\u00a0\u00bb][vc_column]<div id=\"cz_103810\" class=\"cz_grid_p cz_103810\"><div class=\"cz_grid cz_grid_1 clr cz_grid_c4 cz_grid_1_no_title cz_grid_1_mid tac\" data-animation=\"cz_grid_anim_zoom_in\"><div class=\"cz_grid_item cz_grid_first\"><\/div><div class=\"cz_grid_item \"><div><a class=\"cz_grid_link \" href=\"https:\/\/geantdameublement.com\/wp-content\/uploads\/2024\/08\/exterieur1.jpg\" data-xtra-lightbox><img decoding=\"async\" class=\"\" src=\"https:\/\/geantdameublement.com\/wp-content\/uploads\/2024\/08\/exterieur1-377x252.jpg\" width=\"377\" height=\"252\" alt=\"exterieur1\" title=\"exterieur1\" loading=\"lazy\" \/><div class=\"cz_grid_details\"><i class=\"fa fa-search cz_grid_icon\"><\/i><\/div><\/a><\/div><\/div><div class=\"cz_grid_item \"><div><a class=\"cz_grid_link \" href=\"https:\/\/geantdameublement.com\/wp-content\/uploads\/2024\/08\/exterieur2.jpg\" data-xtra-lightbox><img decoding=\"async\" class=\"\" src=\"https:\/\/geantdameublement.com\/wp-content\/uploads\/2024\/08\/exterieur2-377x252.jpg\" width=\"377\" height=\"252\" alt=\"exterieur2\" title=\"exterieur2\" loading=\"lazy\" \/><div class=\"cz_grid_details\"><i class=\"fa fa-search cz_grid_icon\"><\/i><\/div><\/a><\/div><\/div><div class=\"cz_grid_item \"><div><a class=\"cz_grid_link \" href=\"https:\/\/geantdameublement.com\/wp-content\/uploads\/2024\/08\/exterieur3.jpg\" data-xtra-lightbox><img decoding=\"async\" class=\"\" src=\"https:\/\/geantdameublement.com\/wp-content\/uploads\/2024\/08\/exterieur3-377x252.jpg\" width=\"377\" height=\"252\" alt=\"exterieur3\" title=\"exterieur3\" loading=\"lazy\" \/><div class=\"cz_grid_details\"><i class=\"fa fa-search cz_grid_icon\"><\/i><\/div><\/a><\/div><\/div><div class=\"cz_grid_item \"><div><a class=\"cz_grid_link \" href=\"https:\/\/geantdameublement.com\/wp-content\/uploads\/2024\/08\/exterieur4.jpg\" data-xtra-lightbox><img decoding=\"async\" class=\"\" src=\"https:\/\/geantdameublement.com\/wp-content\/uploads\/2024\/08\/exterieur4-377x252.jpg\" width=\"377\" height=\"252\" alt=\"exterieur4\" title=\"exterieur4\" loading=\"lazy\" \/><div class=\"cz_grid_details\"><i class=\"fa fa-search cz_grid_icon\"><\/i><\/div><\/a><\/div><\/div><div class=\"cz_grid_item \"><div><a class=\"cz_grid_link \" href=\"https:\/\/geantdameublement.com\/wp-content\/uploads\/2024\/08\/exterieur5.jpg\" data-xtra-lightbox><img decoding=\"async\" class=\"\" src=\"https:\/\/geantdameublement.com\/wp-content\/uploads\/2024\/08\/exterieur5-377x252.jpg\" width=\"377\" height=\"252\" alt=\"exterieur5\" title=\"exterieur5\" loading=\"lazy\" \/><div class=\"cz_grid_details\"><i class=\"fa fa-search cz_grid_icon\"><\/i><\/div><\/a><\/div><\/div><div class=\"cz_grid_item \"><div><a class=\"cz_grid_link \" href=\"https:\/\/geantdameublement.com\/wp-content\/uploads\/2024\/08\/exterieur6.jpg\" data-xtra-lightbox><img decoding=\"async\" class=\"\" src=\"https:\/\/geantdameublement.com\/wp-content\/uploads\/2024\/08\/exterieur6-377x252.jpg\" width=\"377\" height=\"252\" alt=\"exterieur6\" title=\"exterieur6\" loading=\"lazy\" \/><div class=\"cz_grid_details\"><i class=\"fa fa-search cz_grid_icon\"><\/i><\/div><\/a><\/div><\/div><div class=\"cz_grid_item \"><div><a class=\"cz_grid_link \" href=\"https:\/\/geantdameublement.com\/wp-content\/uploads\/2024\/08\/exterieur7.jpg\" data-xtra-lightbox><img decoding=\"async\" class=\"\" src=\"https:\/\/geantdameublement.com\/wp-content\/uploads\/2024\/08\/exterieur7-377x252.jpg\" width=\"377\" height=\"252\" alt=\"exterieur7\" title=\"exterieur7\" loading=\"lazy\" \/><div class=\"cz_grid_details\"><i class=\"fa fa-search cz_grid_icon\"><\/i><\/div><\/a><\/div><\/div><div class=\"cz_grid_item \"><div><a class=\"cz_grid_link \" href=\"https:\/\/geantdameublement.com\/wp-content\/uploads\/2024\/08\/exterieur8.jpg\" data-xtra-lightbox><img decoding=\"async\" class=\"\" src=\"https:\/\/geantdameublement.com\/wp-content\/uploads\/2024\/08\/exterieur8-377x252.jpg\" width=\"377\" height=\"252\" alt=\"exterieur8\" title=\"exterieur8\" loading=\"lazy\" \/><div class=\"cz_grid_details\"><i class=\"fa fa-search cz_grid_icon\"><\/i><\/div><\/a><\/div><\/div><div class=\"cz_grid_item \"><div><a class=\"cz_grid_link \" href=\"https:\/\/geantdameublement.com\/wp-content\/uploads\/2024\/08\/exterieur9.jpg\" data-xtra-lightbox><img decoding=\"async\" class=\"\" src=\"https:\/\/geantdameublement.com\/wp-content\/uploads\/2024\/08\/exterieur9-377x252.jpg\" width=\"377\" height=\"252\" alt=\"exterieur9\" title=\"exterieur9\" loading=\"lazy\" \/><div class=\"cz_grid_details\"><i class=\"fa fa-search cz_grid_icon\"><\/i><\/div><\/a><\/div><\/div><div class=\"cz_grid_item \"><div><a class=\"cz_grid_link \" href=\"https:\/\/geantdameublement.com\/wp-content\/uploads\/2024\/08\/exterieur11.jpg\" data-xtra-lightbox><img decoding=\"async\" class=\"\" src=\"https:\/\/geantdameublement.com\/wp-content\/uploads\/2024\/08\/exterieur11-377x252.jpg\" width=\"377\" height=\"252\" alt=\"exterieur11\" title=\"exterieur11\" loading=\"lazy\" \/><div class=\"cz_grid_details\"><i class=\"fa fa-search cz_grid_icon\"><\/i><\/div><\/a><\/div><\/div><div class=\"cz_grid_item \"><div><a class=\"cz_grid_link \" href=\"https:\/\/geantdameublement.com\/wp-content\/uploads\/2024\/08\/exterieur10.jpg\" data-xtra-lightbox><img decoding=\"async\" class=\"\" src=\"https:\/\/geantdameublement.com\/wp-content\/uploads\/2024\/08\/exterieur10-377x252.jpg\" width=\"377\" height=\"252\" alt=\"exterieur10\" title=\"exterieur10\" loading=\"lazy\" \/><div class=\"cz_grid_details\"><i class=\"fa fa-search cz_grid_icon\"><\/i><\/div><\/a><\/div><\/div><div class=\"cz_grid_item \"><div><a class=\"cz_grid_link \" href=\"https:\/\/geantdameublement.com\/wp-content\/uploads\/2024\/08\/exterieur12.jpg\" data-xtra-lightbox><img decoding=\"async\" class=\"\" src=\"https:\/\/geantdameublement.com\/wp-content\/uploads\/2024\/08\/exterieur12-377x252.jpg\" width=\"377\" height=\"252\" alt=\"exterieur12\" title=\"exterieur12\" loading=\"lazy\" \/><div class=\"cz_grid_details\"><i class=\"fa fa-search cz_grid_icon\"><\/i><\/div><\/a><\/div><\/div><\/div><\/div>[\/vc_column][\/vc_row]<\/p>\n<\/div>","protected":false},"excerpt":{"rendered":"<p>[vc_row full_width=\u00a0\u00bbstretch_row_content_no_spaces\u00a0\u00bb][vc_column][\/vc_column][\/vc_row][vc_row][vc_column width=\u00a0\u00bb1\/6&Prime;][\/vc_column][vc_column width=\u00a0\u00bb2\/3&Prime;][vc_column_text] Chez le G\u00e9ant d&rsquo;ameublement nous pensons que &#8230; <\/p>\n","protected":false},"author":1,"featured_media":0,"parent":0,"menu_order":0,"comment_status":"closed","ping_status":"closed","template":"","meta":{"footnotes":""},"class_list":["post-1860","page","type-page","status-publish","hentry"],"_links":{"self":[{"href":"https:\/\/geantdameublement.com\/index.php?rest_route=\/wp\/v2\/pages\/1860","targetHints":{"allow":["GET"]}}],"collection":[{"href":"https:\/\/geantdameublement.com\/index.php?rest_route=\/wp\/v2\/pages"}],"about":[{"href":"https:\/\/geantdameublement.com\/index.php?rest_route=\/wp\/v2\/types\/page"}],"author":[{"embeddable":true,"href":"https:\/\/geantdameublement.com\/index.php?rest_route=\/wp\/v2\/users\/1"}],"replies":[{"embeddable":true,"href":"https:\/\/geantdameublement.com\/index.php?rest_route=%2Fwp%2Fv2%2Fcomments&post=1860"}],"version-history":[{"count":0,"href":"https:\/\/geantdameublement.com\/index.php?rest_route=\/wp\/v2\/pages\/1860\/revisions"}],"wp:attachment":[{"href":"https:\/\/geantdameublement.com\/index.php?rest_route=%2Fwp%2Fv2%2Fmedia&parent=1860"}],"curies":[{"name":"wp","href":"https:\/\/api.w.org\/{rel}","templated":true}]}}