{"id":2060,"date":"2024-08-07T12:07:35","date_gmt":"2024-08-07T10:07:35","guid":{"rendered":"https:\/\/carthage-tech.net\/demo\/geant\/?page_id=1010"},"modified":"2024-11-11T20:00:42","modified_gmt":"2024-11-11T20:00:42","slug":"cuisine-contemporain-1","status":"publish","type":"page","link":"https:\/\/geantdameublement.com\/?page_id=2060","title":{"rendered":"Cuisine Contemporain 1"},"content":{"rendered":"<div class=\"wpb-content-wrapper\"><p>[vc_row full_width=\u00a0\u00bbstretch_row_content_no_spaces\u00a0\u00bb][vc_column]<div id=\"cz_99036\" class=\"cz_99036 cz_banner clr\">\n\t\t\t<figure class=\"effect-style2\">\n\t\t\t\t<img decoding=\"async\" class=\"\" src=\"https:\/\/geantdameublement.com\/wp-content\/uploads\/2024\/08\/contemporain1-banner-1600x620.webp\" width=\"1600\" height=\"620\" alt=\"contemporain1-banner\" title=\"contemporain1-banner\" loading=\"lazy\" \/>\n\t\t\t\t<figcaption><div><h4>Atelier<\/h4><\/div><\/figcaption>\t\t\t\n\t\t\t<\/figure>\n\t\t<\/div><div id=\"cz_29255\" class=\"cz_29255 cz_title clr cz_title_pos_inline\"><div class=\"cz_title_content\"><span class=\"cz_line_side_solo\">_<\/span><div class=\"cz_wpe_content\"><p>FICHE TECHNIQUE<\/p>\n<\/div><\/div><\/div>[\/vc_column][\/vc_row][vc_row][vc_column]<div class=\"cz_gap clr \" style=\"height: 50px\"><\/div>[\/vc_column][\/vc_row][vc_row][vc_column width=\u00a0\u00bb1\/2&Prime;]<div id=\"cz_38906\" class=\"cz_38906 cz_title clr cz_title_pos_inline wpb_animate_when_almost_visible fadeInUp\"><div class=\"cz_title_content\"><div class=\"cz_wpe_content\"><p style=\"line-height: 1;\"><span style=\"font-size: 46px; font-weight: 200;\">BOIS VERITABLE<\/span><\/p>\n<\/div><\/div><\/div>[\/vc_column][vc_column width=\u00a0\u00bb1\/2&Prime;]<div id=\"cz_32766\" class=\"cz_32766 cz_title clr cz_title_pos_inline wpb_animate_when_almost_visible fadeInUp\"><div class=\"cz_title_content\"><div class=\"cz_wpe_content\"><p><span style=\"font-size: 19px; font-weight: 300;\">Mat\u00e9riau noble et ancien, le bois v\u00e9ritable transmet des sensations que seules les mati\u00e8res naturelles peuvent inspirer.<br \/>\nLa structure en bois massif de la cuisine ATELIER dans les essences fines de Ch\u00eane ou de Fr\u00eane est r\u00e9alis\u00e9e avec des mati\u00e8res premi\u00e8res d&rsquo;origine v\u00e9g\u00e9tale, dans le respect des g\u00e9n\u00e9rations futures. Ils suivent des normes environnementales strictes gr\u00e2ce \u00e0 la collaboration avec les meilleurs partenaires technologiques de l&rsquo;industrie, parce que le bois est un mat\u00e9riau vivant qui repr\u00e9sente le lien direct avec la nature plus que tout autre.<\/span><\/p>\n<\/div><\/div><\/div>[\/vc_column][\/vc_row][vc_row][vc_column]<div class=\"cz_gap clr \" style=\"height: 50px\"><\/div>[\/vc_column][\/vc_row][vc_row full_width=\u00a0\u00bbstretch_row_content_no_spaces\u00a0\u00bb][vc_column width=\u00a0\u00bb1\/2&Prime;]<div class=\"cz_gap clr \" style=\"height: 110px\"><\/div><div id=\"cz_91985\" class=\"cz_91985 cz_title clr cz_title_pos_inline wpb_animate_when_almost_visible fadeInUp\"><div class=\"cz_title_content\"><div class=\"cz_wpe_content\"><p><span style=\"font-size: 19px; font-weight: 300;\">La p\u00e9ninsule de la zone de lavage est caract\u00e9ris\u00e9e par le plan de travail Fenix Cacao Orinoco. Il s&rsquo;agit d&rsquo;un produit homog\u00e8ne et non poreux \u00e0 haute densit\u00e9 qui pr\u00e9sente des caract\u00e9ristiques uniques : il se distingue par sa faible r\u00e9flexion de la lumi\u00e8re et il est donc extr\u00eamement mat, soyeux au toucher et surtout r\u00e9parable en cas de micro rayures. Les fronts lisses sont exprim\u00e9s dans le mod\u00e8le laqu\u00e9 mat SP.22 Cacao, afin de cr\u00e9er un monolithe monochromatique. La poign\u00e9e encastr\u00e9e \u00ab\u00a0Accakappa\u00a0\u00bb gris m\u00e9tal est privil\u00e9gi\u00e9e pour l&rsquo;ouverture de ces fa\u00e7ades et elle dispara\u00eet presque dans le volume de la p\u00e9ninsule.<\/span><\/p>\n<\/div><\/div><\/div><div class=\"cz_gap clr \" style=\"height: 80px\"><\/div><div id=\"cz_63931\" class=\"cz_63931 cz_image clr cz_image_no_fx center_on_mobile wpb_animate_when_almost_visible fadeInUp\"><div class=\"\" ><div class=\"cz_image_in\"><div class=\"cz_main_image\"><img decoding=\"async\" class=\"\" src=\"https:\/\/geantdameublement.com\/wp-content\/uploads\/2024\/08\/contemporain1-1-600x700.webp\" width=\"600\" height=\"700\" alt=\"contemporain1-1\" title=\"contemporain1-1\" loading=\"lazy\" \/><\/div><\/div><\/div><\/div>[\/vc_column][vc_column width=\u00a0\u00bb1\/2&Prime;]<div id=\"cz_51420\" class=\"cz_51420 cz_image clr cz_image_no_fx center_on_mobile wpb_animate_when_almost_visible fadeInRight\"><div class=\"\" ><div class=\"cz_image_in\"><div class=\"cz_main_image\"><img decoding=\"async\" class=\"\" src=\"https:\/\/geantdameublement.com\/wp-content\/uploads\/2024\/08\/contemporain1-2-800x1200.webp\" width=\"800\" height=\"1200\" alt=\"contemporain1-2\" title=\"contemporain1-2\" loading=\"lazy\" \/><\/div><\/div><\/div><\/div>[\/vc_column][\/vc_row][vc_row full_width=\u00a0\u00bbstretch_row_content_no_spaces\u00a0\u00bb][vc_column]<div class=\"cz_gap clr \" style=\"height: 100px\"><\/div>[\/vc_column][\/vc_row][vc_row full_width=\u00a0\u00bbstretch_row_content_no_spaces\u00a0\u00bb][vc_column width=\u00a0\u00bb1\/2&Prime;]<div id=\"cz_89965\" class=\"cz_89965 cz_image clr cz_image_no_fx center_on_mobile wpb_animate_when_almost_visible fadeInRight\"><div class=\"\" ><div class=\"cz_image_in\"><div class=\"cz_main_image\"><img decoding=\"async\" class=\"\" src=\"https:\/\/geantdameublement.com\/wp-content\/uploads\/2024\/08\/contemporain1-3-800x1250.webp\" width=\"800\" height=\"1250\" alt=\"contemporain1-3\" title=\"contemporain1-3\" loading=\"lazy\" \/><\/div><\/div><\/div><\/div>[\/vc_column][vc_column width=\u00a0\u00bb1\/2&Prime;]<div class=\"cz_gap clr \" style=\"height: 50px\"><\/div><div id=\"cz_28464\" class=\"cz_28464 cz_image clr cz_image_no_fx center_on_mobile wpb_animate_when_almost_visible fadeInUp\"><div class=\"\" ><div class=\"cz_image_in\"><div class=\"cz_main_image\"><img decoding=\"async\" class=\"\" src=\"https:\/\/geantdameublement.com\/wp-content\/uploads\/2024\/08\/contemporain1-4.webp\" width=\"600\" height=\"668\" alt=\"contemporain1-4\" title=\"contemporain1-4\" loading=\"lazy\" \/><\/div><\/div><\/div><\/div><div class=\"cz_gap clr \" style=\"height: 50px\"><\/div><div id=\"cz_41722\" class=\"cz_41722 cz_title clr cz_title_pos_inline wpb_animate_when_almost_visible fadeInUp\"><div class=\"cz_title_content\"><div class=\"cz_wpe_content\"><p><span style=\"font-size: 19px; font-weight: 300;\">Les meubles hauts avec porte lisse SP.22 sont laqu\u00e9s Cacao mat et disposent d&rsquo;appareils encastr\u00e9s, tels que le four et le grand r\u00e9frig\u00e9rateur Everest d&rsquo;une capacit\u00e9 nette de 400 litres, qui offre jusqu&rsquo;\u00e0 40 % d&rsquo;espace en plus.<\/span><br \/>\n<span style=\"font-size: 19px; font-weight: 300;\">Le meuble haut o\u00f9 est install\u00e9 le r\u00e9frig\u00e9rateur mesure 75 cm de large et se termine par l&rsquo;\u00e9l\u00e9ment Filogiorno XXL marqu\u00e9 par dix s\u00e9parations.<\/span><br \/>\n<span style=\"font-size: 19px; font-weight: 300;\">L&rsquo;augmentation de la profondeur de la surface du plan de travail et du dosseret dans la m\u00eame finition, o\u00f9 ont \u00e9t\u00e9 plac\u00e9es la hotte et la barre \u00e0 outils suspendue \u00ab\u00a0Vintage\u00a0\u00bb, est d\u00e9taill\u00e9e et bien mise en \u00e9vidence.<\/span><\/p>\n<\/div><\/div><\/div>[\/vc_column][\/vc_row][vc_row][vc_column]<div class=\"cz_gap clr \" style=\"height: 100px\"><\/div>[\/vc_column][\/vc_row][vc_row full_width=\u00a0\u00bbstretch_row_content_no_spaces\u00a0\u00bb][vc_column]<div id=\"cz_77941\" class=\"cz_77941 cz_image clr cz_image_no_fx center_on_mobile wpb_animate_when_almost_visible zoomIn\"><div class=\"\" ><div class=\"cz_image_in\"><div class=\"cz_main_image\"><img decoding=\"async\" width=\"2500\" height=\"1450\" src=\"https:\/\/geantdameublement.com\/wp-content\/uploads\/2024\/08\/contemporain1-5.webp\" class=\"attachment-full\" alt=\"\" title=\"contemporain1-5\" srcset=\"https:\/\/geantdameublement.com\/wp-content\/uploads\/2024\/08\/contemporain1-5.webp 2500w, https:\/\/geantdameublement.com\/wp-content\/uploads\/2024\/08\/contemporain1-5-300x174.webp 300w, https:\/\/geantdameublement.com\/wp-content\/uploads\/2024\/08\/contemporain1-5-1024x594.webp 1024w, https:\/\/geantdameublement.com\/wp-content\/uploads\/2024\/08\/contemporain1-5-768x445.webp 768w, https:\/\/geantdameublement.com\/wp-content\/uploads\/2024\/08\/contemporain1-5-1536x891.webp 1536w, https:\/\/geantdameublement.com\/wp-content\/uploads\/2024\/08\/contemporain1-5-2048x1188.webp 2048w, https:\/\/geantdameublement.com\/wp-content\/uploads\/2024\/08\/contemporain1-5-600x348.webp 600w\" sizes=\"(max-width: 2500px) 100vw, 2500px\" \/><\/div><\/div><\/div><\/div>[\/vc_column][\/vc_row][vc_row][vc_column]<div class=\"cz_gap clr \" style=\"height: 100px\"><\/div>[\/vc_column][\/vc_row][vc_row][vc_column width=\u00a0\u00bb1\/6&Prime;][\/vc_column][vc_column width=\u00a0\u00bb2\/3&Prime;]<div id=\"cz_37330\" class=\"cz_37330 cz_title clr cz_title_pos_inline tac wpb_animate_when_almost_visible fadeInUp\"><div class=\"cz_title_content\"><div class=\"cz_wpe_content\"><p style=\"text-align: center;\"><span style=\"font-size: 19px; font-weight: 300;\">Cette solution illustre parfaitement la possibilit\u00e9 d&rsquo;associer deux finitions diff\u00e9rentes dans le m\u00eame meuble bas. La possibilit\u00e9 de diviser l&rsquo;espace de confinement de l&rsquo;unit\u00e9 de base dans la partie inf\u00e9rieure avec une porte de 60 cm de hauteur permet de cr\u00e9er au-dessus un espace pour un tiroir de 12 cm de hauteur, o\u00f9 vous pouvez mettre des plateaux de couverts de diff\u00e9rentes finitions. Le support m\u00e9canique TIP-ON de BLUM a \u00e9t\u00e9 pr\u00e9f\u00e9r\u00e9 pour ouvrir ce tiroir d&rsquo;une simple pression, \u00e9vitant ainsi la poign\u00e9e. Pour le fermer, il suffit d&rsquo;appuyer doucement sur la partie frontale du tiroir.<\/span><\/p>\n<\/div><\/div><\/div>[\/vc_column][vc_column width=\u00a0\u00bb1\/6&Prime;][\/vc_column][\/vc_row][vc_row][vc_column]<div class=\"cz_gap clr \" style=\"height: 100px\"><\/div>[\/vc_column][\/vc_row][vc_row full_width=\u00a0\u00bbstretch_row_content_no_spaces\u00a0\u00bb][vc_column width=\u00a0\u00bb1\/2&Prime;]<div id=\"cz_93267\" class=\"cz_93267 cz_image clr cz_image_no_fx center_on_mobile wpb_animate_when_almost_visible fadeInUp\"><div class=\"\" ><div class=\"cz_image_in\"><div class=\"cz_main_image\"><img decoding=\"async\" width=\"1000\" height=\"1250\" src=\"https:\/\/geantdameublement.com\/wp-content\/uploads\/2024\/08\/contemporain1-6-2-1.webp\" class=\"attachment-full\" alt=\"\" title=\"contemporain1-6\" srcset=\"https:\/\/geantdameublement.com\/wp-content\/uploads\/2024\/08\/contemporain1-6-2-1.webp 1000w, https:\/\/geantdameublement.com\/wp-content\/uploads\/2024\/08\/contemporain1-6-2-1-240x300.webp 240w, https:\/\/geantdameublement.com\/wp-content\/uploads\/2024\/08\/contemporain1-6-2-1-819x1024.webp 819w, https:\/\/geantdameublement.com\/wp-content\/uploads\/2024\/08\/contemporain1-6-2-1-768x960.webp 768w, https:\/\/geantdameublement.com\/wp-content\/uploads\/2024\/08\/contemporain1-6-2-1-600x750.webp 600w\" sizes=\"(max-width: 1000px) 100vw, 1000px\" \/><\/div><\/div><\/div><\/div>[\/vc_column][vc_column width=\u00a0\u00bb1\/2&Prime;]<div id=\"cz_79236\" class=\"cz_79236 cz_image clr cz_image_no_fx center_on_mobile wpb_animate_when_almost_visible fadeInUp\"><div class=\"\" ><div class=\"cz_image_in\"><div class=\"cz_main_image\"><img decoding=\"async\" width=\"1000\" height=\"1250\" src=\"https:\/\/geantdameublement.com\/wp-content\/uploads\/2024\/08\/contemporain1-7.webp\" class=\"attachment-full\" alt=\"\" title=\"contemporain1-7\" srcset=\"https:\/\/geantdameublement.com\/wp-content\/uploads\/2024\/08\/contemporain1-7.webp 1000w, https:\/\/geantdameublement.com\/wp-content\/uploads\/2024\/08\/contemporain1-7-240x300.webp 240w, https:\/\/geantdameublement.com\/wp-content\/uploads\/2024\/08\/contemporain1-7-819x1024.webp 819w, https:\/\/geantdameublement.com\/wp-content\/uploads\/2024\/08\/contemporain1-7-768x960.webp 768w, https:\/\/geantdameublement.com\/wp-content\/uploads\/2024\/08\/contemporain1-7-600x750.webp 600w\" sizes=\"(max-width: 1000px) 100vw, 1000px\" \/><\/div><\/div><\/div><\/div>[\/vc_column][\/vc_row]<\/p>\n<\/div>","protected":false},"excerpt":{"rendered":"<p>[vc_row full_width=\u00a0\u00bbstretch_row_content_no_spaces\u00a0\u00bb][vc_column][\/vc_column][\/vc_row][vc_row][vc_column][\/vc_column][\/vc_row][vc_row][vc_column width=\u00a0\u00bb1\/2&Prime;][\/vc_column][vc_column width=\u00a0\u00bb1\/2&Prime;][\/vc_column][\/vc_row][vc_row][vc_column][\/vc_column][\/vc_row][vc_row full_width=\u00a0\u00bbstretch_row_content_no_spaces\u00a0\u00bb][vc_column width=\u00a0\u00bb1\/2&Prime;][\/vc_column][vc_column width=\u00a0\u00bb1\/2&Prime;][\/vc_column][\/vc_row][vc_row full_width=\u00a0\u00bbstretch_row_content_no_spaces\u00a0\u00bb][vc_column][\/vc_column][\/vc_row][vc_row full_width=\u00a0\u00bbstretch_row_content_no_spaces\u00a0\u00bb][vc_column width=\u00a0\u00bb1\/2&Prime;][\/vc_column][vc_column width=\u00a0\u00bb1\/2&Prime;][\/vc_column][\/vc_row][vc_row][vc_column][\/vc_column][\/vc_row][vc_row &#8230; <\/p>\n","protected":false},"author":1,"featured_media":0,"parent":1909,"menu_order":0,"comment_status":"closed","ping_status":"closed","template":"","meta":{"footnotes":""},"class_list":["post-2060","page","type-page","status-publish","hentry"],"_links":{"self":[{"href":"https:\/\/geantdameublement.com\/index.php?rest_route=\/wp\/v2\/pages\/2060","targetHints":{"allow":["GET"]}}],"collection":[{"href":"https:\/\/geantdameublement.com\/index.php?rest_route=\/wp\/v2\/pages"}],"about":[{"href":"https:\/\/geantdameublement.com\/index.php?rest_route=\/wp\/v2\/types\/page"}],"author":[{"embeddable":true,"href":"https:\/\/geantdameublement.com\/index.php?rest_route=\/wp\/v2\/users\/1"}],"replies":[{"embeddable":true,"href":"https:\/\/geantdameublement.com\/index.php?rest_route=%2Fwp%2Fv2%2Fcomments&post=2060"}],"version-history":[{"count":0,"href":"https:\/\/geantdameublement.com\/index.php?rest_route=\/wp\/v2\/pages\/2060\/revisions"}],"up":[{"embeddable":true,"href":"https:\/\/geantdameublement.com\/index.php?rest_route=\/wp\/v2\/pages\/1909"}],"wp:attachment":[{"href":"https:\/\/geantdameublement.com\/index.php?rest_route=%2Fwp%2Fv2%2Fmedia&parent=2060"}],"curies":[{"name":"wp","href":"https:\/\/api.w.org\/{rel}","templated":true}]}}