{"id":2147,"date":"2024-08-07T13:39:21","date_gmt":"2024-08-07T11:39:21","guid":{"rendered":"https:\/\/carthage-tech.net\/demo\/geant\/?page_id=1072"},"modified":"2024-11-11T20:31:27","modified_gmt":"2024-11-11T20:31:27","slug":"cuisine-contemporain-5","status":"publish","type":"page","link":"https:\/\/geantdameublement.com\/?page_id=2147","title":{"rendered":"Cuisine Contemporain 5"},"content":{"rendered":"<div class=\"wpb-content-wrapper\"><p>[vc_row full_width=\u00a0\u00bbstretch_row_content_no_spaces\u00a0\u00bb][vc_column]<div id=\"cz_13996\" class=\"cz_13996 cz_banner clr\">\n\t\t\t<figure class=\"effect-style2\">\n\t\t\t\t<img decoding=\"async\" class=\"\" src=\"https:\/\/geantdameublement.com\/wp-content\/uploads\/2024\/08\/contemporain5-banner-1600x620.webp\" width=\"1600\" height=\"620\" alt=\"contemporain5-banner\" title=\"contemporain5-banner\" loading=\"lazy\" \/>\n\t\t\t\t<figcaption><div><h4>Ego<\/h4><\/div><\/figcaption>\t\t\t\n\t\t\t<\/figure>\n\t\t<\/div><div id=\"cz_29255\" class=\"cz_29255 cz_title clr cz_title_pos_inline\"><div class=\"cz_title_content\"><span class=\"cz_line_side_solo\">_<\/span><div class=\"cz_wpe_content\"><p>FICHE TECHNIQUE<\/p>\n<\/div><\/div><\/div>[\/vc_column][\/vc_row][vc_row][vc_column]<div class=\"cz_gap clr \" style=\"height: 50px\"><\/div>[\/vc_column][\/vc_row][vc_row][vc_column width=\u00a0\u00bb1\/2&Prime;]<div id=\"cz_84474\" class=\"cz_84474 cz_title clr cz_title_pos_inline wpb_animate_when_almost_visible fadeInUp\"><div class=\"cz_title_content\"><div class=\"cz_wpe_content\"><p style=\"line-height: 1;\"><span style=\"font-size: 46px; font-weight: 200;\">CUISINE SUR MESURE<\/span><\/p>\n<\/div><\/div><\/div>[\/vc_column][vc_column width=\u00a0\u00bb1\/2&Prime;]<div id=\"cz_45210\" class=\"cz_45210 cz_title clr cz_title_pos_inline wpb_animate_when_almost_visible fadeInUp\"><div class=\"cz_title_content\"><div class=\"cz_wpe_content\"><p><span style=\"font-size: 19px; font-weight: 300;\">Les colonnes Ego en variante laqu\u00e9e gris m\u00e9tal mat, la m\u00eame teinte que le cadre m\u00e9tallique des armoires en verre Telayo.<br \/>\nEl\u00e9ments bas Ego en stratifi\u00e9 blanc textur\u00e9 et laqu\u00e9 mat EFESO sous la table de cuisson.<br \/>\nOuverture par poign\u00e9e Tondino.<br \/>\nPlan de travail en stratifi\u00e9 Hpl Moiet avec bord Unicolor. <\/span><\/p>\n<\/div><\/div><\/div>[\/vc_column][\/vc_row][vc_row][vc_column]<div class=\"cz_gap clr \" style=\"height: 50px\"><\/div>[\/vc_column][\/vc_row][vc_row full_width=\u00a0\u00bbstretch_row_content_no_spaces\u00a0\u00bb][vc_column]<div id=\"cz_35651\" class=\"cz_35651 cz_image clr cz_image_no_fx center_on_mobile wpb_animate_when_almost_visible zoomIn\"><div class=\"\" ><div class=\"cz_image_in\"><div class=\"cz_main_image\"><img decoding=\"async\" width=\"2500\" height=\"1450\" src=\"https:\/\/geantdameublement.com\/wp-content\/uploads\/2024\/08\/contemporain5-1.webp\" class=\"attachment-full\" alt=\"\" title=\"contemporain5-1\" srcset=\"https:\/\/geantdameublement.com\/wp-content\/uploads\/2024\/08\/contemporain5-1.webp 2500w, https:\/\/geantdameublement.com\/wp-content\/uploads\/2024\/08\/contemporain5-1-300x174.webp 300w, https:\/\/geantdameublement.com\/wp-content\/uploads\/2024\/08\/contemporain5-1-1024x594.webp 1024w, https:\/\/geantdameublement.com\/wp-content\/uploads\/2024\/08\/contemporain5-1-768x445.webp 768w, https:\/\/geantdameublement.com\/wp-content\/uploads\/2024\/08\/contemporain5-1-1536x891.webp 1536w, https:\/\/geantdameublement.com\/wp-content\/uploads\/2024\/08\/contemporain5-1-2048x1188.webp 2048w, https:\/\/geantdameublement.com\/wp-content\/uploads\/2024\/08\/contemporain5-1-600x348.webp 600w\" sizes=\"(max-width: 2500px) 100vw, 2500px\" \/><\/div><\/div><\/div><\/div>[\/vc_column][\/vc_row][vc_row][vc_column]<div class=\"cz_gap clr \" style=\"height: 50px\"><\/div>[\/vc_column][\/vc_row][vc_row full_width=\u00a0\u00bbstretch_row_content_no_spaces\u00a0\u00bb][vc_column width=\u00a0\u00bb1\/2&Prime;]<div id=\"cz_82953\" class=\"cz_82953 cz_image clr cz_image_no_fx center_on_mobile wpb_animate_when_almost_visible fadeInRight\"><div class=\"\" ><div class=\"cz_image_in\"><div class=\"cz_main_image\"><img decoding=\"async\" class=\"\" src=\"https:\/\/geantdameublement.com\/wp-content\/uploads\/2024\/08\/contemporain5-2-800x1100.webp\" width=\"800\" height=\"1100\" alt=\"contemporain5-2\" title=\"contemporain5-2\" loading=\"lazy\" \/><\/div><\/div><\/div><\/div>[\/vc_column][vc_column width=\u00a0\u00bb1\/2&Prime;]<div class=\"cz_gap clr \" style=\"height: 70px\"><\/div><div id=\"cz_85633\" class=\"cz_85633 cz_image clr cz_image_no_fx center_on_mobile wpb_animate_when_almost_visible fadeInUp\"><div class=\"\" ><div class=\"cz_image_in\"><div class=\"cz_main_image\"><img decoding=\"async\" class=\"\" src=\"https:\/\/geantdameublement.com\/wp-content\/uploads\/2024\/08\/contemporain5-3.webp\" width=\"600\" height=\"600\" alt=\"contemporain5-3\" title=\"contemporain5-3\" loading=\"lazy\" \/><\/div><\/div><\/div><\/div><div class=\"cz_gap clr \" style=\"height: 60px\"><\/div><div id=\"cz_100492\" class=\"cz_100492 cz_title clr cz_title_pos_inline wpb_animate_when_almost_visible fadeInUp\"><div class=\"cz_title_content\"><div class=\"cz_wpe_content\"><p><span style=\"font-size: 19px; font-weight: 300;\">L&rsquo;utilisation dans le projet EGO de fa\u00e7ades disponibles en stock en finition stratifi\u00e9 blanc permet, sur demande, de disposer d&rsquo;un programme de fa\u00e7ades pigment\u00e9es par une laque mate dans une large gamme de couleurs. A l&rsquo;arri\u00e8re-plan se trouve la hotte Belle Epoque de 150 cm de large, dont la surface a \u00e9t\u00e9 laqu\u00e9e en Gris M\u00e9tal mat. Le confortable canal en acier \u00e9quip\u00e9 de Barazza compl\u00e8te l&rsquo;efficacit\u00e9 et la praticit\u00e9 de l&rsquo;\u00eelot op\u00e9rationnel, en desservant le comptoir dans l&rsquo;essence de ch\u00eane noueux naturel.<\/span><\/p>\n<\/div><\/div><\/div>[\/vc_column][\/vc_row][vc_row][vc_column]<div class=\"cz_gap clr \" style=\"height: 50px\"><\/div>[\/vc_column][\/vc_row][vc_row full_width=\u00a0\u00bbstretch_row_content_no_spaces\u00a0\u00bb][vc_column]<div id=\"cz_17806\" class=\"cz_17806 cz_image clr cz_image_no_fx center_on_mobile wpb_animate_when_almost_visible zoomIn\"><div class=\"\" ><div class=\"cz_image_in\"><div class=\"cz_main_image\"><img decoding=\"async\" width=\"2500\" height=\"1450\" src=\"https:\/\/geantdameublement.com\/wp-content\/uploads\/2024\/08\/contemporain5-4.webp\" class=\"attachment-full\" alt=\"\" title=\"contemporain5-4\" srcset=\"https:\/\/geantdameublement.com\/wp-content\/uploads\/2024\/08\/contemporain5-4.webp 2500w, https:\/\/geantdameublement.com\/wp-content\/uploads\/2024\/08\/contemporain5-4-300x174.webp 300w, https:\/\/geantdameublement.com\/wp-content\/uploads\/2024\/08\/contemporain5-4-1024x594.webp 1024w, https:\/\/geantdameublement.com\/wp-content\/uploads\/2024\/08\/contemporain5-4-768x445.webp 768w, https:\/\/geantdameublement.com\/wp-content\/uploads\/2024\/08\/contemporain5-4-1536x891.webp 1536w, https:\/\/geantdameublement.com\/wp-content\/uploads\/2024\/08\/contemporain5-4-2048x1188.webp 2048w, https:\/\/geantdameublement.com\/wp-content\/uploads\/2024\/08\/contemporain5-4-600x348.webp 600w\" sizes=\"(max-width: 2500px) 100vw, 2500px\" \/><\/div><\/div><\/div><\/div>[\/vc_column][\/vc_row][vc_row][vc_column]<div class=\"cz_gap clr \" style=\"height: 50px\"><\/div>[\/vc_column][\/vc_row][vc_row full_width=\u00a0\u00bbstretch_row_content_no_spaces\u00a0\u00bb][vc_column width=\u00a0\u00bb1\/2&Prime;]<div class=\"cz_gap clr \" style=\"height: 110px\"><\/div><div id=\"cz_71561\" class=\"cz_71561 cz_image clr cz_image_no_fx center_on_mobile wpb_animate_when_almost_visible fadeInUp\"><div class=\"\" ><div class=\"cz_image_in\"><div class=\"cz_main_image\"><img decoding=\"async\" class=\"\" src=\"https:\/\/geantdameublement.com\/wp-content\/uploads\/2024\/08\/contemporain5-5.webp\" width=\"600\" height=\"600\" alt=\"contemporain5-5\" title=\"contemporain5-5\" loading=\"lazy\" \/><\/div><\/div><\/div><\/div><div class=\"cz_gap clr \" style=\"height: 70px\"><\/div><div id=\"cz_107859\" class=\"cz_107859 cz_title clr cz_title_pos_inline wpb_animate_when_almost_visible fadeInUp\"><div class=\"cz_title_content\"><div class=\"cz_wpe_content\"><p><span style=\"font-size: 19px; font-weight: 300;\">Le tiroir Orion Gris mat de Blum exprime les progr\u00e8s les plus avanc\u00e9s en termes de fonctionnalit\u00e9. Lin\u00e9aire, sobre et essentiel, il pr\u00e9sente des c\u00f4t\u00e9s int\u00e9rieurs et ext\u00e9rieurs droits, avec une \u00e9paisseur \u00e9tonnamment fine de seulement 12,8 mm, s&rsquo;int\u00e9grant harmonieusement dans le meuble de rangement. Un nouveau syst\u00e8me de guidage garantit un confort de mouvement maximal. Dans le d\u00e9tail, il a \u00e9t\u00e9 \u00e9quip\u00e9 d&rsquo;un porte-couverts avec des s\u00e9parateurs en bois de la ligne Easy-Line d&rsquo;Essetre<\/span><\/p>\n<\/div><\/div><\/div>[\/vc_column][vc_column width=\u00a0\u00bb1\/2&Prime;]<div id=\"cz_102828\" class=\"cz_102828 cz_image clr cz_image_no_fx center_on_mobile wpb_animate_when_almost_visible fadeInRight\"><div class=\"\" ><div class=\"cz_image_in\"><div class=\"cz_main_image\"><img decoding=\"async\" class=\"\" src=\"https:\/\/geantdameublement.com\/wp-content\/uploads\/2024\/08\/contemporain5-6-1-800x1200.webp\" width=\"800\" height=\"1200\" alt=\"contemporain5-6\" title=\"contemporain5-6\" loading=\"lazy\" \/><\/div><\/div><\/div><\/div>[\/vc_column][\/vc_row][vc_row][vc_column]<div class=\"cz_gap clr \" style=\"height: 50px\"><\/div>[\/vc_column][\/vc_row][vc_row full_width=\u00a0\u00bbstretch_row_content_no_spaces\u00a0\u00bb][vc_column width=\u00a0\u00bb1\/2&Prime;]<div id=\"cz_90895\" class=\"cz_90895 cz_image clr cz_image_no_fx center_on_mobile wpb_animate_when_almost_visible fadeInRight\"><div class=\"\" ><div class=\"cz_image_in\"><div class=\"cz_main_image\"><img decoding=\"async\" class=\"\" src=\"https:\/\/geantdameublement.com\/wp-content\/uploads\/2024\/08\/contemporain5-7-800x1200.webp\" width=\"800\" height=\"1200\" alt=\"contemporain5-7\" title=\"contemporain5-7\" loading=\"lazy\" \/><\/div><\/div><\/div><\/div>[\/vc_column][vc_column width=\u00a0\u00bb1\/2&Prime;]<div class=\"cz_gap clr \" style=\"height: 130px\"><\/div><div id=\"cz_44983\" class=\"cz_44983 cz_title clr cz_title_pos_inline wpb_animate_when_almost_visible fadeInUp\"><div class=\"cz_title_content\"><div class=\"cz_wpe_content\"><p><span style=\"font-size: 46px; font-weight: 200;\">Verre Telayo<\/span><\/p>\n<p>&nbsp;<\/p>\n<p><span style=\"font-size: 19px; font-weight: 200;\">Disponibles en diff\u00e9rentes tailles, les vitrines Telayo se caract\u00e9risent par un cadre m\u00e9tallique en finition Metal Grey avec poign\u00e9e incorpor\u00e9e sur le c\u00f4t\u00e9.<br \/>\nElles offrent un verre fum\u00e9 bronz\u00e9 et sont \u00e9quip\u00e9es de charni\u00e8res sp\u00e9ciales et performantes qui disparaissent dans le profil de la porte, pour un design \u00e9pur\u00e9 et minimal. Les \u00e9tag\u00e8res en verre donnent encore plus de l\u00e9g\u00e8ret\u00e9 et d&rsquo;\u00e9l\u00e9gance \u00e0 la proposition, en permettant \u00e0 la lumi\u00e8re interne de rayonner sans entrave dans tout le compartiment.<\/span><\/p>\n<\/div><\/div><\/div><div class=\"cz_gap clr \" style=\"height: 80px\"><\/div><div id=\"cz_99708\" class=\"cz_99708 cz_image clr cz_image_no_fx center_on_mobile wpb_animate_when_almost_visible fadeInUp\"><div class=\"\" ><div class=\"cz_image_in\"><div class=\"cz_main_image\"><img decoding=\"async\" class=\"\" src=\"https:\/\/geantdameublement.com\/wp-content\/uploads\/2024\/08\/contemporain5-8.webp\" width=\"600\" height=\"600\" alt=\"contemporain5-8\" title=\"contemporain5-8\" loading=\"lazy\" \/><\/div><\/div><\/div><\/div>[\/vc_column][\/vc_row][vc_row][vc_column]<div class=\"cz_gap clr \" style=\"height: 50px\"><\/div>[\/vc_column][\/vc_row][vc_row][vc_column]<div id=\"cz_70362\" class=\"cz_70362 cz_image clr cz_image_no_fx center_on_mobile wpb_animate_when_almost_visible zoomIn\"><div class=\"\" ><div class=\"cz_image_in\"><div class=\"cz_main_image\"><img decoding=\"async\" width=\"950\" height=\"800\" src=\"https:\/\/geantdameublement.com\/wp-content\/uploads\/2024\/08\/contemporain5-9.webp\" class=\"attachment-full\" alt=\"\" title=\"contemporain5-9\" srcset=\"https:\/\/geantdameublement.com\/wp-content\/uploads\/2024\/08\/contemporain5-9.webp 950w, https:\/\/geantdameublement.com\/wp-content\/uploads\/2024\/08\/contemporain5-9-300x253.webp 300w, https:\/\/geantdameublement.com\/wp-content\/uploads\/2024\/08\/contemporain5-9-768x647.webp 768w, https:\/\/geantdameublement.com\/wp-content\/uploads\/2024\/08\/contemporain5-9-600x505.webp 600w\" sizes=\"(max-width: 950px) 100vw, 950px\" \/><\/div><\/div><\/div><\/div>[\/vc_column][\/vc_row]<\/p>\n<\/div>","protected":false},"excerpt":{"rendered":"<p>[vc_row full_width=\u00a0\u00bbstretch_row_content_no_spaces\u00a0\u00bb][vc_column][\/vc_column][\/vc_row][vc_row][vc_column][\/vc_column][\/vc_row][vc_row][vc_column width=\u00a0\u00bb1\/2&Prime;][\/vc_column][vc_column width=\u00a0\u00bb1\/2&Prime;][\/vc_column][\/vc_row][vc_row][vc_column][\/vc_column][\/vc_row][vc_row full_width=\u00a0\u00bbstretch_row_content_no_spaces\u00a0\u00bb][vc_column][\/vc_column][\/vc_row][vc_row][vc_column][\/vc_column][\/vc_row][vc_row full_width=\u00a0\u00bbstretch_row_content_no_spaces\u00a0\u00bb][vc_column width=\u00a0\u00bb1\/2&Prime;][\/vc_column][vc_column width=\u00a0\u00bb1\/2&Prime;][\/vc_column][\/vc_row][vc_row][vc_column][\/vc_column][\/vc_row][vc_row full_width=\u00a0\u00bbstretch_row_content_no_spaces\u00a0\u00bb][vc_column][\/vc_column][\/vc_row][vc_row][vc_column][\/vc_column][\/vc_row][vc_row full_width=\u00a0\u00bbstretch_row_content_no_spaces\u00a0\u00bb][vc_column width=\u00a0\u00bb1\/2&Prime;][\/vc_column][vc_column &#8230; <\/p>\n","protected":false},"author":1,"featured_media":0,"parent":1909,"menu_order":0,"comment_status":"closed","ping_status":"closed","template":"","meta":{"footnotes":""},"class_list":["post-2147","page","type-page","status-publish","hentry"],"_links":{"self":[{"href":"https:\/\/geantdameublement.com\/index.php?rest_route=\/wp\/v2\/pages\/2147","targetHints":{"allow":["GET"]}}],"collection":[{"href":"https:\/\/geantdameublement.com\/index.php?rest_route=\/wp\/v2\/pages"}],"about":[{"href":"https:\/\/geantdameublement.com\/index.php?rest_route=\/wp\/v2\/types\/page"}],"author":[{"embeddable":true,"href":"https:\/\/geantdameublement.com\/index.php?rest_route=\/wp\/v2\/users\/1"}],"replies":[{"embeddable":true,"href":"https:\/\/geantdameublement.com\/index.php?rest_route=%2Fwp%2Fv2%2Fcomments&post=2147"}],"version-history":[{"count":0,"href":"https:\/\/geantdameublement.com\/index.php?rest_route=\/wp\/v2\/pages\/2147\/revisions"}],"up":[{"embeddable":true,"href":"https:\/\/geantdameublement.com\/index.php?rest_route=\/wp\/v2\/pages\/1909"}],"wp:attachment":[{"href":"https:\/\/geantdameublement.com\/index.php?rest_route=%2Fwp%2Fv2%2Fmedia&parent=2147"}],"curies":[{"name":"wp","href":"https:\/\/api.w.org\/{rel}","templated":true}]}}