{"id":2148,"date":"2024-08-07T14:03:31","date_gmt":"2024-08-07T12:03:31","guid":{"rendered":"https:\/\/carthage-tech.net\/demo\/geant\/?page_id=1086"},"modified":"2024-08-07T14:03:31","modified_gmt":"2024-08-07T12:03:31","slug":"cuisine-contemporain-6","status":"publish","type":"page","link":"https:\/\/geantdameublement.com\/?page_id=2148","title":{"rendered":"Cuisine Contemporain 6"},"content":{"rendered":"<div class=\"wpb-content-wrapper\"><p>[vc_row full_width=\u00a0\u00bbstretch_row_content_no_spaces\u00a0\u00bb][vc_column]<div id=\"cz_28010\" class=\"cz_28010 cz_banner clr\">\n\t\t\t<figure class=\"effect-style2\">\n\t\t\t\t<img decoding=\"async\" class=\"\" src=\"https:\/\/geantdameublement.com\/wp-content\/uploads\/2024\/08\/contemporain6-banner-1600x620.webp\" width=\"1600\" height=\"620\" alt=\"contemporain6-banner\" title=\"contemporain6-banner\" loading=\"lazy\" \/>\n\t\t\t\t<figcaption><div><h4>Old Line<\/h4><\/div><\/figcaption>\t\t\t\n\t\t\t<\/figure>\n\t\t<\/div><div id=\"cz_29255\" class=\"cz_29255 cz_title clr cz_title_pos_inline\"><div class=\"cz_title_content\"><span class=\"cz_line_side_solo\">_<\/span><div class=\"cz_wpe_content\"><p>FICHE TECHNIQUE<\/p>\n<\/div><\/div><\/div>[\/vc_column][\/vc_row][vc_row][vc_column]<div class=\"cz_gap clr \" style=\"height: 50px\"><\/div>[\/vc_column][\/vc_row][vc_row][vc_column width=\u00a0\u00bb1\/2&Prime;]<div id=\"cz_92142\" class=\"cz_92142 cz_title clr cz_title_pos_inline wpb_animate_when_almost_visible fadeInUp\"><div class=\"cz_title_content\"><div class=\"cz_wpe_content\"><p style=\"line-height: 1;\"><span style=\"font-size: 46px; font-weight: 200;\">DES ATMOSPHERES VECUES ET DES ESPACES \u00c0 VIVRE<\/span><\/p>\n<\/div><\/div><\/div>[\/vc_column][vc_column width=\u00a0\u00bb1\/2&Prime;]<div id=\"cz_27458\" class=\"cz_27458 cz_title clr cz_title_pos_inline wpb_animate_when_almost_visible fadeInUp\"><div class=\"cz_title_content\"><div class=\"cz_wpe_content\"><p><span style=\"font-size: 19px; font-weight: 300;\">Old Line interpr\u00e8te le mobilier avec un style essentiel, sans objets inutiles et encombrants, pour un environnement propre et ordonn\u00e9 en fonction des diff\u00e9rentes priorit\u00e9s. La combinaison d&rsquo;une architecture rigoureuse, typique des portes \u00e0 cadre, avec des couleurs douces et la pr\u00e9sence du bois au sol et au plafond, donne un aspect agr\u00e9able et tranquille \u00e0 tous les meubles.<br \/>\nUn parcours \u00e9co-durable dans lequel les surfaces en bois sont pr\u00e9sentes en grande quantit\u00e9 et d\u00e9veloppent une plus grande conscience de la protection de l&rsquo;environnement. <\/span><\/p>\n<\/div><\/div><\/div>[\/vc_column][\/vc_row][vc_row][vc_column]<div class=\"cz_gap clr \" style=\"height: 50px\"><\/div>[\/vc_column][\/vc_row][vc_row full_width=\u00a0\u00bbstretch_row_content_no_spaces\u00a0\u00bb][vc_column]<div id=\"cz_89285\" class=\"cz_89285 cz_image clr cz_image_no_fx center_on_mobile wpb_animate_when_almost_visible zoomIn\"><div class=\"\" ><div class=\"cz_image_in\"><div class=\"cz_main_image\"><img decoding=\"async\" width=\"2500\" height=\"1450\" src=\"https:\/\/geantdameublement.com\/wp-content\/uploads\/2024\/08\/contemporain6-1.webp\" class=\"attachment-full\" alt=\"\" title=\"contemporain6-1\" srcset=\"https:\/\/geantdameublement.com\/wp-content\/uploads\/2024\/08\/contemporain6-1.webp 2500w, https:\/\/geantdameublement.com\/wp-content\/uploads\/2024\/08\/contemporain6-1-300x174.webp 300w, https:\/\/geantdameublement.com\/wp-content\/uploads\/2024\/08\/contemporain6-1-1024x594.webp 1024w, https:\/\/geantdameublement.com\/wp-content\/uploads\/2024\/08\/contemporain6-1-768x445.webp 768w, https:\/\/geantdameublement.com\/wp-content\/uploads\/2024\/08\/contemporain6-1-1536x891.webp 1536w, https:\/\/geantdameublement.com\/wp-content\/uploads\/2024\/08\/contemporain6-1-2048x1188.webp 2048w, https:\/\/geantdameublement.com\/wp-content\/uploads\/2024\/08\/contemporain6-1-600x348.webp 600w\" sizes=\"(max-width: 2500px) 100vw, 2500px\" \/><\/div><\/div><\/div><\/div>[\/vc_column][\/vc_row][vc_row][vc_column]<div class=\"cz_gap clr \" style=\"height: 50px\"><\/div>[\/vc_column][\/vc_row][vc_row full_width=\u00a0\u00bbstretch_row_content_no_spaces\u00a0\u00bb][vc_column width=\u00a0\u00bb1\/2&Prime;]<div id=\"cz_85702\" class=\"cz_85702 cz_image clr cz_image_no_fx center_on_mobile wpb_animate_when_almost_visible fadeInRight\"><div class=\"\" ><div class=\"cz_image_in\"><div class=\"cz_main_image\"><img decoding=\"async\" class=\"\" src=\"https:\/\/geantdameublement.com\/wp-content\/uploads\/2024\/08\/contemporain6-2-800x1100.webp\" width=\"800\" height=\"1100\" alt=\"contemporain6-2\" title=\"contemporain6-2\" loading=\"lazy\" \/><\/div><\/div><\/div><\/div>[\/vc_column][vc_column width=\u00a0\u00bb1\/2&Prime;]<div class=\"cz_gap clr \" style=\"height: 70px\"><\/div><div id=\"cz_20133\" class=\"cz_20133 cz_title clr cz_title_pos_inline wpb_animate_when_almost_visible fadeInUp\"><div class=\"cz_title_content\"><div class=\"cz_wpe_content\"><p><span style=\"font-size: 19px; font-weight: 300;\">Pour l&rsquo;ouverture des \u00e9l\u00e9ments bas de cette composition, l&rsquo;\u00e9l\u00e9gante poign\u00e9e Tondino a \u00e9t\u00e9 choisie, tandis que pour les \u00e9l\u00e9ments muraux, une poign\u00e9e discr\u00e8te a \u00e9t\u00e9 obtenue, directement encastr\u00e9e dans le fond de ceux-ci. Des syst\u00e8mes d&#8217;embo\u00eetement permettent l&rsquo;ouverture des \u00e9l\u00e9ments muraux en porte-\u00e0-faux et des \u00e9l\u00e9ments situ\u00e9s au-dessus des colonnes. Les modules ouverts en mat\u00e9riau stratifi\u00e9 Resina Grafite d\u00e9finissent l&rsquo;espace avec une forte trace de couleur et s\u00e9parent id\u00e9alement les \u00e9l\u00e9ments muraux du garde-manger.<\/span><\/p>\n<\/div><\/div><\/div><div class=\"cz_gap clr \" style=\"height: 60px\"><\/div><div id=\"cz_86777\" class=\"cz_86777 cz_image clr cz_image_no_fx center_on_mobile wpb_animate_when_almost_visible fadeInUp\"><div class=\"\" ><div class=\"cz_image_in\"><div class=\"cz_main_image\"><img decoding=\"async\" class=\"\" src=\"https:\/\/geantdameublement.com\/wp-content\/uploads\/2024\/08\/contemporain6-3-600x700.webp\" width=\"600\" height=\"700\" alt=\"contemporain6-3\" title=\"contemporain6-3\" loading=\"lazy\" \/><\/div><\/div><\/div><\/div>[\/vc_column][\/vc_row][vc_row][vc_column]<div class=\"cz_gap clr \" style=\"height: 50px\"><\/div>[\/vc_column][\/vc_row][vc_row full_width=\u00a0\u00bbstretch_row_content_no_spaces\u00a0\u00bb][vc_column width=\u00a0\u00bb1\/2&Prime;]<div class=\"cz_gap clr \" style=\"height: 110px\"><\/div><div id=\"cz_60812\" class=\"cz_60812 cz_image clr cz_image_no_fx center_on_mobile wpb_animate_when_almost_visible fadeInUp\"><div class=\"\" ><div class=\"cz_image_in\"><div class=\"cz_main_image\"><img decoding=\"async\" class=\"\" src=\"https:\/\/geantdameublement.com\/wp-content\/uploads\/2024\/08\/contemporain6-4-600x700.webp\" width=\"600\" height=\"700\" alt=\"contemporain6-4\" title=\"contemporain6-4\" loading=\"lazy\" \/><\/div><\/div><\/div><\/div><div class=\"cz_gap clr \" style=\"height: 70px\"><\/div><div id=\"cz_50689\" class=\"cz_50689 cz_title clr cz_title_pos_inline wpb_animate_when_almost_visible fadeInUp\"><div class=\"cz_title_content\"><div class=\"cz_wpe_content\"><p><span style=\"font-size: 19px; font-weight: 300;\">Le Dekton utilis\u00e9 pour le plan de travail est un m\u00e9lange sophistiqu\u00e9 compos\u00e9 de plus de vingt min\u00e9raux naturels. Une technologie exclusive (TSP) est utilis\u00e9e pour acc\u00e9l\u00e9rer les changements m\u00e9tamorphiques auxquels la pierre naturelle est soumise depuis des mill\u00e9naires, dans des conditions de haute pression et de haute temp\u00e9rature. Le r\u00e9sultat est l&rsquo;absence de micro-d\u00e9fauts et la r\u00e9duction de la porosit\u00e9 du produit, dont la pr\u00e9sence peut provoquer des zones de tension et des points faibles. Pour cette raison, une garantie de 25 ans peut \u00eatre activ\u00e9e gratuitement sur les plans de travail Dekton, sous r\u00e9serve d&rsquo;enregistrement.<\/span><\/p>\n<\/div><\/div><\/div>[\/vc_column][vc_column width=\u00a0\u00bb1\/2&Prime;]<div id=\"cz_19381\" class=\"cz_19381 cz_image clr cz_image_no_fx center_on_mobile wpb_animate_when_almost_visible fadeInRight\"><div class=\"\" ><div class=\"cz_image_in\"><div class=\"cz_main_image\"><img decoding=\"async\" class=\"\" src=\"https:\/\/geantdameublement.com\/wp-content\/uploads\/2024\/08\/contemporain6-5-800x1200.webp\" width=\"800\" height=\"1200\" alt=\"contemporain6-5\" title=\"contemporain6-5\" loading=\"lazy\" \/><\/div><\/div><\/div><\/div>[\/vc_column][\/vc_row][vc_row][vc_column]<div class=\"cz_gap clr \" style=\"height: 50px\"><\/div>[\/vc_column][\/vc_row][vc_row full_width=\u00a0\u00bbstretch_row_content_no_spaces\u00a0\u00bb][vc_column]<div id=\"cz_84832\" class=\"cz_84832 cz_image clr cz_image_no_fx center_on_mobile wpb_animate_when_almost_visible zoomIn\"><div class=\"\" ><div class=\"cz_image_in\"><div class=\"cz_main_image\"><img decoding=\"async\" width=\"2500\" height=\"1450\" src=\"https:\/\/geantdameublement.com\/wp-content\/uploads\/2024\/08\/contemporain6-6.webp\" class=\"attachment-full\" alt=\"\" title=\"contemporain6-6\" srcset=\"https:\/\/geantdameublement.com\/wp-content\/uploads\/2024\/08\/contemporain6-6.webp 2500w, https:\/\/geantdameublement.com\/wp-content\/uploads\/2024\/08\/contemporain6-6-300x174.webp 300w, https:\/\/geantdameublement.com\/wp-content\/uploads\/2024\/08\/contemporain6-6-1024x594.webp 1024w, https:\/\/geantdameublement.com\/wp-content\/uploads\/2024\/08\/contemporain6-6-768x445.webp 768w, https:\/\/geantdameublement.com\/wp-content\/uploads\/2024\/08\/contemporain6-6-1536x891.webp 1536w, https:\/\/geantdameublement.com\/wp-content\/uploads\/2024\/08\/contemporain6-6-2048x1188.webp 2048w, https:\/\/geantdameublement.com\/wp-content\/uploads\/2024\/08\/contemporain6-6-600x348.webp 600w\" sizes=\"(max-width: 2500px) 100vw, 2500px\" \/><\/div><\/div><\/div><\/div>[\/vc_column][\/vc_row]<\/p>\n<\/div>","protected":false},"excerpt":{"rendered":"<p>[vc_row full_width=\u00a0\u00bbstretch_row_content_no_spaces\u00a0\u00bb][vc_column][\/vc_column][\/vc_row][vc_row][vc_column][\/vc_column][\/vc_row][vc_row][vc_column width=\u00a0\u00bb1\/2&Prime;][\/vc_column][vc_column width=\u00a0\u00bb1\/2&Prime;][\/vc_column][\/vc_row][vc_row][vc_column][\/vc_column][\/vc_row][vc_row full_width=\u00a0\u00bbstretch_row_content_no_spaces\u00a0\u00bb][vc_column][\/vc_column][\/vc_row][vc_row][vc_column][\/vc_column][\/vc_row][vc_row full_width=\u00a0\u00bbstretch_row_content_no_spaces\u00a0\u00bb][vc_column width=\u00a0\u00bb1\/2&Prime;][\/vc_column][vc_column width=\u00a0\u00bb1\/2&Prime;][\/vc_column][\/vc_row][vc_row][vc_column][\/vc_column][\/vc_row][vc_row full_width=\u00a0\u00bbstretch_row_content_no_spaces\u00a0\u00bb][vc_column width=\u00a0\u00bb1\/2&Prime;][\/vc_column][vc_column width=\u00a0\u00bb1\/2&Prime;][\/vc_column][\/vc_row][vc_row][vc_column][\/vc_column][\/vc_row][vc_row &#8230; <\/p>\n","protected":false},"author":1,"featured_media":0,"parent":1909,"menu_order":0,"comment_status":"closed","ping_status":"closed","template":"","meta":{"footnotes":""},"class_list":["post-2148","page","type-page","status-publish","hentry"],"_links":{"self":[{"href":"https:\/\/geantdameublement.com\/index.php?rest_route=\/wp\/v2\/pages\/2148","targetHints":{"allow":["GET"]}}],"collection":[{"href":"https:\/\/geantdameublement.com\/index.php?rest_route=\/wp\/v2\/pages"}],"about":[{"href":"https:\/\/geantdameublement.com\/index.php?rest_route=\/wp\/v2\/types\/page"}],"author":[{"embeddable":true,"href":"https:\/\/geantdameublement.com\/index.php?rest_route=\/wp\/v2\/users\/1"}],"replies":[{"embeddable":true,"href":"https:\/\/geantdameublement.com\/index.php?rest_route=%2Fwp%2Fv2%2Fcomments&post=2148"}],"version-history":[{"count":0,"href":"https:\/\/geantdameublement.com\/index.php?rest_route=\/wp\/v2\/pages\/2148\/revisions"}],"up":[{"embeddable":true,"href":"https:\/\/geantdameublement.com\/index.php?rest_route=\/wp\/v2\/pages\/1909"}],"wp:attachment":[{"href":"https:\/\/geantdameublement.com\/index.php?rest_route=%2Fwp%2Fv2%2Fmedia&parent=2148"}],"curies":[{"name":"wp","href":"https:\/\/api.w.org\/{rel}","templated":true}]}}