{"id":2149,"date":"2024-08-07T19:43:33","date_gmt":"2024-08-07T17:43:33","guid":{"rendered":"https:\/\/carthage-tech.net\/demo\/geant\/?page_id=1192"},"modified":"2024-08-07T19:43:33","modified_gmt":"2024-08-07T17:43:33","slug":"cuisine-elite-3","status":"publish","type":"page","link":"https:\/\/geantdameublement.com\/?page_id=2149","title":{"rendered":"Cuisine Elite 3"},"content":{"rendered":"<div class=\"wpb-content-wrapper\"><p>[vc_row full_width=\u00a0\u00bbstretch_row_content_no_spaces\u00a0\u00bb][vc_column]<div id=\"cz_81248\" class=\"cz_81248 cz_banner clr\">\n\t\t\t<figure class=\"effect-style2\">\n\t\t\t\t<img decoding=\"async\" class=\"\" src=\"https:\/\/geantdameublement.com\/wp-content\/uploads\/2024\/08\/elite3-banner-1600x620.webp\" width=\"1600\" height=\"620\" alt=\"elite3-banner\" title=\"elite3-banner\" loading=\"lazy\" \/>\n\t\t\t\t<figcaption><div><h4>Old Line<\/h4><\/div><\/figcaption>\t\t\t\n\t\t\t<\/figure>\n\t\t<\/div><div id=\"cz_29255\" class=\"cz_29255 cz_title clr cz_title_pos_inline\"><div class=\"cz_title_content\"><span class=\"cz_line_side_solo\">_<\/span><div class=\"cz_wpe_content\"><p>FICHE TECHNIQUE<\/p>\n<\/div><\/div><\/div>[\/vc_column][\/vc_row][vc_row][vc_column]<div class=\"cz_gap clr \" style=\"height: 50px\"><\/div>[\/vc_column][\/vc_row][vc_row][vc_column width=\u00a0\u00bb1\/2&Prime;]<div id=\"cz_54664\" class=\"cz_54664 cz_title clr cz_title_pos_inline wpb_animate_when_almost_visible fadeInUp\"><div class=\"cz_title_content\"><div class=\"cz_wpe_content\"><p style=\"line-height: 1;\"><span style=\"font-size: 46px; font-weight: 200;\">UN D\u00c9COR CLASSIQUE ET MODERNE \u00c0 LA FOIS<\/span><\/p>\n<\/div><\/div><\/div>[\/vc_column][vc_column width=\u00a0\u00bb1\/2&Prime;]<div id=\"cz_81476\" class=\"cz_81476 cz_title clr cz_title_pos_inline wpb_animate_when_almost_visible fadeInUp\"><div class=\"cz_title_content\"><div class=\"cz_wpe_content\"><p><span style=\"font-size: 19px; font-weight: 300;\">Un d\u00e9cor classique et moderne \u00e0 la fois, dans une maison \u00e9l\u00e9gante et raffin\u00e9e, est une combinaison intemporelle, simple et lumineuse qui ne se d\u00e9mode jamais. La relation intime entre la nature et la vie quotidienne \u00e9tablit des \u00e9quilibres visuels et int\u00e9rieurs qui apaisent l&rsquo;esprit et le corps, en donnant la sensation b\u00e9n\u00e9fique de vivre libre, m\u00eame \u00e0 la maison.<br \/>\nIl est donc essentiel que la lumi\u00e8re naturelle envahisse tout l&rsquo;environnement, o\u00f9 il n&rsquo;y a plus de murs ni de cloisons. Un espace ouvert o\u00f9 tout devient utilisable et fonctionnel.<\/span><\/p>\n<\/div><\/div><\/div>[\/vc_column][\/vc_row][vc_row][vc_column]<div class=\"cz_gap clr \" style=\"height: 100px\"><\/div>[\/vc_column][\/vc_row][vc_row full_width=\u00a0\u00bbstretch_row_content_no_spaces\u00a0\u00bb][vc_column]<div id=\"cz_73521\" class=\"cz_73521 cz_image clr cz_image_no_fx center_on_mobile wpb_animate_when_almost_visible zoomIn\"><div class=\"\" ><div class=\"cz_image_in\"><div class=\"cz_main_image\"><img decoding=\"async\" width=\"2500\" height=\"1450\" src=\"https:\/\/geantdameublement.com\/wp-content\/uploads\/2024\/08\/elite3-1.webp\" class=\"attachment-full\" alt=\"\" title=\"elite3-1\" srcset=\"https:\/\/geantdameublement.com\/wp-content\/uploads\/2024\/08\/elite3-1.webp 2500w, https:\/\/geantdameublement.com\/wp-content\/uploads\/2024\/08\/elite3-1-300x174.webp 300w, https:\/\/geantdameublement.com\/wp-content\/uploads\/2024\/08\/elite3-1-1024x594.webp 1024w, https:\/\/geantdameublement.com\/wp-content\/uploads\/2024\/08\/elite3-1-768x445.webp 768w, https:\/\/geantdameublement.com\/wp-content\/uploads\/2024\/08\/elite3-1-1536x891.webp 1536w, https:\/\/geantdameublement.com\/wp-content\/uploads\/2024\/08\/elite3-1-2048x1188.webp 2048w, https:\/\/geantdameublement.com\/wp-content\/uploads\/2024\/08\/elite3-1-600x348.webp 600w\" sizes=\"(max-width: 2500px) 100vw, 2500px\" \/><\/div><\/div><\/div><\/div>[\/vc_column][\/vc_row][vc_row][vc_column]<div class=\"cz_gap clr \" style=\"height: 50px\"><\/div>[\/vc_column][\/vc_row][vc_row full_width=\u00a0\u00bbstretch_row_content_no_spaces\u00a0\u00bb][vc_column width=\u00a0\u00bb1\/2&Prime;]<div class=\"cz_gap clr \" style=\"height: 70px\"><\/div><div id=\"cz_19401\" class=\"cz_19401 cz_title clr cz_title_pos_inline wpb_animate_when_almost_visible fadeInUp\"><div class=\"cz_title_content\"><div class=\"cz_wpe_content\"><p><span style=\"font-size: 19px; font-weight: 300;\">Le Living est interpr\u00e9t\u00e9 dans cette proposition comme une v\u00e9ritable architecture : une grande fa\u00e7ade ponctu\u00e9e par le rythme r\u00e9gulier des unit\u00e9s vitr\u00e9es divis\u00e9es en quatre par une structure en bois. Des m\u00e9canismes Tip-on pratiques permettent d&rsquo;ouvrir facilement les fa\u00e7ades en \u00e9vitant la poign\u00e9e ext\u00e9rieure, afin de maintenir la puret\u00e9 des formes et l&rsquo;int\u00e9grit\u00e9 des volumes. Des chaises \u00e0 accoudoirs \u00e0 la structure noire et \u00e0 l&rsquo;assise rouge oxyde donnent du caract\u00e8re \u00e0 l&rsquo;ensemble du banquet.<\/span><\/p>\n<\/div><\/div><\/div><div class=\"cz_gap clr \" style=\"height: 70px\"><\/div><div id=\"cz_31634\" class=\"cz_31634 cz_image clr cz_image_no_fx center_on_mobile wpb_animate_when_almost_visible fadeInUp\"><div class=\"\" ><div class=\"cz_image_in\"><div class=\"cz_main_image\"><img decoding=\"async\" class=\"\" src=\"https:\/\/geantdameublement.com\/wp-content\/uploads\/2024\/08\/elite3-2-600x700.webp\" width=\"600\" height=\"700\" alt=\"elite3-2\" title=\"elite3-2\" loading=\"lazy\" \/><\/div><\/div><\/div><\/div>[\/vc_column][vc_column width=\u00a0\u00bb1\/2&Prime;]<div id=\"cz_12490\" class=\"cz_12490 cz_image clr cz_image_no_fx center_on_mobile wpb_animate_when_almost_visible fadeInLeft\"><div class=\"\" ><div class=\"cz_image_in\"><div class=\"cz_main_image\"><img decoding=\"async\" class=\"\" src=\"https:\/\/geantdameublement.com\/wp-content\/uploads\/2024\/08\/elite3-3-800x1100.webp\" width=\"800\" height=\"1100\" alt=\"elite3-3\" title=\"elite3-3\" loading=\"lazy\" \/><\/div><\/div><\/div><\/div>[\/vc_column][\/vc_row][vc_row][vc_column]<div class=\"cz_gap clr \" style=\"height: 50px\"><\/div>[\/vc_column][\/vc_row][vc_row][vc_column width=\u00a0\u00bb1\/6&Prime;][\/vc_column][vc_column width=\u00a0\u00bb2\/3&Prime;]<div id=\"cz_62849\" class=\"cz_62849 cz_title clr cz_title_pos_inline tac\"><div class=\"cz_title_content\"><div class=\"cz_wpe_content\"><p style=\"text-align: center;\"><span style=\"font-size: 19px; font-weight: 300;\">L&rsquo;effet m\u00e9tallique particulier du laquage des colonnes provient d&rsquo;un processus de peinture artisanal qui implique l&rsquo;application \u00e0 la main de 6 couches de composants pigment\u00e9s sur un panneau stabilisateur en Mdf, pr\u00e9alablement rev\u00eatu de polyester. \u00c0 l&rsquo;int\u00e9rieur de la colonne, le m\u00e9canisme extractible \u00ab\u00a0Convoy\u00a0\u00bb de Kesseb\u00f6hmer g\u00e8re l&rsquo;utilisation optimale de l&rsquo;espace de stockage, permettant de retirer facilement les fournitures sans barri\u00e8res. L&rsquo;\u00e9clairage sur toute la hauteur de l&rsquo;ensemble du compartiment est assur\u00e9 par des lampes Net encastr\u00e9es sur le c\u00f4t\u00e9 de l&rsquo;armoire.<\/span><\/p>\n<\/div><\/div><\/div>[\/vc_column][vc_column width=\u00a0\u00bb1\/6&Prime;][\/vc_column][\/vc_row][vc_row][vc_column]<div class=\"cz_gap clr \" style=\"height: 50px\"><\/div>[\/vc_column][\/vc_row][vc_row full_width=\u00a0\u00bbstretch_row_content_no_spaces\u00a0\u00bb][vc_column width=\u00a0\u00bb1\/2&Prime;]<div id=\"cz_56323\" class=\"cz_56323 cz_image clr cz_image_no_fx center_on_mobile wpb_animate_when_almost_visible fadeInUp\"><div class=\"\" ><div class=\"cz_image_in\"><div class=\"cz_main_image\"><img decoding=\"async\" width=\"1000\" height=\"1250\" src=\"https:\/\/geantdameublement.com\/wp-content\/uploads\/2024\/08\/elite3-4.webp\" class=\"attachment-full\" alt=\"\" title=\"elite3-4\" srcset=\"https:\/\/geantdameublement.com\/wp-content\/uploads\/2024\/08\/elite3-4.webp 1000w, https:\/\/geantdameublement.com\/wp-content\/uploads\/2024\/08\/elite3-4-240x300.webp 240w, https:\/\/geantdameublement.com\/wp-content\/uploads\/2024\/08\/elite3-4-819x1024.webp 819w, https:\/\/geantdameublement.com\/wp-content\/uploads\/2024\/08\/elite3-4-768x960.webp 768w, https:\/\/geantdameublement.com\/wp-content\/uploads\/2024\/08\/elite3-4-600x750.webp 600w\" sizes=\"(max-width: 1000px) 100vw, 1000px\" \/><\/div><\/div><\/div><\/div>[\/vc_column][vc_column width=\u00a0\u00bb1\/2&Prime;]<div id=\"cz_97618\" class=\"cz_97618 cz_image clr cz_image_no_fx center_on_mobile wpb_animate_when_almost_visible fadeInUp\"><div class=\"\" ><div class=\"cz_image_in\"><div class=\"cz_main_image\"><img decoding=\"async\" width=\"1000\" height=\"1250\" src=\"https:\/\/geantdameublement.com\/wp-content\/uploads\/2024\/08\/elite3-5.webp\" class=\"attachment-full\" alt=\"\" title=\"elite3-5\" srcset=\"https:\/\/geantdameublement.com\/wp-content\/uploads\/2024\/08\/elite3-5.webp 1000w, https:\/\/geantdameublement.com\/wp-content\/uploads\/2024\/08\/elite3-5-240x300.webp 240w, https:\/\/geantdameublement.com\/wp-content\/uploads\/2024\/08\/elite3-5-819x1024.webp 819w, https:\/\/geantdameublement.com\/wp-content\/uploads\/2024\/08\/elite3-5-768x960.webp 768w, https:\/\/geantdameublement.com\/wp-content\/uploads\/2024\/08\/elite3-5-600x750.webp 600w\" sizes=\"(max-width: 1000px) 100vw, 1000px\" \/><\/div><\/div><\/div><\/div>[\/vc_column][\/vc_row][vc_row][vc_column]<div class=\"cz_gap clr \" style=\"height: 50px\"><\/div>[\/vc_column][\/vc_row][vc_row full_width=\u00a0\u00bbstretch_row_content_no_spaces\u00a0\u00bb][vc_column]<div id=\"cz_108054\" class=\"cz_108054 cz_image clr cz_image_no_fx center_on_mobile wpb_animate_when_almost_visible zoomIn\"><div class=\"\" ><div class=\"cz_image_in\"><div class=\"cz_main_image\"><img decoding=\"async\" width=\"2500\" height=\"1450\" src=\"https:\/\/geantdameublement.com\/wp-content\/uploads\/2024\/08\/elite3-6.webp\" class=\"attachment-full\" alt=\"\" title=\"elite3-6\" srcset=\"https:\/\/geantdameublement.com\/wp-content\/uploads\/2024\/08\/elite3-6.webp 2500w, https:\/\/geantdameublement.com\/wp-content\/uploads\/2024\/08\/elite3-6-300x174.webp 300w, https:\/\/geantdameublement.com\/wp-content\/uploads\/2024\/08\/elite3-6-1024x594.webp 1024w, https:\/\/geantdameublement.com\/wp-content\/uploads\/2024\/08\/elite3-6-768x445.webp 768w, https:\/\/geantdameublement.com\/wp-content\/uploads\/2024\/08\/elite3-6-1536x891.webp 1536w, https:\/\/geantdameublement.com\/wp-content\/uploads\/2024\/08\/elite3-6-2048x1188.webp 2048w, https:\/\/geantdameublement.com\/wp-content\/uploads\/2024\/08\/elite3-6-600x348.webp 600w\" sizes=\"(max-width: 2500px) 100vw, 2500px\" \/><\/div><\/div><\/div><\/div>[\/vc_column][\/vc_row][vc_row][vc_column]<div class=\"cz_gap clr \" style=\"height: 50px\"><\/div>[\/vc_column][\/vc_row][vc_row full_width=\u00a0\u00bbstretch_row_content_no_spaces\u00a0\u00bb][vc_column width=\u00a0\u00bb1\/2&Prime;]<div class=\"cz_gap clr \" style=\"height: 80px\"><\/div><div id=\"cz_54113\" class=\"cz_54113 cz_image clr cz_image_no_fx center_on_mobile wpb_animate_when_almost_visible fadeInUp\"><div class=\"\" ><div class=\"cz_image_in\"><div class=\"cz_main_image\"><img decoding=\"async\" class=\"\" src=\"https:\/\/geantdameublement.com\/wp-content\/uploads\/2024\/08\/elite3-7-600x700.webp\" width=\"600\" height=\"700\" alt=\"elite3-7\" title=\"elite3-7\" loading=\"lazy\" \/><\/div><\/div><\/div><\/div><div class=\"cz_gap clr \" style=\"height: 60px\"><\/div><div id=\"cz_98627\" class=\"cz_98627 cz_title clr cz_title_pos_inline wpb_animate_when_almost_visible fadeInUp\"><div class=\"cz_title_content\"><div class=\"cz_wpe_content\"><p><span style=\"font-size: 19px; font-weight: 300;\">La confortable poign\u00e9e Charme en m\u00e9tal s&rsquo;int\u00e8gre parfaitement \u00e0 l&rsquo;esth\u00e9tique des fa\u00e7ades Old Line. Pour la zone op\u00e9rationnelle de lavage et de cuisson, on a choisi l&rsquo;acier Barazza, qui peut donner des formes infinies au mat\u00e9riau, en cr\u00e9ant un espace au design pur. L&rsquo;\u00e9l\u00e9ment terminal Filogiorno de la p\u00e9ninsule g\u00e9n\u00e8re un mouvement de volumes dans la s\u00e9quence des bases, pour d\u00e9finir et fermer avec \u00e9l\u00e9gance l&rsquo;ensemble du meuble.<\/span><\/p>\n<\/div><\/div><\/div>[\/vc_column][vc_column width=\u00a0\u00bb1\/2&Prime;]<div id=\"cz_83734\" class=\"cz_83734 cz_image clr cz_image_no_fx center_on_mobile wpb_animate_when_almost_visible fadeInLeft\"><div class=\"\" ><div class=\"cz_image_in\"><div class=\"cz_main_image\"><img decoding=\"async\" class=\"\" src=\"https:\/\/geantdameublement.com\/wp-content\/uploads\/2024\/08\/elite3-8-800x1100.webp\" width=\"800\" height=\"1100\" alt=\"elite3-8\" title=\"elite3-8\" loading=\"lazy\" \/><\/div><\/div><\/div><\/div>[\/vc_column][\/vc_row]<\/p>\n<\/div>","protected":false},"excerpt":{"rendered":"<p>[vc_row full_width=\u00a0\u00bbstretch_row_content_no_spaces\u00a0\u00bb][vc_column][\/vc_column][\/vc_row][vc_row][vc_column][\/vc_column][\/vc_row][vc_row][vc_column width=\u00a0\u00bb1\/2&Prime;][\/vc_column][vc_column width=\u00a0\u00bb1\/2&Prime;][\/vc_column][\/vc_row][vc_row][vc_column][\/vc_column][\/vc_row][vc_row full_width=\u00a0\u00bbstretch_row_content_no_spaces\u00a0\u00bb][vc_column][\/vc_column][\/vc_row][vc_row][vc_column][\/vc_column][\/vc_row][vc_row full_width=\u00a0\u00bbstretch_row_content_no_spaces\u00a0\u00bb][vc_column width=\u00a0\u00bb1\/2&Prime;][\/vc_column][vc_column width=\u00a0\u00bb1\/2&Prime;][\/vc_column][\/vc_row][vc_row][vc_column][\/vc_column][\/vc_row][vc_row][vc_column width=\u00a0\u00bb1\/6&Prime;][\/vc_column][vc_column width=\u00a0\u00bb2\/3&Prime;][\/vc_column][vc_column width=\u00a0\u00bb1\/6&Prime;][\/vc_column][\/vc_row][vc_row][vc_column][\/vc_column][\/vc_row][vc_row &#8230; <\/p>\n","protected":false},"author":1,"featured_media":0,"parent":1135,"menu_order":0,"comment_status":"closed","ping_status":"closed","template":"","meta":{"footnotes":""},"class_list":["post-2149","page","type-page","status-publish","hentry"],"_links":{"self":[{"href":"https:\/\/geantdameublement.com\/index.php?rest_route=\/wp\/v2\/pages\/2149","targetHints":{"allow":["GET"]}}],"collection":[{"href":"https:\/\/geantdameublement.com\/index.php?rest_route=\/wp\/v2\/pages"}],"about":[{"href":"https:\/\/geantdameublement.com\/index.php?rest_route=\/wp\/v2\/types\/page"}],"author":[{"embeddable":true,"href":"https:\/\/geantdameublement.com\/index.php?rest_route=\/wp\/v2\/users\/1"}],"replies":[{"embeddable":true,"href":"https:\/\/geantdameublement.com\/index.php?rest_route=%2Fwp%2Fv2%2Fcomments&post=2149"}],"version-history":[{"count":0,"href":"https:\/\/geantdameublement.com\/index.php?rest_route=\/wp\/v2\/pages\/2149\/revisions"}],"up":[{"embeddable":true,"href":"https:\/\/geantdameublement.com\/index.php?rest_route=\/wp\/v2\/pages\/1135"}],"wp:attachment":[{"href":"https:\/\/geantdameublement.com\/index.php?rest_route=%2Fwp%2Fv2%2Fmedia&parent=2149"}],"curies":[{"name":"wp","href":"https:\/\/api.w.org\/{rel}","templated":true}]}}