{"id":2153,"date":"2024-08-11T12:49:52","date_gmt":"2024-08-11T10:49:52","guid":{"rendered":"https:\/\/geantdameublement.com\/?page_id=1532"},"modified":"2024-11-11T20:52:30","modified_gmt":"2024-11-11T20:52:30","slug":"portes-interieures","status":"publish","type":"page","link":"https:\/\/geantdameublement.com\/?page_id=2153","title":{"rendered":"Portes Int\u00e9rieures"},"content":{"rendered":"<div class=\"wpb-content-wrapper\"><p>[vc_row full_width=\u00a0\u00bbstretch_row_content_no_spaces\u00a0\u00bb][vc_column]<div id=\"cz_99537\" class=\"cz_99537 cz_banner clr\">\n\t\t\t<figure class=\"effect-style2\">\n\t\t\t\t<img decoding=\"async\" class=\"\" src=\"https:\/\/geantdameublement.com\/wp-content\/uploads\/2024\/08\/pandora-classic-collection-1600x620.jpg\" width=\"1600\" height=\"620\" alt=\"pandora-classic-collection\" title=\"pandora-classic-collection\" loading=\"lazy\" \/>\n\t\t\t\t<figcaption><div><h4>PORTES INTERIEURES<\/h4><\/div><\/figcaption>\t\t\t\n\t\t\t<\/figure>\n\t\t<\/div>[\/vc_column][\/vc_row][vc_row][vc_column width=\u00a0\u00bb1\/6&Prime;][\/vc_column][vc_column width=\u00a0\u00bb2\/3&Prime;]<div class=\"cz_gap clr \" style=\"height: 50px\"><\/div><div id=\"cz_15591\" class=\"cz_15591 cz_title clr cz_title_pos_inline tac\"><div class=\"cz_title_content\"><div class=\"cz_wpe_content\"><h3 style=\"text-align: center;\"><span style=\"font-weight: 500;\">TOUTES LES SOLUTIONS POUR VOTRE HABITATION<\/span><\/h3>\n<\/div><\/div><\/div><div class=\"cz_gap clr \" style=\"height: 50px\"><\/div>[vc_column_text]<span style=\"font-size: 19px; font-weight: 300;\">Portes coulissantes, portes battantes, portes affleurantes et encore, portes en bois ou vitr\u00e9es. Aucune limite aux possibilit\u00e9s de choix. Chez G\u00e9ant d&rsquo;ameublement, vous pourrez trouver <strong>toutes les solutions<\/strong> r\u00e9unies sous une unique marque. Frappez \u00e0 notre porte, simplifiez votre vie.<\/span><\/p>\n<p><span style=\"font-size: 19px; font-weight: 300;\">Chaque porte ouvre de nouvelles possibilit\u00e9s, elle prot\u00e8ge notre sommeil, se ferme sur certains jours dont nous ne savons pas ce qu\u2019ils nous r\u00e9servent, s\u2019ouvre en grand sur l\u2019amour, s\u2019entrouvre par curiosit\u00e9. Si on y r\u00e9fl\u00e9chit bien, aucune image n\u2019est plus spectaculaire qu\u2019une porte qui s\u2019ouvre. Aucune n\u2019est plus d\u00e9finitive qu\u2019une porte qui se ferme. Il doit bien y avoir une raison si chaque porte a autant de choses \u00e0 nous raconter. C\u2019est ce qui nous passionne. <\/span>[\/vc_column_text]<div class=\"cz_gap clr  hide_on_mobile\" style=\"height: 50px\"><\/div><div class=\"cz_gap show_on_mobile clr\" style=\"height: 50px\"><\/div><div class=\"cz_btn_center\"><div class=\"cz_80347_p clr wpb_animate_when_almost_visible fadeInUp\"><a id=\"cz_80347\" class=\"cz_80347 cz_btn cz_btn_txt_no_fx cz_btn_no_fx\" href=\"https:\/\/geantdameublement.com\/?page_id=2122\" title=\"Catalogues s\u00e9jours\" target=\"_blank\"><span><strong>T\u00e9l\u00e9charger le Catalogue<\/strong><\/span><b class=\"cz_btn_onhover\"><strong>T\u00e9l\u00e9charger le Catalogue<\/strong><\/b><\/a><\/div><\/div>[\/vc_column][vc_column width=\u00a0\u00bb1\/6&Prime;][\/vc_column][\/vc_row][vc_row][vc_column]<div class=\"cz_gap clr \" style=\"height: 100px\"><\/div>[\/vc_column][\/vc_row][vc_row full_width=\u00a0\u00bbstretch_row_content\u00a0\u00bb][vc_column]<div id=\"cz_44353\" class=\"cz_grid_p cz_44353\"><div class=\"cz_grid cz_grid_1 clr cz_grid_c4 cz_grid_1_no_title cz_grid_1_mid tac\" data-animation=\"cz_grid_anim_zoom_in\"><div class=\"cz_grid_item cz_grid_first\"><\/div><div class=\"cz_grid_item \"><div><a class=\"cz_grid_link \" href=\"https:\/\/geantdameublement.com\/wp-content\/uploads\/2024\/08\/interieur12.jpg\" data-xtra-lightbox><img decoding=\"async\" class=\"\" src=\"https:\/\/geantdameublement.com\/wp-content\/uploads\/2024\/08\/interieur12-377x377.jpg\" width=\"377\" height=\"377\" alt=\"interieur12\" title=\"interieur12\" loading=\"lazy\" \/><div class=\"cz_grid_details\"><i class=\"fa fa-search cz_grid_icon\"><\/i><\/div><\/a><\/div><\/div><div class=\"cz_grid_item \"><div><a class=\"cz_grid_link \" href=\"https:\/\/geantdameublement.com\/wp-content\/uploads\/2024\/08\/interieur11.jpg\" data-xtra-lightbox><img decoding=\"async\" class=\"\" src=\"https:\/\/geantdameublement.com\/wp-content\/uploads\/2024\/08\/interieur11-377x377.jpg\" width=\"377\" height=\"377\" alt=\"interieur11\" title=\"interieur11\" loading=\"lazy\" \/><div class=\"cz_grid_details\"><i class=\"fa fa-search cz_grid_icon\"><\/i><\/div><\/a><\/div><\/div><div class=\"cz_grid_item \"><div><a class=\"cz_grid_link \" href=\"https:\/\/geantdameublement.com\/wp-content\/uploads\/2024\/08\/interieur10.jpg\" data-xtra-lightbox><img decoding=\"async\" class=\"\" src=\"https:\/\/geantdameublement.com\/wp-content\/uploads\/2024\/08\/interieur10-377x377.jpg\" width=\"377\" height=\"377\" alt=\"interieur10\" title=\"interieur10\" loading=\"lazy\" \/><div class=\"cz_grid_details\"><i class=\"fa fa-search cz_grid_icon\"><\/i><\/div><\/a><\/div><\/div><div class=\"cz_grid_item \"><div><a class=\"cz_grid_link \" href=\"https:\/\/geantdameublement.com\/wp-content\/uploads\/2024\/08\/interieur9.jpg\" data-xtra-lightbox><img decoding=\"async\" class=\"\" src=\"https:\/\/geantdameublement.com\/wp-content\/uploads\/2024\/08\/interieur9-377x377.jpg\" width=\"377\" height=\"377\" alt=\"interieur9\" title=\"interieur9\" loading=\"lazy\" \/><div class=\"cz_grid_details\"><i class=\"fa fa-search cz_grid_icon\"><\/i><\/div><\/a><\/div><\/div><div class=\"cz_grid_item \"><div><a class=\"cz_grid_link \" href=\"https:\/\/geantdameublement.com\/wp-content\/uploads\/2024\/08\/interieur8.jpg\" data-xtra-lightbox><img decoding=\"async\" class=\"\" src=\"https:\/\/geantdameublement.com\/wp-content\/uploads\/2024\/08\/interieur8-377x377.jpg\" width=\"377\" height=\"377\" alt=\"interieur8\" title=\"interieur8\" loading=\"lazy\" \/><div class=\"cz_grid_details\"><i class=\"fa fa-search cz_grid_icon\"><\/i><\/div><\/a><\/div><\/div><div class=\"cz_grid_item \"><div><a class=\"cz_grid_link \" href=\"https:\/\/geantdameublement.com\/wp-content\/uploads\/2024\/08\/interieur7.jpg\" data-xtra-lightbox><img decoding=\"async\" class=\"\" src=\"https:\/\/geantdameublement.com\/wp-content\/uploads\/2024\/08\/interieur7-377x377.jpg\" width=\"377\" height=\"377\" alt=\"interieur7\" title=\"interieur7\" loading=\"lazy\" \/><div class=\"cz_grid_details\"><i class=\"fa fa-search cz_grid_icon\"><\/i><\/div><\/a><\/div><\/div><div class=\"cz_grid_item \"><div><a class=\"cz_grid_link \" href=\"https:\/\/geantdameublement.com\/wp-content\/uploads\/2024\/08\/interieur6.jpg\" data-xtra-lightbox><img decoding=\"async\" class=\"\" src=\"https:\/\/geantdameublement.com\/wp-content\/uploads\/2024\/08\/interieur6-377x377.jpg\" width=\"377\" height=\"377\" alt=\"interieur6\" title=\"interieur6\" loading=\"lazy\" \/><div class=\"cz_grid_details\"><i class=\"fa fa-search cz_grid_icon\"><\/i><\/div><\/a><\/div><\/div><div class=\"cz_grid_item \"><div><a class=\"cz_grid_link \" href=\"https:\/\/geantdameublement.com\/wp-content\/uploads\/2024\/08\/interieur5.jpg\" data-xtra-lightbox><img decoding=\"async\" class=\"\" src=\"https:\/\/geantdameublement.com\/wp-content\/uploads\/2024\/08\/interieur5-377x377.jpg\" width=\"377\" height=\"377\" alt=\"interieur5\" title=\"interieur5\" loading=\"lazy\" \/><div class=\"cz_grid_details\"><i class=\"fa fa-search cz_grid_icon\"><\/i><\/div><\/a><\/div><\/div><div class=\"cz_grid_item \"><div><a class=\"cz_grid_link \" href=\"https:\/\/geantdameublement.com\/wp-content\/uploads\/2024\/08\/interieur4.jpg\" data-xtra-lightbox><img decoding=\"async\" class=\"\" src=\"https:\/\/geantdameublement.com\/wp-content\/uploads\/2024\/08\/interieur4-377x377.jpg\" width=\"377\" height=\"377\" alt=\"interieur4\" title=\"interieur4\" loading=\"lazy\" \/><div class=\"cz_grid_details\"><i class=\"fa fa-search cz_grid_icon\"><\/i><\/div><\/a><\/div><\/div><div class=\"cz_grid_item \"><div><a class=\"cz_grid_link \" href=\"https:\/\/geantdameublement.com\/wp-content\/uploads\/2024\/08\/interieur3.jpg\" data-xtra-lightbox><img decoding=\"async\" class=\"\" src=\"https:\/\/geantdameublement.com\/wp-content\/uploads\/2024\/08\/interieur3-377x377.jpg\" width=\"377\" height=\"377\" alt=\"interieur3\" title=\"interieur3\" loading=\"lazy\" \/><div class=\"cz_grid_details\"><i class=\"fa fa-search cz_grid_icon\"><\/i><\/div><\/a><\/div><\/div><div class=\"cz_grid_item \"><div><a class=\"cz_grid_link \" href=\"https:\/\/geantdameublement.com\/wp-content\/uploads\/2024\/08\/interieur2.jpg\" data-xtra-lightbox><img decoding=\"async\" class=\"\" src=\"https:\/\/geantdameublement.com\/wp-content\/uploads\/2024\/08\/interieur2-377x377.jpg\" width=\"377\" height=\"377\" alt=\"interieur2\" title=\"interieur2\" loading=\"lazy\" \/><div class=\"cz_grid_details\"><i class=\"fa fa-search cz_grid_icon\"><\/i><\/div><\/a><\/div><\/div><div class=\"cz_grid_item \"><div><a class=\"cz_grid_link \" href=\"https:\/\/geantdameublement.com\/wp-content\/uploads\/2024\/08\/interieur1.jpg\" data-xtra-lightbox><img decoding=\"async\" class=\"\" src=\"https:\/\/geantdameublement.com\/wp-content\/uploads\/2024\/08\/interieur1-377x377.jpg\" width=\"377\" height=\"377\" alt=\"interieur1\" title=\"interieur1\" loading=\"lazy\" \/><div class=\"cz_grid_details\"><i class=\"fa fa-search cz_grid_icon\"><\/i><\/div><\/a><\/div><\/div><\/div><\/div>[\/vc_column][\/vc_row]<\/p>\n<\/div>","protected":false},"excerpt":{"rendered":"<p>[vc_row full_width=\u00a0\u00bbstretch_row_content_no_spaces\u00a0\u00bb][vc_column][\/vc_column][\/vc_row][vc_row][vc_column width=\u00a0\u00bb1\/6&Prime;][\/vc_column][vc_column width=\u00a0\u00bb2\/3&Prime;][vc_column_text]Portes coulissantes, portes battantes, portes affleurantes et encore, &#8230; <\/p>\n","protected":false},"author":1,"featured_media":0,"parent":0,"menu_order":0,"comment_status":"closed","ping_status":"closed","template":"","meta":{"footnotes":""},"class_list":["post-2153","page","type-page","status-publish","hentry"],"_links":{"self":[{"href":"https:\/\/geantdameublement.com\/index.php?rest_route=\/wp\/v2\/pages\/2153","targetHints":{"allow":["GET"]}}],"collection":[{"href":"https:\/\/geantdameublement.com\/index.php?rest_route=\/wp\/v2\/pages"}],"about":[{"href":"https:\/\/geantdameublement.com\/index.php?rest_route=\/wp\/v2\/types\/page"}],"author":[{"embeddable":true,"href":"https:\/\/geantdameublement.com\/index.php?rest_route=\/wp\/v2\/users\/1"}],"replies":[{"embeddable":true,"href":"https:\/\/geantdameublement.com\/index.php?rest_route=%2Fwp%2Fv2%2Fcomments&post=2153"}],"version-history":[{"count":0,"href":"https:\/\/geantdameublement.com\/index.php?rest_route=\/wp\/v2\/pages\/2153\/revisions"}],"wp:attachment":[{"href":"https:\/\/geantdameublement.com\/index.php?rest_route=%2Fwp%2Fv2%2Fmedia&parent=2153"}],"curies":[{"name":"wp","href":"https:\/\/api.w.org\/{rel}","templated":true}]}}