{"id":531,"date":"2024-08-04T13:34:32","date_gmt":"2024-08-04T11:34:32","guid":{"rendered":"https:\/\/carthage-tech.net\/demo\/geant\/?page_id=531"},"modified":"2025-01-21T09:07:15","modified_gmt":"2025-01-21T09:07:15","slug":"cuisine-industriel-1","status":"publish","type":"page","link":"https:\/\/geantdameublement.com\/?page_id=531","title":{"rendered":"Cuisine Industrielle 1"},"content":{"rendered":"<div class=\"wpb-content-wrapper\"><p>[vc_row full_width=\u00a0\u00bbstretch_row_content_no_spaces\u00a0\u00bb][vc_column]<div id=\"cz_50793\" class=\"cz_50793 cz_banner clr\">\n\t\t\t<figure class=\"effect-style2\">\n\t\t\t\t<img decoding=\"async\" class=\"\" src=\"https:\/\/geantdameublement.com\/wp-content\/uploads\/2024\/08\/industriel1-banner-1600x620.webp\" width=\"1600\" height=\"620\" alt=\"industriel1-banner\" title=\"industriel1-banner\" loading=\"lazy\" \/>\n\t\t\t\t<figcaption><div><h4>HC.08<\/h4><\/div><\/figcaption>\t\t\t\n\t\t\t<\/figure>\n\t\t<\/div><div id=\"cz_29255\" class=\"cz_29255 cz_title clr cz_title_pos_inline\"><div class=\"cz_title_content\"><span class=\"cz_line_side_solo\">_<\/span><div class=\"cz_wpe_content\"><p>FICHE TECHNIQUE<\/p>\n<\/div><\/div><\/div>[\/vc_column][\/vc_row][vc_row][vc_column]<div class=\"cz_gap clr \" style=\"height: 50px\"><\/div>[\/vc_column][\/vc_row][vc_row][vc_column width=\u00a0\u00bb1\/2&Prime;]<div id=\"cz_69037\" class=\"cz_69037 cz_title clr cz_title_pos_inline wpb_animate_when_almost_visible fadeInUp\"><div class=\"cz_title_content\"><div class=\"cz_wpe_content\"><p style=\"line-height: 1;\"><span style=\"font-size: 46px; font-weight: 100; text-size-adjust: 70%;\">INDUSTRIEL : LA CUISINE \u00c0 FORTE PERSONNALIT\u00c9<\/span><\/p>\n<\/div><\/div><\/div>[\/vc_column][vc_column width=\u00a0\u00bb1\/2&Prime;]<div id=\"cz_44887\" class=\"cz_44887 cz_title clr cz_title_pos_inline wpb_animate_when_almost_visible fadeInUp\"><div class=\"cz_title_content\"><div class=\"cz_wpe_content\"><p><span style=\"font-size: 19px; font-weight: 300;\">Composition avec p\u00e9ninsule. Le bois dans la finition Ch\u00eane Intaglio avec un effet nervur\u00e9 caract\u00e9rise les bases de cette cuisine \u00e0 forte personnalit\u00e9, recouverte par le plan de travail KARBON Unicoleur qui, d&rsquo;un c\u00f4t\u00e9, se pr\u00e9sente comme une boiserie et, de l&rsquo;autre, se transforme en un confortable comptoir au centre de la pi\u00e8ce. Les tabourets en m\u00e9tal compl\u00e8tent la proposition avec go\u00fbt. L&rsquo;ouverture des fa\u00e7ades avec seulement la rainure centrale permet d&rsquo;\u00e9viter la poign\u00e9e \u00e0 l&rsquo;ext\u00e9rieur de la p\u00e9ninsule.<\/span><br \/>\n<span style=\"font-size: 19px; font-weight: 300;\">La rainure en forme de Gris Metal est pr\u00e9f\u00e9r\u00e9e pour l&rsquo;ouverture du r\u00e9frig\u00e9rateur, tout comme les pieds XXL \u00e9lanc\u00e9s qui soutiennent le comptoir des snacks.<\/span><\/p>\n<\/div><\/div><\/div>[\/vc_column][\/vc_row][vc_row][vc_column]<div class=\"cz_gap clr \" style=\"height: 100px\"><\/div>[\/vc_column][\/vc_row][vc_row full_width=\u00a0\u00bbstretch_row_content_no_spaces\u00a0\u00bb][vc_column width=\u00a0\u00bb1\/2&Prime;]<div id=\"cz_90746\" class=\"cz_90746 cz_image clr cz_image_no_fx center_on_mobile wpb_animate_when_almost_visible fadeInUp\"><div class=\"\" ><div class=\"cz_image_in\"><div class=\"cz_main_image\"><img decoding=\"async\" width=\"1000\" height=\"1250\" src=\"https:\/\/geantdameublement.com\/wp-content\/uploads\/2024\/11\/industriel1-1.webp\" class=\"attachment-full\" alt=\"\" title=\"industriel1-1\" srcset=\"https:\/\/geantdameublement.com\/wp-content\/uploads\/2024\/11\/industriel1-1.webp 1000w, https:\/\/geantdameublement.com\/wp-content\/uploads\/2024\/11\/industriel1-1-240x300.webp 240w, https:\/\/geantdameublement.com\/wp-content\/uploads\/2024\/11\/industriel1-1-819x1024.webp 819w, https:\/\/geantdameublement.com\/wp-content\/uploads\/2024\/11\/industriel1-1-768x960.webp 768w, https:\/\/geantdameublement.com\/wp-content\/uploads\/2024\/11\/industriel1-1-600x750.webp 600w\" sizes=\"(max-width: 1000px) 100vw, 1000px\" \/><\/div><\/div><\/div><\/div>[\/vc_column][vc_column width=\u00a0\u00bb1\/2&Prime;]<div id=\"cz_53914\" class=\"cz_53914 cz_image clr cz_image_no_fx center_on_mobile wpb_animate_when_almost_visible fadeInUp\"><div class=\"\" ><div class=\"cz_image_in\"><div class=\"cz_main_image\"><img decoding=\"async\" width=\"1000\" height=\"1250\" src=\"https:\/\/geantdameublement.com\/wp-content\/uploads\/2024\/08\/industrial1-1.webp\" class=\"attachment-full\" alt=\"\" title=\"industrial1-1\" srcset=\"https:\/\/geantdameublement.com\/wp-content\/uploads\/2024\/08\/industrial1-1.webp 1000w, https:\/\/geantdameublement.com\/wp-content\/uploads\/2024\/08\/industrial1-1-240x300.webp 240w, https:\/\/geantdameublement.com\/wp-content\/uploads\/2024\/08\/industrial1-1-819x1024.webp 819w, https:\/\/geantdameublement.com\/wp-content\/uploads\/2024\/08\/industrial1-1-768x960.webp 768w, https:\/\/geantdameublement.com\/wp-content\/uploads\/2024\/08\/industrial1-1-600x750.webp 600w\" sizes=\"(max-width: 1000px) 100vw, 1000px\" \/><\/div><\/div><\/div><\/div>[\/vc_column][\/vc_row][vc_row][vc_column]<div class=\"cz_gap clr \" style=\"height: 100px\"><\/div>[\/vc_column][\/vc_row][vc_row full_width=\u00a0\u00bbstretch_row\u00a0\u00bb css=\u00a0\u00bb.vc_custom_1737368756861{background-color: #000000 !important;}\u00a0\u00bb][vc_column][vc_raw_html css=\u00a0\u00bb\u00a0\u00bb]JTNDdmlkZW8lMjB3aWR0aCUzRCUyMjgwMCUyMiUyMGhlaWdodCUzRCUyMjQwMCUyMiUyMHBvc3RlciUzRCUyMmh0dHBzJTNBJTJGJTJGZ2VhbnRkYW1ldWJsZW1lbnQuY29tJTJGd3AtY29udGVudCUyRnVwbG9hZHMlMkYyMDI0JTJGMDglMkZpbmR1c3RyaWFsMS1iYW5uZXIud2VicCUyMiUyMGNvbnRyb2xzJTNFJTBBJTNDc291cmNlJTIwc3JjJTNEJTIyaHR0cHMlM0ElMkYlMkZnZWFudGRhbWV1YmxlbWVudC5jb20lMkZ3cC1jb250ZW50JTJGdXBsb2FkcyUyRjIwMjUlMkYwMSUyRmluZHVzdHJpZWxsZS5tcDQlMjIlMjB0eXBlJTNEJTIydmlkZW8lMkZtcDQlMjIlM0UlMEElM0MlMkZ2aWRlbyUzRQ==[\/vc_raw_html][\/vc_column][\/vc_row][vc_row][vc_column]<div class=\"cz_gap clr \" style=\"height: 100px\"><\/div>[\/vc_column][\/vc_row][vc_row full_width=\u00a0\u00bbstretch_row_content_no_spaces\u00a0\u00bb][vc_column]<div id=\"cz_21625\" class=\"cz_21625 cz_image clr cz_image_no_fx center_on_mobile wpb_animate_when_almost_visible zoomIn\"><div class=\"\" ><div class=\"cz_image_in\"><div class=\"cz_main_image\"><img decoding=\"async\" width=\"2500\" height=\"1450\" src=\"https:\/\/geantdameublement.com\/wp-content\/uploads\/2024\/08\/industrial1-5.webp\" class=\"attachment-full\" alt=\"\" title=\"industrial1-5\" srcset=\"https:\/\/geantdameublement.com\/wp-content\/uploads\/2024\/08\/industrial1-5.webp 2500w, https:\/\/geantdameublement.com\/wp-content\/uploads\/2024\/08\/industrial1-5-300x174.webp 300w, https:\/\/geantdameublement.com\/wp-content\/uploads\/2024\/08\/industrial1-5-1024x594.webp 1024w, https:\/\/geantdameublement.com\/wp-content\/uploads\/2024\/08\/industrial1-5-768x445.webp 768w, https:\/\/geantdameublement.com\/wp-content\/uploads\/2024\/08\/industrial1-5-1536x891.webp 1536w, https:\/\/geantdameublement.com\/wp-content\/uploads\/2024\/08\/industrial1-5-2048x1188.webp 2048w, https:\/\/geantdameublement.com\/wp-content\/uploads\/2024\/08\/industrial1-5-600x348.webp 600w\" sizes=\"(max-width: 2500px) 100vw, 2500px\" \/><\/div><\/div><\/div><\/div>[\/vc_column][\/vc_row][vc_row][vc_column]<div class=\"cz_gap clr \" style=\"height: 50px\"><\/div>[\/vc_column][\/vc_row][vc_row full_width=\u00a0\u00bbstretch_row_content_no_spaces\u00a0\u00bb][vc_column width=\u00a0\u00bb1\/2&Prime;]<div id=\"cz_51425\" class=\"cz_51425 cz_image clr cz_image_no_fx center_on_mobile wpb_animate_when_almost_visible fadeInUp\"><div class=\"\" ><div class=\"cz_image_in\"><div class=\"cz_main_image\"><img decoding=\"async\" width=\"1000\" height=\"1250\" src=\"https:\/\/geantdameublement.com\/wp-content\/uploads\/2024\/08\/industrial1-6.webp\" class=\"attachment-full\" alt=\"\" title=\"industrial1-6\" srcset=\"https:\/\/geantdameublement.com\/wp-content\/uploads\/2024\/08\/industrial1-6.webp 1000w, https:\/\/geantdameublement.com\/wp-content\/uploads\/2024\/08\/industrial1-6-240x300.webp 240w, https:\/\/geantdameublement.com\/wp-content\/uploads\/2024\/08\/industrial1-6-819x1024.webp 819w, https:\/\/geantdameublement.com\/wp-content\/uploads\/2024\/08\/industrial1-6-768x960.webp 768w, https:\/\/geantdameublement.com\/wp-content\/uploads\/2024\/08\/industrial1-6-600x750.webp 600w\" sizes=\"(max-width: 1000px) 100vw, 1000px\" \/><\/div><\/div><\/div><\/div>[\/vc_column][vc_column width=\u00a0\u00bb1\/2&Prime;]<div id=\"cz_86802\" class=\"cz_86802 cz_image clr cz_image_no_fx center_on_mobile wpb_animate_when_almost_visible fadeInUp\"><div class=\"\" ><div class=\"cz_image_in\"><div class=\"cz_main_image\"><img decoding=\"async\" width=\"1000\" height=\"1250\" src=\"https:\/\/geantdameublement.com\/wp-content\/uploads\/2024\/08\/industrial1-7.webp\" class=\"attachment-full\" alt=\"\" title=\"industrial1-7\" srcset=\"https:\/\/geantdameublement.com\/wp-content\/uploads\/2024\/08\/industrial1-7.webp 1000w, https:\/\/geantdameublement.com\/wp-content\/uploads\/2024\/08\/industrial1-7-240x300.webp 240w, https:\/\/geantdameublement.com\/wp-content\/uploads\/2024\/08\/industrial1-7-819x1024.webp 819w, https:\/\/geantdameublement.com\/wp-content\/uploads\/2024\/08\/industrial1-7-768x960.webp 768w, https:\/\/geantdameublement.com\/wp-content\/uploads\/2024\/08\/industrial1-7-600x750.webp 600w\" sizes=\"(max-width: 1000px) 100vw, 1000px\" \/><\/div><\/div><\/div><\/div>[\/vc_column][\/vc_row][vc_row][vc_column]<div class=\"cz_gap clr \" style=\"height: 50px\"><\/div>[\/vc_column][\/vc_row][vc_row full_width=\u00a0\u00bbstretch_row_content_no_spaces\u00a0\u00bb][vc_column]<div id=\"cz_50214\" class=\"cz_50214 cz_image clr cz_image_no_fx center_on_mobile wpb_animate_when_almost_visible zoomIn\"><div class=\"\" ><div class=\"cz_image_in\"><div class=\"cz_main_image\"><img decoding=\"async\" width=\"2500\" height=\"1450\" src=\"https:\/\/geantdameublement.com\/wp-content\/uploads\/2024\/08\/industriel1-8.webp\" class=\"attachment-full\" alt=\"\" title=\"industriel1-8\" srcset=\"https:\/\/geantdameublement.com\/wp-content\/uploads\/2024\/08\/industriel1-8.webp 2500w, https:\/\/geantdameublement.com\/wp-content\/uploads\/2024\/08\/industriel1-8-300x174.webp 300w, https:\/\/geantdameublement.com\/wp-content\/uploads\/2024\/08\/industriel1-8-1024x594.webp 1024w, https:\/\/geantdameublement.com\/wp-content\/uploads\/2024\/08\/industriel1-8-768x445.webp 768w, https:\/\/geantdameublement.com\/wp-content\/uploads\/2024\/08\/industriel1-8-1536x891.webp 1536w, https:\/\/geantdameublement.com\/wp-content\/uploads\/2024\/08\/industriel1-8-2048x1188.webp 2048w, https:\/\/geantdameublement.com\/wp-content\/uploads\/2024\/08\/industriel1-8-600x348.webp 600w\" sizes=\"(max-width: 2500px) 100vw, 2500px\" \/><\/div><\/div><\/div><\/div>[\/vc_column][\/vc_row][vc_row][vc_column]<div class=\"cz_gap clr \" style=\"height: 50px\"><\/div>[\/vc_column][\/vc_row][vc_row full_width=\u00a0\u00bbstretch_row_content_no_spaces\u00a0\u00bb][vc_column width=\u00a0\u00bb1\/2&Prime;]<div id=\"cz_23435\" class=\"cz_23435 cz_image clr cz_image_no_fx center_on_mobile wpb_animate_when_almost_visible fadeInRight\"><div class=\"\" ><div class=\"cz_image_in\"><div class=\"cz_main_image\"><img decoding=\"async\" class=\"\" src=\"https:\/\/geantdameublement.com\/wp-content\/uploads\/2024\/08\/industriel1-9-800x1020.webp\" width=\"800\" height=\"1020\" alt=\"industriel1-9\" title=\"industriel1-9\" loading=\"lazy\" \/><\/div><\/div><\/div><\/div>[\/vc_column][vc_column width=\u00a0\u00bb1\/2&Prime;]<div class=\"cz_gap clr \" style=\"height: 60px\"><\/div><div id=\"cz_105672\" class=\"cz_105672 cz_title clr cz_title_pos_inline wpb_animate_when_almost_visible fadeInUp\"><div class=\"cz_title_content\"><div class=\"cz_wpe_content\"><p><span style=\"font-size: 19px; font-weight: 300;\">Les colonnes hautes sont rev\u00eatues d&rsquo;une finition PIOMBO MET et abritent les <span style=\"font-weight: 100;\">appareils<\/span> encastr\u00e9s, dont le r\u00e9frig\u00e9rateur, le four et la cave pratique.<br \/>\nUn exercice de conception a facilit\u00e9 la construction d&rsquo;une niche structurelle \u00e0 c\u00f4t\u00e9 de la cave pour positionner les garde-manger MODULAR sous les murs en m\u00e9tal fin.<\/span><\/p>\n<\/div><\/div><\/div><div class=\"cz_gap clr \" style=\"height: 60px\"><\/div><div id=\"cz_58800\" class=\"cz_58800 cz_image clr cz_image_no_fx center_on_mobile wpb_animate_when_almost_visible fadeInUp\"><div class=\"\" ><div class=\"cz_image_in\"><div class=\"cz_main_image\"><img decoding=\"async\" class=\"\" src=\"https:\/\/geantdameublement.com\/wp-content\/uploads\/2024\/08\/industriel1-10-600x700.webp\" width=\"600\" height=\"700\" alt=\"industriel1-10\" title=\"industriel1-10\" loading=\"lazy\" \/><\/div><\/div><\/div><\/div>[\/vc_column][\/vc_row][vc_row][vc_column]<div class=\"cz_gap clr \" style=\"height: 50px\"><\/div>[\/vc_column][\/vc_row][vc_row full_width=\u00a0\u00bbstretch_row_content_no_spaces\u00a0\u00bb][vc_column]<div id=\"cz_101273\" class=\"cz_101273 cz_image clr cz_image_no_fx center_on_mobile wpb_animate_when_almost_visible zoomIn\"><div class=\"\" ><div class=\"cz_image_in\"><div class=\"cz_main_image\"><img decoding=\"async\" width=\"2500\" height=\"1450\" src=\"https:\/\/geantdameublement.com\/wp-content\/uploads\/2024\/08\/industrial1-11.webp\" class=\"attachment-full\" alt=\"\" title=\"industrial1-11\" srcset=\"https:\/\/geantdameublement.com\/wp-content\/uploads\/2024\/08\/industrial1-11.webp 2500w, https:\/\/geantdameublement.com\/wp-content\/uploads\/2024\/08\/industrial1-11-300x174.webp 300w, https:\/\/geantdameublement.com\/wp-content\/uploads\/2024\/08\/industrial1-11-1024x594.webp 1024w, https:\/\/geantdameublement.com\/wp-content\/uploads\/2024\/08\/industrial1-11-768x445.webp 768w, https:\/\/geantdameublement.com\/wp-content\/uploads\/2024\/08\/industrial1-11-1536x891.webp 1536w, https:\/\/geantdameublement.com\/wp-content\/uploads\/2024\/08\/industrial1-11-2048x1188.webp 2048w, https:\/\/geantdameublement.com\/wp-content\/uploads\/2024\/08\/industrial1-11-600x348.webp 600w\" sizes=\"(max-width: 2500px) 100vw, 2500px\" \/><\/div><\/div><\/div><\/div>[\/vc_column][\/vc_row][vc_row][vc_column]<div class=\"cz_gap clr \" style=\"height: 150px\"><\/div>[\/vc_column][\/vc_row][vc_row full_width=\u00a0\u00bbstretch_row_content_no_spaces\u00a0\u00bb][vc_column width=\u00a0\u00bb1\/2&Prime;]<div class=\"cz_gap clr \" style=\"height: 60px\"><\/div><div id=\"cz_54611\" class=\"cz_54611 cz_title clr cz_title_pos_inline wpb_animate_when_almost_visible fadeInUp\"><div class=\"cz_title_content\"><div class=\"cz_wpe_content\"><p><span style=\"font-size: 19px; font-weight: 300;\">La zone de lavage est <span style=\"font-weight: 100;\">caract\u00e9ris\u00e9e<\/span> par un bassin profond encastr\u00e9 en stratifi\u00e9 HPL : un monolithe qui rappelle les lavabos d&rsquo;autrefois.<br \/>\nDans la p\u00e9ninsule, l&rsquo;utilisation de la rainure centrale Metal Gray permet d&rsquo;ouvrir les fa\u00e7ades.<\/span><\/p>\n<\/div><\/div><\/div><div class=\"cz_gap clr \" style=\"height: 60px\"><\/div><div id=\"cz_105953\" class=\"cz_105953 cz_image clr cz_image_no_fx center_on_mobile wpb_animate_when_almost_visible fadeInUp\"><div class=\"\" ><div class=\"cz_image_in\"><div class=\"cz_main_image\"><img decoding=\"async\" class=\"\" src=\"https:\/\/geantdameublement.com\/wp-content\/uploads\/2024\/08\/industrial1-12.webp\" width=\"600\" height=\"728\" alt=\"industrial1-12\" title=\"industrial1-12\" loading=\"lazy\" \/><\/div><\/div><\/div><\/div>[\/vc_column][vc_column width=\u00a0\u00bb1\/2&Prime;]<div id=\"cz_35433\" class=\"cz_35433 cz_image clr cz_image_no_fx center_on_mobile wpb_animate_when_almost_visible fadeInLeft\"><div class=\"\" ><div class=\"cz_image_in\"><div class=\"cz_main_image\"><img decoding=\"async\" width=\"1000\" height=\"1250\" src=\"https:\/\/geantdameublement.com\/wp-content\/uploads\/2024\/08\/industrial1-13.webp\" class=\"attachment-full\" alt=\"\" title=\"industrial1-13\" srcset=\"https:\/\/geantdameublement.com\/wp-content\/uploads\/2024\/08\/industrial1-13.webp 1000w, https:\/\/geantdameublement.com\/wp-content\/uploads\/2024\/08\/industrial1-13-240x300.webp 240w, https:\/\/geantdameublement.com\/wp-content\/uploads\/2024\/08\/industrial1-13-819x1024.webp 819w, https:\/\/geantdameublement.com\/wp-content\/uploads\/2024\/08\/industrial1-13-768x960.webp 768w, https:\/\/geantdameublement.com\/wp-content\/uploads\/2024\/08\/industrial1-13-600x750.webp 600w\" sizes=\"(max-width: 1000px) 100vw, 1000px\" \/><\/div><\/div><\/div><\/div>[\/vc_column][\/vc_row][vc_row][vc_column]<div class=\"cz_gap clr \" style=\"height: 150px\"><\/div>[\/vc_column][\/vc_row][vc_row full_width=\u00a0\u00bbstretch_row_content_no_spaces\u00a0\u00bb][vc_column]<div id=\"cz_52736\" class=\"cz_52736 cz_image clr cz_image_no_fx center_on_mobile wpb_animate_when_almost_visible zoomIn\"><div class=\"\" ><div class=\"cz_image_in\"><div class=\"cz_main_image\"><img decoding=\"async\" width=\"950\" height=\"800\" src=\"https:\/\/geantdameublement.com\/wp-content\/uploads\/2024\/08\/industrial1-14.webp\" class=\"attachment-full\" alt=\"\" title=\"industrial1-14\" srcset=\"https:\/\/geantdameublement.com\/wp-content\/uploads\/2024\/08\/industrial1-14.webp 950w, https:\/\/geantdameublement.com\/wp-content\/uploads\/2024\/08\/industrial1-14-300x253.webp 300w, https:\/\/geantdameublement.com\/wp-content\/uploads\/2024\/08\/industrial1-14-768x647.webp 768w, https:\/\/geantdameublement.com\/wp-content\/uploads\/2024\/08\/industrial1-14-600x505.webp 600w\" sizes=\"(max-width: 950px) 100vw, 950px\" \/><\/div><\/div><\/div><\/div>[\/vc_column][\/vc_row]<\/p>\n<\/div>","protected":false},"excerpt":{"rendered":"<p>[vc_row full_width=\u00a0\u00bbstretch_row_content_no_spaces\u00a0\u00bb][vc_column][\/vc_column][\/vc_row][vc_row][vc_column][\/vc_column][\/vc_row][vc_row][vc_column width=\u00a0\u00bb1\/2&Prime;][\/vc_column][vc_column width=\u00a0\u00bb1\/2&Prime;][\/vc_column][\/vc_row][vc_row][vc_column][\/vc_column][\/vc_row][vc_row full_width=\u00a0\u00bbstretch_row_content_no_spaces\u00a0\u00bb][vc_column width=\u00a0\u00bb1\/2&Prime;][\/vc_column][vc_column width=\u00a0\u00bb1\/2&Prime;][\/vc_column][\/vc_row][vc_row][vc_column][\/vc_column][\/vc_row][vc_row full_width=\u00a0\u00bbstretch_row\u00a0\u00bb css=\u00a0\u00bb.vc_custom_1737368756861{background-color: #000000 !important;}\u00a0\u00bb][vc_column][vc_raw_html &#8230; <\/p>\n","protected":false},"author":1,"featured_media":0,"parent":515,"menu_order":0,"comment_status":"closed","ping_status":"closed","template":"","meta":{"footnotes":""},"class_list":["post-531","page","type-page","status-publish","hentry"],"_links":{"self":[{"href":"https:\/\/geantdameublement.com\/index.php?rest_route=\/wp\/v2\/pages\/531","targetHints":{"allow":["GET"]}}],"collection":[{"href":"https:\/\/geantdameublement.com\/index.php?rest_route=\/wp\/v2\/pages"}],"about":[{"href":"https:\/\/geantdameublement.com\/index.php?rest_route=\/wp\/v2\/types\/page"}],"author":[{"embeddable":true,"href":"https:\/\/geantdameublement.com\/index.php?rest_route=\/wp\/v2\/users\/1"}],"replies":[{"embeddable":true,"href":"https:\/\/geantdameublement.com\/index.php?rest_route=%2Fwp%2Fv2%2Fcomments&post=531"}],"version-history":[{"count":2,"href":"https:\/\/geantdameublement.com\/index.php?rest_route=\/wp\/v2\/pages\/531\/revisions"}],"predecessor-version":[{"id":2392,"href":"https:\/\/geantdameublement.com\/index.php?rest_route=\/wp\/v2\/pages\/531\/revisions\/2392"}],"up":[{"embeddable":true,"href":"https:\/\/geantdameublement.com\/index.php?rest_route=\/wp\/v2\/pages\/515"}],"wp:attachment":[{"href":"https:\/\/geantdameublement.com\/index.php?rest_route=%2Fwp%2Fv2%2Fmedia&parent=531"}],"curies":[{"name":"wp","href":"https:\/\/api.w.org\/{rel}","templated":true}]}}