{"id":95,"date":"2024-08-02T14:16:07","date_gmt":"2024-08-02T12:16:07","guid":{"rendered":"https:\/\/geantdameublement.com\/?page_id=95"},"modified":"2024-11-11T17:22:51","modified_gmt":"2024-11-11T17:22:51","slug":"cuisines","status":"publish","type":"page","link":"https:\/\/geantdameublement.com\/?page_id=95","title":{"rendered":"Cuisines"},"content":{"rendered":"<div class=\"wpb-content-wrapper\"><p>[vc_row full_width=\u00a0\u00bbstretch_row_content_no_spaces\u00a0\u00bb][vc_column]<div id=\"cz_60988\" class=\"cz_60988 cz_banner clr\">\n\t\t\t<figure class=\"effect-style2\">\n\t\t\t\t<img decoding=\"async\" class=\"\" src=\"https:\/\/geantdameublement.com\/wp-content\/uploads\/2024\/08\/cuisine-banner-1600x620.webp\" width=\"1600\" height=\"620\" alt=\"cuisine-banner\" title=\"cuisine-banner\" loading=\"lazy\" \/>\n\t\t\t\t<figcaption><div><h4>CUISINES<\/h4><\/div><\/figcaption>\t\t\t\n\t\t\t<\/figure>\n\t\t<\/div>[\/vc_column][\/vc_row][vc_row][vc_column width=\u00a0\u00bb1\/4&Prime;][\/vc_column][vc_column width=\u00a0\u00bb1\/2&Prime;]<div class=\"cz_gap clr \" style=\"height: 50px\"><\/div><div id=\"cz_63453\" class=\"cz_63453 cz_title clr cz_title_pos_inline tac\"><div class=\"cz_title_content\"><div class=\"cz_wpe_content\"><h3 style=\"text-align: center;\"><span style=\"font-weight: 500;\">Meubles de cuisine design<\/span><\/h3>\n<\/div><\/div><\/div><div id=\"cz_20300\" class=\"cz_20300 cz_sml\"><div class=\"cz_sml_inner\"><div class=\"cz_wpe_content\">[vc_column_text css=\u00a0\u00bb\u00a0\u00bb]<\/p>\n<p style=\"text-align: center;\"><span style=\"font-size: 19px;\">Les meubles de cuisine sont l&rsquo;expression du style et de la fonctionnalit\u00e9.<\/span><br \/>\n<span style=\"font-size: 19px;\">Les cuisines modernes du G\u00e9ant d&rsquo;ameublement se distinguent par des lignes \u00e9pur\u00e9es, des mat\u00e9riaux innovants et une technologie de pointe, et s&rsquo;int\u00e8grent harmonieusement pour cr\u00e9er un environnement attrayant et fonctionnel. Le design r\u00e9volutionnaire est combin\u00e9 \u00e0 l&rsquo;ergonomie, offrant des solutions intelligentes pour optimiser l&rsquo;espace et am\u00e9liorer l&rsquo;exp\u00e9rience culinaire. L\u2019ilot de cuisine devient la pi\u00e8ce maitresse de la cuisine, non seulement pour la pr\u00e9paration des repas, mais aussi comme point de rencontre et de convivialit\u00e9. Des DESIGNERS de cuisines qui innovent sur le plan esth\u00e9tique et fonctionnel, tout en int\u00e9grant des \u00e9l\u00e9ments d&rsquo;\u00e9l\u00e9gance et de sophistication. Diff\u00e9rents styles pour s&rsquo;adapter \u00e0 chaque personnalit\u00e9 et transformer la cuisine non seulement en un lieu de beaut\u00e9 et de confort, mais aussi en une exp\u00e9rience sensorielle qui stimule \u00e0 la fois la visuellement et gustativement.<\/span><\/p>\n<p>[\/vc_column_text]<\/div><div class=\"cz_sml_overlay\"><\/div><\/div><a id=\"cz_show_more_less_btn\" href=\"#more_less\"><span>Savoir plus<i class=\"fa fa-angle-down ml8\"><\/i><\/span><span>Moins<i class=\"fa fa-angle-up ml8\"><\/i><\/span><\/a><\/div>[\/vc_column][vc_column width=\u00a0\u00bb1\/4&Prime;][\/vc_column][\/vc_row][vc_row][vc_column]<div class=\"cz_gap clr \" style=\"height: 50px\"><\/div>[\/vc_column][\/vc_row][vc_row full_width=\u00a0\u00bbstretch_row_content\u00a0\u00bb][vc_column width=\u00a0\u00bb1\/2&Prime;]<a class=\"cz_content_box_link\" href=\"https:\/\/geantdameublement.com\/?page_id=158\" title=\"Cuisines Design\"><div class=\"cz_eqh cz_content_box_parent_fx  \"><div class=\"fx_zoom_0_hover\"><div id=\"cz_84283\" class=\"cz_84283 cz_content_box clr wpb_animate_when_almost_visible fadeInUp\"><div class=\"cz_box_front clr\"><div class=\"cz_box_front_inner clr \"><span><\/span><div><div class=\"cz_gap clr \" style=\"height: 380px\"><\/div><\/div><\/div><\/div><\/div><\/div><\/div><\/a><div id=\"cz_89464\" class=\"cz_89464 cz_title clr cz_title_pos_inline tac wpb_animate_when_almost_visible fadeInUp\"><div class=\"cz_title_content\"><div class=\"cz_wpe_content\"><div style=\"text-align: center; line-height: 1;\"><span style=\"font-size: 54px; font-weight: 300;\">DESIGN<\/span><br \/>\n<span style=\"font-size: 24px; color: #666666;\">Collection<\/span><\/div>\n<\/div><\/div><\/div>[\/vc_column][vc_column width=\u00a0\u00bb1\/2&Prime;]<a class=\"cz_content_box_link\" href=\"https:\/\/geantdameublement.com\/?page_id=515\" title=\"Cuisines Design\"><div class=\"cz_eqh cz_content_box_parent_fx  \"><div class=\"fx_zoom_0_hover\"><div id=\"cz_62164\" class=\"cz_62164 cz_content_box clr wpb_animate_when_almost_visible fadeInUp\"><div class=\"cz_box_front clr\"><div class=\"cz_box_front_inner clr \"><span><\/span><div><div class=\"cz_gap clr \" style=\"height: 380px\"><\/div><\/div><\/div><\/div><\/div><\/div><\/div><\/a><div id=\"cz_100888\" class=\"cz_100888 cz_title clr cz_title_pos_inline tac wpb_animate_when_almost_visible fadeInUp\"><div class=\"cz_title_content\"><div class=\"cz_wpe_content\"><div style=\"text-align: center; line-height: 1;\"><span style=\"font-size: 54px; font-weight: 300;\">INDUSTRIELLE<\/span><br \/>\n<span style=\"font-size: 24px; color: #666666;\">Collection<\/span><\/div>\n<\/div><\/div><\/div>[\/vc_column][\/vc_row][vc_row][vc_column]<div class=\"cz_gap clr \" style=\"height: 50px\"><\/div>[\/vc_column][\/vc_row][vc_row full_width=\u00a0\u00bbstretch_row_content\u00a0\u00bb][vc_column width=\u00a0\u00bb1\/2&Prime;]<a class=\"cz_content_box_link\" href=\"https:\/\/geantdameublement.com\/?page_id=766\" title=\"Cuisines Design\"><div class=\"cz_eqh cz_content_box_parent_fx  \"><div class=\"fx_zoom_0_hover\"><div id=\"cz_77143\" class=\"cz_77143 cz_content_box clr wpb_animate_when_almost_visible fadeInUp\"><div class=\"cz_box_front clr\"><div class=\"cz_box_front_inner clr \"><span><\/span><div><div class=\"cz_gap clr \" style=\"height: 380px\"><\/div><\/div><\/div><\/div><\/div><\/div><\/div><\/a><div id=\"cz_66220\" class=\"cz_66220 cz_title clr cz_title_pos_inline tac wpb_animate_when_almost_visible fadeInUp\"><div class=\"cz_title_content\"><div class=\"cz_wpe_content\"><div style=\"text-align: center; line-height: 1;\"><span style=\"font-size: 54px; font-weight: 300;\">MODERNE<\/span><br \/>\n<span style=\"font-size: 24px; color: #666666;\">Collection<\/span><\/div>\n<\/div><\/div><\/div><div class=\"cz_gap show_on_mobile clr\" style=\"height: 50px\"><\/div>[\/vc_column][vc_column width=\u00a0\u00bb1\/2&Prime;]<a class=\"cz_content_box_link\" href=\"https:\/\/geantdameublement.com\/?page_id=1909\" title=\"Cuisines Design\"><div class=\"cz_eqh cz_content_box_parent_fx  \"><div class=\"fx_zoom_0_hover\"><div id=\"cz_18415\" class=\"cz_18415 cz_content_box clr wpb_animate_when_almost_visible fadeInUp\"><div class=\"cz_box_front clr\"><div class=\"cz_box_front_inner clr \"><span><\/span><div><div class=\"cz_gap clr \" style=\"height: 380px\"><\/div><\/div><\/div><\/div><\/div><\/div><\/div><\/a><div id=\"cz_109218\" class=\"cz_109218 cz_title clr cz_title_pos_inline tac wpb_animate_when_almost_visible fadeInUp\"><div class=\"cz_title_content\"><div class=\"cz_wpe_content\"><div style=\"text-align: center; line-height: 1;\"><span style=\"font-size: 54px; font-weight: 300;\">CONTEMPORAINE<\/span><br \/>\n<span style=\"font-size: 24px; color: #666666;\">Collection<\/span><\/div>\n<\/div><\/div><\/div>[\/vc_column][\/vc_row][vc_row][vc_column]<div class=\"cz_gap clr \" style=\"height: 50px\"><\/div>[\/vc_column][\/vc_row][vc_row full_width=\u00a0\u00bbstretch_row_content\u00a0\u00bb][vc_column width=\u00a0\u00bb1\/2&Prime;]<a class=\"cz_content_box_link\" href=\"https:\/\/geantdameublement.com\/?page_id=1135\" title=\"Cuisines Design\"><div class=\"cz_eqh cz_content_box_parent_fx  \"><div class=\"fx_zoom_0_hover\"><div id=\"cz_55057\" class=\"cz_55057 cz_content_box clr wpb_animate_when_almost_visible fadeInUp\"><div class=\"cz_box_front clr\"><div class=\"cz_box_front_inner clr \"><span><\/span><div><div class=\"cz_gap clr \" style=\"height: 380px\"><\/div><\/div><\/div><\/div><\/div><\/div><\/div><\/a><div id=\"cz_31088\" class=\"cz_31088 cz_title clr cz_title_pos_inline tac wpb_animate_when_almost_visible fadeInUp\"><div class=\"cz_title_content\"><div class=\"cz_wpe_content\"><div style=\"text-align: center; line-height: 1;\"><span style=\"font-size: 54px; font-weight: 300;\">ELITE<\/span><br \/>\n<span style=\"font-size: 24px; color: #666666;\">Collection<\/span><\/div>\n<\/div><\/div><\/div><div class=\"cz_gap show_on_mobile clr\" style=\"height: 50px\"><\/div>[\/vc_column][vc_column width=\u00a0\u00bb1\/2&Prime;]<a class=\"cz_content_box_link\" href=\"https:\/\/geantdameublement.com\/?page_id=1231\" title=\"Cuisines Design\"><div class=\"cz_eqh cz_content_box_parent_fx  \"><div class=\"fx_zoom_0_hover\"><div id=\"cz_76196\" class=\"cz_76196 cz_content_box clr wpb_animate_when_almost_visible fadeInUp\"><div class=\"cz_box_front clr\"><div class=\"cz_box_front_inner clr \"><span><\/span><div><div class=\"cz_gap clr \" style=\"height: 380px\"><\/div><\/div><\/div><\/div><\/div><\/div><\/div><\/a><div id=\"cz_22065\" class=\"cz_22065 cz_title clr cz_title_pos_inline tac wpb_animate_when_almost_visible fadeInUp\"><div class=\"cz_title_content\"><div class=\"cz_wpe_content\"><div style=\"text-align: center; line-height: 1;\"><span style=\"font-size: 54px; font-weight: 300;\">CLASSIQUE<\/span><br \/>\n<span style=\"font-size: 24px; color: #666666;\">Collection<\/span><\/div>\n<\/div><\/div><\/div>[\/vc_column][\/vc_row]<\/p>\n<\/div>","protected":false},"excerpt":{"rendered":"<p>[vc_row full_width=\u00a0\u00bbstretch_row_content_no_spaces\u00a0\u00bb][vc_column][\/vc_column][\/vc_row][vc_row][vc_column width=\u00a0\u00bb1\/4&Prime;][\/vc_column][vc_column width=\u00a0\u00bb1\/2&Prime;][\/vc_column][vc_column width=\u00a0\u00bb1\/4&Prime;][\/vc_column][\/vc_row][vc_row][vc_column][\/vc_column][\/vc_row][vc_row full_width=\u00a0\u00bbstretch_row_content\u00a0\u00bb][vc_column width=\u00a0\u00bb1\/2&Prime;][\/vc_column][vc_column width=\u00a0\u00bb1\/2&Prime;][\/vc_column][\/vc_row][vc_row][vc_column][\/vc_column][\/vc_row][vc_row full_width=\u00a0\u00bbstretch_row_content\u00a0\u00bb][vc_column width=\u00a0\u00bb1\/2&Prime;][\/vc_column][vc_column width=\u00a0\u00bb1\/2&Prime;][\/vc_column][\/vc_row][vc_row][vc_column][\/vc_column][\/vc_row][vc_row &#8230; <\/p>\n","protected":false},"author":1,"featured_media":0,"parent":0,"menu_order":0,"comment_status":"closed","ping_status":"closed","template":"","meta":{"footnotes":""},"class_list":["post-95","page","type-page","status-publish","hentry"],"_links":{"self":[{"href":"https:\/\/geantdameublement.com\/index.php?rest_route=\/wp\/v2\/pages\/95","targetHints":{"allow":["GET"]}}],"collection":[{"href":"https:\/\/geantdameublement.com\/index.php?rest_route=\/wp\/v2\/pages"}],"about":[{"href":"https:\/\/geantdameublement.com\/index.php?rest_route=\/wp\/v2\/types\/page"}],"author":[{"embeddable":true,"href":"https:\/\/geantdameublement.com\/index.php?rest_route=\/wp\/v2\/users\/1"}],"replies":[{"embeddable":true,"href":"https:\/\/geantdameublement.com\/index.php?rest_route=%2Fwp%2Fv2%2Fcomments&post=95"}],"version-history":[{"count":0,"href":"https:\/\/geantdameublement.com\/index.php?rest_route=\/wp\/v2\/pages\/95\/revisions"}],"wp:attachment":[{"href":"https:\/\/geantdameublement.com\/index.php?rest_route=%2Fwp%2Fv2%2Fmedia&parent=95"}],"curies":[{"name":"wp","href":"https:\/\/api.w.org\/{rel}","templated":true}]}}